{"id":22595,"date":"2021-02-02T10:00:28","date_gmt":"2021-02-02T08:00:28","guid":{"rendered":"https:\/\/aslimnica.lv\/pakalpojumi\/barokamera\/"},"modified":"2024-08-28T08:04:17","modified_gmt":"2024-08-28T06:04:17","slug":"barokamera","status":"publish","type":"page","link":"https:\/\/aslimnica.lv\/en\/pakalpojumi\/barokamera\/","title":{"rendered":"Hyperbaric oxygen therapy"},"content":{"rendered":"<div class=\"wpb-content-wrapper\"><p>[vc_row][vc_column][vc_column_text]Hyperbaric oxygenation is a certified method of treatment, prevention and rehabilitation widely used in the world. During the procedure, the patient inhales 5 times more oxygen under increased pressure. The main indications for use are carbon monoxide poisoning, exhaust fumes, chronic non-healing ulcers, especially in diabetes, gas gangrene, tissue compression syndrome, necrotic soft tissue infections, circulatory disorders of the extremities.<\/p>\n<p>Oxygen barotherapy reduces medication, increases muscle tone, improves the function of all organ systems and stabilizes the patient&#8217;s psycho-emotional state. The procedure treats many diseases associated with acute and chronic hypoxia.<\/p>\n<p><strong>The most common of them are related to:<\/strong><\/p>\n<ul>\n<li>cardiovascular, nervous, digestive, endocrinological diseases;<\/li>\n<li>after plastic surgery, joint, bone trauma (osteomyelitis, necrotic soft tissue infections,);<\/li>\n<li>eye diseases (with the recommendation of an ophthalmologist);<\/li>\n<li>liver disease, including cirrhosis of the liver, the consequences of alcohol consumption;<\/li>\n<li>diabetes mellitus and its complications (chronic incurable ulcers, visual, renal disorders);<\/li>\n<li>poisoning, acute and chronic carbon monoxide poisoning (CO);<\/li>\n<li>obesity (overweight), circulatory disorders of the extremities, compression syndrome, radiation tissue damage (after radiation therapy), burns, frostbite.<\/li>\n<\/ul>\n<p>The clinic of toxicology and sepsis has two baroque chambers, the procedure is performed by a certified anesthesiologist resuscitator, barotherapy specialist dr. Viktors Saxons and certified anesthesia, intensive care and emergency care nurse Maija Kanc\u0101ne. More than 1000 procedures are performed every year.[\/vc_column_text][\/vc_column][\/vc_row][vc_row][vc_column width=&#8221;1\/2&#8243;][vc_column_text]<\/p>\n<p style=\"text-align: center;\"><em><strong><img loading=\"lazy\" decoding=\"async\" class=\"alignnone size-medium wp-image-7985 aligncenter\" src=\"https:\/\/aslimnica.lv\/wp-content\/uploads\/2021\/02\/Viktors-Saksons-200x300.jpg\" alt=\"\" width=\"200\" height=\"300\" \/><br \/>\nDr. Viktors Saksons<\/strong><\/em><\/p>\n<p>[\/vc_column_text][\/vc_column][vc_column width=&#8221;1\/2&#8243;][vc_column_text]<em><strong><img loading=\"lazy\" decoding=\"async\" class=\"size-medium wp-image-7989 aligncenter\" src=\"https:\/\/aslimnica.lv\/wp-content\/uploads\/2021\/02\/kancane-189x300.jpg\" alt=\"\" width=\"189\" height=\"300\" srcset=\"https:\/\/aslimnica.lv\/wp-content\/uploads\/2021\/02\/kancane-189x300.jpg 189w, https:\/\/aslimnica.lv\/wp-content\/uploads\/2021\/02\/kancane-644x1024.jpg 644w, https:\/\/aslimnica.lv\/wp-content\/uploads\/2021\/02\/kancane-768x1221.jpg 768w, https:\/\/aslimnica.lv\/wp-content\/uploads\/2021\/02\/kancane-966x1536.jpg 966w, https:\/\/aslimnica.lv\/wp-content\/uploads\/2021\/02\/kancane-195x310.jpg 195w, https:\/\/aslimnica.lv\/wp-content\/uploads\/2021\/02\/kancane-245x390.jpg 245w, https:\/\/aslimnica.lv\/wp-content\/uploads\/2021\/02\/kancane-700x1113.jpg 700w, https:\/\/aslimnica.lv\/wp-content\/uploads\/2021\/02\/kancane-220x350.jpg 220w, https:\/\/aslimnica.lv\/wp-content\/uploads\/2021\/02\/kancane.jpg 1006w\" sizes=\"auto, (max-width: 189px) 100vw, 189px\" \/><\/strong><\/em><\/p>\n<p style=\"text-align: center;\"><em><strong>Maija Kanc\u0101ne<\/strong><\/em><\/p>\n<p>[\/vc_column_text][\/vc_column][\/vc_row][vc_row][vc_column][vc_column_text css=&#8221;&#8221;]<\/p>\n<div class=\"content\">\n<div class=\"field field-name-body field-type-text-with-summary field-label-hidden\">\n<div class=\"field-items\">\n<div class=\"field-item even\">\n<p><strong>The procedure must not be performed if:<\/strong><\/p>\n<ul>\n<li>epilepsy, claustrophobia (fear of a confined space);<\/li>\n<li>fever (body temperature higher than 38 degrees);<\/li>\n<li>severe agitation, respiratory burn or barotrauma.<\/li>\n<\/ul>\n<p><strong>The main conditions for performing the baroque chamber procedure:<\/strong><\/p>\n<ul>\n<li>stable hemodynamics (blood circulation);<\/li>\n<li>stable breathing;<\/li>\n<li>arterial blood pressure \u2264180 mm \/ Hg.<\/li>\n<li>do not use externally greasy materials and oil for 12 hours before the HBO session.<\/li>\n<\/ul>\n<p>The procedures are available in outpatients with and without a doctor&#8217;s appointment, also as a paid service. The average duration of the session is 60 minutes, the course includes 5-12 procedures. Before the first session, each patient is consulted by a doctor, who determines the number and duration of the procedure sessions based on the course of the diagnosis and pathology.<\/p>\n<p>The baroque chamber is located in the premises of the inpatient \u201cGai\u013cezers\u201d Toxicology and Sepsis Clinic on the 2nd floor, room. No. 30. If necessary, patients are welcomed in the registration room of the polyclinic.<\/p>\n<p><strong><img loading=\"lazy\" decoding=\"async\" class=\"alignnone wp-image-7987 \" src=\"https:\/\/aslimnica.lv\/wp-content\/uploads\/2021\/02\/1-Barokamera.jpg\" alt=\"\" width=\"784\" height=\"588\" srcset=\"https:\/\/aslimnica.lv\/wp-content\/uploads\/2021\/02\/1-Barokamera.jpg 1600w, https:\/\/aslimnica.lv\/wp-content\/uploads\/2021\/02\/1-Barokamera-300x225.jpg 300w, https:\/\/aslimnica.lv\/wp-content\/uploads\/2021\/02\/1-Barokamera-1024x768.jpg 1024w, https:\/\/aslimnica.lv\/wp-content\/uploads\/2021\/02\/1-Barokamera-768x576.jpg 768w, https:\/\/aslimnica.lv\/wp-content\/uploads\/2021\/02\/1-Barokamera-1536x1152.jpg 1536w, https:\/\/aslimnica.lv\/wp-content\/uploads\/2021\/02\/1-Barokamera-1400x1050.jpg 1400w, https:\/\/aslimnica.lv\/wp-content\/uploads\/2021\/02\/1-Barokamera-413x310.jpg 413w, https:\/\/aslimnica.lv\/wp-content\/uploads\/2021\/02\/1-Barokamera-310x233.jpg 310w, https:\/\/aslimnica.lv\/wp-content\/uploads\/2021\/02\/1-Barokamera-700x525.jpg 700w, https:\/\/aslimnica.lv\/wp-content\/uploads\/2021\/02\/1-Barokamera-467x350.jpg 467w\" sizes=\"auto, (max-width: 784px) 100vw, 784px\" \/><\/strong><\/p>\n<p>Fee for one session 50.00 eur.<\/p>\n<h3>HBO consultation and application procedure: tel. 67042908<\/h3>\n<p>You can use an insurance policy to pay for the services<\/p>\n<p>Riga East Clinical University Hospital cooperates with the following insurance companies:<\/p>\n<ul>\n<li>Balta AAS<\/li>\n<li>Baltijas Apdro\u0161in\u0101\u0161anas Nams AAS<\/li>\n<li>Baltikums Vienna Insurance Group AAS<\/li>\n<li>BTA Baltic Insurance Company AAS<\/li>\n<li>Compensa Life Vienna Insurance Group SE Latvijas fili\u0101le<\/li>\n<li>ERGO Life Insurance SE Latvijas fili\u0101le<\/li>\n<li>ADB Gjensidige Latvijas fili\u0101le<\/li>\n<li>IF P&amp;C Insurance AS Latvijas fili\u0101le<\/li>\n<li>Seesam Insurance AS Latvijas fili\u0101le<\/li>\n<\/ul>\n<p>Outpatient paid services are paid for by insurance companies on the basis of the price list of paid services and the terms of mutually concluded agreements. You can get additional information about the payment for medical services from your insurance institution.<\/p>\n<\/div>\n<\/div>\n<\/div>\n<\/div>\n<p>[\/vc_column_text][\/vc_column][\/vc_row][vc_row][vc_column width=&#8221;1\/3&#8243;]\n<div class=\"as-cta-button born-mt-none born-mb-none\">\n    <a href=\"https:\/\/aslimnica.lv\/en\/e-pieraksts\/\" target=\"\" rel=\"\">\n        <span class=\"heading\">\n            <span>E-Appointment<\/span>\n        <\/span>\n    <\/a>\n<\/div>\n[\/vc_column][vc_column width=&#8221;1\/3&#8243;][\/vc_column][vc_column width=&#8221;1\/3&#8243;][\/vc_column][\/vc_row]<\/p>\n<\/div>","protected":false},"excerpt":{"rendered":"<p>[vc_row][vc_column][vc_column_text]Hyperbaric oxygenation is a certified method of treatment, prevention and rehabilitation widely used in the world. During the procedure, the patient inhales 5 times more oxygen under increased pressure. The main indications for use are carbon monoxide poisoning, exhaust fumes, chronic non-healing ulcers, especially in diabetes, gas gangrene, tissue compression syndrome, necrotic soft tissue infections,<\/p>\n","protected":false},"author":49,"featured_media":0,"parent":22381,"menu_order":0,"comment_status":"closed","ping_status":"closed","template":"","meta":{"_acf_changed":false,"inline_featured_image":false,"footnotes":""},"class_list":["post-22595","page","type-page","status-publish","hentry"],"acf":[],"yoast_head":"<!-- This site is optimized with the Yoast SEO plugin v27.1.1 - https:\/\/yoast.com\/product\/yoast-seo-wordpress\/ -->\n<title>Hyperbaric oxygen therapy - aSlimn\u012bca<\/title>\n<meta name=\"robots\" content=\"index, follow, max-snippet:-1, max-image-preview:large, max-video-preview:-1\" \/>\n<link rel=\"canonical\" href=\"https:\/\/aslimnica.lv\/en\/pakalpojumi\/barokamera\/\" \/>\n<meta property=\"og:locale\" content=\"en_US\" \/>\n<meta property=\"og:type\" content=\"article\" \/>\n<meta property=\"og:title\" content=\"Hyperbaric oxygen therapy - aSlimn\u012bca\" \/>\n<meta property=\"og:description\" content=\"[vc_row][vc_column][vc_column_text]Hyperbaric oxygenation is a certified method of treatment, prevention and rehabilitation widely used in the world. During the procedure, the patient inhales 5 times more oxygen under increased pressure. The main indications for use are carbon monoxide poisoning, exhaust fumes, chronic non-healing ulcers, especially in diabetes, gas gangrene, tissue compression syndrome, necrotic soft tissue infections,\" \/>\n<meta property=\"og:url\" content=\"https:\/\/aslimnica.lv\/en\/pakalpojumi\/barokamera\/\" \/>\n<meta property=\"og:site_name\" content=\"aSlimn\u012bca\" \/>\n<meta property=\"article:modified_time\" content=\"2024-08-28T06:04:17+00:00\" \/>\n<meta property=\"og:image\" content=\"https:\/\/aslimnica.lv\/wp-content\/uploads\/2021\/02\/Viktors-Saksons-200x300.jpg\" \/>\n<meta name=\"twitter:card\" content=\"summary_large_image\" \/>\n<meta name=\"twitter:label1\" content=\"Est. reading time\" \/>\n\t<meta name=\"twitter:data1\" content=\"4 minutes\" \/>\n<script type=\"application\/ld+json\" class=\"yoast-schema-graph\">{\"@context\":\"https:\/\/schema.org\",\"@graph\":[{\"@type\":\"WebPage\",\"@id\":\"https:\/\/aslimnica.lv\/en\/pakalpojumi\/barokamera\/\",\"url\":\"https:\/\/aslimnica.lv\/en\/pakalpojumi\/barokamera\/\",\"name\":\"Hyperbaric oxygen therapy - aSlimn\u012bca\",\"isPartOf\":{\"@id\":\"https:\/\/aslimnica.lv\/en\/#website\"},\"primaryImageOfPage\":{\"@id\":\"https:\/\/aslimnica.lv\/en\/pakalpojumi\/barokamera\/#primaryimage\"},\"image\":{\"@id\":\"https:\/\/aslimnica.lv\/en\/pakalpojumi\/barokamera\/#primaryimage\"},\"thumbnailUrl\":\"https:\/\/aslimnica.lv\/wp-content\/uploads\/2021\/02\/Viktors-Saksons-200x300.jpg\",\"datePublished\":\"2021-02-02T08:00:28+00:00\",\"dateModified\":\"2024-08-28T06:04:17+00:00\",\"breadcrumb\":{\"@id\":\"https:\/\/aslimnica.lv\/en\/pakalpojumi\/barokamera\/#breadcrumb\"},\"inLanguage\":\"en-US\",\"potentialAction\":[{\"@type\":\"ReadAction\",\"target\":[\"https:\/\/aslimnica.lv\/en\/pakalpojumi\/barokamera\/\"]}]},{\"@type\":\"ImageObject\",\"inLanguage\":\"en-US\",\"@id\":\"https:\/\/aslimnica.lv\/en\/pakalpojumi\/barokamera\/#primaryimage\",\"url\":\"https:\/\/aslimnica.lv\/wp-content\/uploads\/2021\/02\/Viktors-Saksons-200x300.jpg\",\"contentUrl\":\"https:\/\/aslimnica.lv\/wp-content\/uploads\/2021\/02\/Viktors-Saksons-200x300.jpg\"},{\"@type\":\"BreadcrumbList\",\"@id\":\"https:\/\/aslimnica.lv\/en\/pakalpojumi\/barokamera\/#breadcrumb\",\"itemListElement\":[{\"@type\":\"ListItem\",\"position\":1,\"name\":\"Home\",\"item\":\"https:\/\/aslimnica.lv\/en\/\"},{\"@type\":\"ListItem\",\"position\":2,\"name\":\"Services\",\"item\":\"https:\/\/aslimnica.lv\/en\/pakalpojumi\/\"},{\"@type\":\"ListItem\",\"position\":3,\"name\":\"Hyperbaric oxygen therapy\"}]},{\"@type\":\"WebSite\",\"@id\":\"https:\/\/aslimnica.lv\/en\/#website\",\"url\":\"https:\/\/aslimnica.lv\/en\/\",\"name\":\"aSlimn\u012bca\",\"description\":\"R\u012bgas Austrumu k\u012bnisk\u0101 universit\u0101tes slimn\u012bca\",\"potentialAction\":[{\"@type\":\"SearchAction\",\"target\":{\"@type\":\"EntryPoint\",\"urlTemplate\":\"https:\/\/aslimnica.lv\/en\/?s={search_term_string}\"},\"query-input\":{\"@type\":\"PropertyValueSpecification\",\"valueRequired\":true,\"valueName\":\"search_term_string\"}}],\"inLanguage\":\"en-US\"}]}<\/script>\n<!-- \/ Yoast SEO plugin. -->","yoast_head_json":{"title":"Hyperbaric oxygen therapy - aSlimn\u012bca","robots":{"index":"index","follow":"follow","max-snippet":"max-snippet:-1","max-image-preview":"max-image-preview:large","max-video-preview":"max-video-preview:-1"},"canonical":"https:\/\/aslimnica.lv\/en\/pakalpojumi\/barokamera\/","og_locale":"en_US","og_type":"article","og_title":"Hyperbaric oxygen therapy - aSlimn\u012bca","og_description":"[vc_row][vc_column][vc_column_text]Hyperbaric oxygenation is a certified method of treatment, prevention and rehabilitation widely used in the world. During the procedure, the patient inhales 5 times more oxygen under increased pressure. The main indications for use are carbon monoxide poisoning, exhaust fumes, chronic non-healing ulcers, especially in diabetes, gas gangrene, tissue compression syndrome, necrotic soft tissue infections,","og_url":"https:\/\/aslimnica.lv\/en\/pakalpojumi\/barokamera\/","og_site_name":"aSlimn\u012bca","article_modified_time":"2024-08-28T06:04:17+00:00","og_image":[{"url":"https:\/\/aslimnica.lv\/wp-content\/uploads\/2021\/02\/Viktors-Saksons-200x300.jpg","type":"","width":"","height":""}],"twitter_card":"summary_large_image","twitter_misc":{"Est. reading time":"4 minutes"},"schema":{"@context":"https:\/\/schema.org","@graph":[{"@type":"WebPage","@id":"https:\/\/aslimnica.lv\/en\/pakalpojumi\/barokamera\/","url":"https:\/\/aslimnica.lv\/en\/pakalpojumi\/barokamera\/","name":"Hyperbaric oxygen therapy - aSlimn\u012bca","isPartOf":{"@id":"https:\/\/aslimnica.lv\/en\/#website"},"primaryImageOfPage":{"@id":"https:\/\/aslimnica.lv\/en\/pakalpojumi\/barokamera\/#primaryimage"},"image":{"@id":"https:\/\/aslimnica.lv\/en\/pakalpojumi\/barokamera\/#primaryimage"},"thumbnailUrl":"https:\/\/aslimnica.lv\/wp-content\/uploads\/2021\/02\/Viktors-Saksons-200x300.jpg","datePublished":"2021-02-02T08:00:28+00:00","dateModified":"2024-08-28T06:04:17+00:00","breadcrumb":{"@id":"https:\/\/aslimnica.lv\/en\/pakalpojumi\/barokamera\/#breadcrumb"},"inLanguage":"en-US","potentialAction":[{"@type":"ReadAction","target":["https:\/\/aslimnica.lv\/en\/pakalpojumi\/barokamera\/"]}]},{"@type":"ImageObject","inLanguage":"en-US","@id":"https:\/\/aslimnica.lv\/en\/pakalpojumi\/barokamera\/#primaryimage","url":"https:\/\/aslimnica.lv\/wp-content\/uploads\/2021\/02\/Viktors-Saksons-200x300.jpg","contentUrl":"https:\/\/aslimnica.lv\/wp-content\/uploads\/2021\/02\/Viktors-Saksons-200x300.jpg"},{"@type":"BreadcrumbList","@id":"https:\/\/aslimnica.lv\/en\/pakalpojumi\/barokamera\/#breadcrumb","itemListElement":[{"@type":"ListItem","position":1,"name":"Home","item":"https:\/\/aslimnica.lv\/en\/"},{"@type":"ListItem","position":2,"name":"Services","item":"https:\/\/aslimnica.lv\/en\/pakalpojumi\/"},{"@type":"ListItem","position":3,"name":"Hyperbaric oxygen therapy"}]},{"@type":"WebSite","@id":"https:\/\/aslimnica.lv\/en\/#website","url":"https:\/\/aslimnica.lv\/en\/","name":"aSlimn\u012bca","description":"R\u012bgas Austrumu k\u012bnisk\u0101 universit\u0101tes slimn\u012bca","potentialAction":[{"@type":"SearchAction","target":{"@type":"EntryPoint","urlTemplate":"https:\/\/aslimnica.lv\/en\/?s={search_term_string}"},"query-input":{"@type":"PropertyValueSpecification","valueRequired":true,"valueName":"search_term_string"}}],"inLanguage":"en-US"}]}},"_links":{"self":[{"href":"https:\/\/aslimnica.lv\/en\/wp-json\/wp\/v2\/pages\/22595","targetHints":{"allow":["GET"]}}],"collection":[{"href":"https:\/\/aslimnica.lv\/en\/wp-json\/wp\/v2\/pages"}],"about":[{"href":"https:\/\/aslimnica.lv\/en\/wp-json\/wp\/v2\/types\/page"}],"author":[{"embeddable":true,"href":"https:\/\/aslimnica.lv\/en\/wp-json\/wp\/v2\/users\/49"}],"replies":[{"embeddable":true,"href":"https:\/\/aslimnica.lv\/en\/wp-json\/wp\/v2\/comments?post=22595"}],"version-history":[{"count":6,"href":"https:\/\/aslimnica.lv\/en\/wp-json\/wp\/v2\/pages\/22595\/revisions"}],"predecessor-version":[{"id":64466,"href":"https:\/\/aslimnica.lv\/en\/wp-json\/wp\/v2\/pages\/22595\/revisions\/64466"}],"up":[{"embeddable":true,"href":"https:\/\/aslimnica.lv\/en\/wp-json\/wp\/v2\/pages\/22381"}],"wp:attachment":[{"href":"https:\/\/aslimnica.lv\/en\/wp-json\/wp\/v2\/media?parent=22595"}],"curies":[{"name":"wp","href":"https:\/\/api.w.org\/{rel}","templated":true}]}}