{"id":22585,"date":"2021-02-03T13:04:30","date_gmt":"2021-02-03T11:04:30","guid":{"rendered":"https:\/\/aslimnica.lv\/pakalpojumi\/diagnostika\/"},"modified":"2021-07-01T14:57:51","modified_gmt":"2021-07-01T12:57:51","slug":"diagnostika","status":"publish","type":"page","link":"https:\/\/aslimnica.lv\/en\/pakalpojumi\/diagnostika\/","title":{"rendered":"Diagnostics"},"content":{"rendered":"<div class=\"wpb-content-wrapper\"><p>[vc_row][vc_column width=&#8221;1\/2&#8243;][vc_column_text]<\/p>\n<h2>Available examinations<\/h2>\n<p><strong>Ultrasonography:<\/strong><\/p>\n<ul>\n<li>Abdominal ultrasonography;<\/li>\n<li>Ultrasound of the thyroid gland and epithelial cells;<\/li>\n<li>Musculoskeletal ultrasonography;<\/li>\n<li>Soft tissue ultrasonography;<\/li>\n<li>Pleural space ultrasonography;<\/li>\n<li>Gynecological and obstetric ultrasonography;<\/li>\n<li>Transrectal prostate ultrasonography;<\/li>\n<li>Testicular ultrasonography;<\/li>\n<li>Anal three-dimensional ultrasonography;<\/li>\n<li>Vascular ultrasonography &#8211; abdominal aorta, leg vein duplex, ultrasonography.<\/li>\n<li>Invasive ultrasonography:<\/li>\n<\/ul>\n<p>Punctures of the thyroid gland, superficially localized structures, prostate gland and abdominal organs with subsequent cytological and histological morphological examination of the obtained material.<\/p>\n<p><strong>Computed tomography:<\/strong><\/p>\n<ul>\n<li>Computed tomography of the head;<\/li>\n<li>Computed tomography of the vertebrae;<\/li>\n<li>Computed tomography of the bone joint system;<\/li>\n<li>Computed tomography of the soft tissues of the neck;<\/li>\n<li>Lung and mediastinal computed tomography;<\/li>\n<li>Laryngeal computed tomography;<\/li>\n<li>Abdominal and pelvic computed tomography;<\/li>\n<li>Computed tomography angiography &#8211; thoracic and abdominal aorta, pelvic and leg arteries, pulmonary arteries, neck and head arteries, renal arteries.<\/li>\n<\/ul>\n<p><strong>Magnetic resonance:<\/strong><\/p>\n<ul>\n<li>For brain and spinal cord, incl. functional examinations &#8211; spectroscopy, tractor, cerebrospinal fluid dynamics, etc .;<\/li>\n<li>Magnetic resonance imaging of the spine;<\/li>\n<li>Magnetic resonance of the abdomen;<\/li>\n<li>Magnetic resonance of bile ducts &#8211; cholangiopancreatography<\/li>\n<li>Small pelvic magnetic resonance &#8211; gynecological and prostate;<\/li>\n<li>Magnetic resonance imaging of joints and soft tissues;<\/li>\n<li>Magnetic resonance angiography &#8211; head arteries, venous head angiography, abdominal aorta, renal arteries.<\/li>\n<li>X-rays:Esophageal examination;<\/li>\n<li>Examination of the stomach and duodenum;<\/li>\n<li>Examination of the colon &#8211; irrigoscopy;<\/li>\n<li>Fistulography;<\/li>\n<li>Endoscopic retrograde cholangiopancreatography;<\/li>\n<li>Defecography &#8211; functional examination of the rectum;<\/li>\n<li>Hysterosalpingography.<\/li>\n<\/ul>\n<p><strong>Osteodensitometry (DXA)<\/strong><\/p>\n<p>X-rays, X-rays, computed tomography and ultrasonography require a referral from a family doctor or specialist. Magnetic resonance imaging requires a referral from a specialist.[\/vc_column_text][\/vc_column][vc_column width=&#8221;1\/2&#8243;]\n\n<div class=\"as-gallery is-masonry\">\n    <div class=\"born-container is-narrow\">\n        \n        \n        <div class=\"thumbs-list\">\n\n            \n                <a rel=\"gallery-3339\" href=\"https:\/\/aslimnica.lv\/wp-content\/uploads\/2021\/01\/MV_03137-1-1024x576.jpg\" class=\"thumb\">\n                    <img decoding=\"async\" src=\"https:\/\/aslimnica.lv\/wp-content\/uploads\/2021\/01\/MV_03137-1-700x394.jpg\" alt=\"\" title=\"\">\n                                                                                <\/a>\n\n                \n            \n                <a rel=\"gallery-3339\" href=\"https:\/\/aslimnica.lv\/wp-content\/uploads\/2021\/01\/3V1A3629-1024x678.jpg\" class=\"thumb\">\n                    <img decoding=\"async\" src=\"https:\/\/aslimnica.lv\/wp-content\/uploads\/2021\/01\/3V1A3629-700x463.jpg\" alt=\"\" title=\"\">\n                                                                                <\/a>\n\n                \n            \n                <a rel=\"gallery-3339\" href=\"https:\/\/aslimnica.lv\/wp-content\/uploads\/2021\/01\/3V1A3622-1024x678.jpg\" class=\"thumb\">\n                    <img decoding=\"async\" src=\"https:\/\/aslimnica.lv\/wp-content\/uploads\/2021\/01\/3V1A3622-700x464.jpg\" alt=\"\" title=\"\">\n                                                                                <\/a>\n\n                \n            \n                <a rel=\"gallery-3339\" href=\"https:\/\/aslimnica.lv\/wp-content\/uploads\/2021\/02\/DSC_4294-1024x681.jpg\" class=\"thumb\">\n                    <img decoding=\"async\" src=\"https:\/\/aslimnica.lv\/wp-content\/uploads\/2021\/02\/DSC_4294-700x466.jpg\" alt=\"\" title=\"\">\n                                                                                <\/a>\n\n                \n        <\/div>\n\n        \n    <\/div>\n<\/div>\n\n\n\n<div class=\"as-gallery is-masonry\">\n    <div class=\"born-container is-narrow\">\n        \n        \n        <div class=\"thumbs-list\">\n\n            \n                <a rel=\"gallery-6035\" href=\"https:\/\/aslimnica.lv\/wp-content\/uploads\/2021\/02\/3V1A3607-1024x668.jpg\" class=\"thumb\">\n                    <img decoding=\"async\" src=\"https:\/\/aslimnica.lv\/wp-content\/uploads\/2021\/02\/3V1A3607-700x456.jpg\" alt=\"\" title=\"\">\n                                                                                <\/a>\n\n                \n            \n                <a rel=\"gallery-6035\" href=\"https:\/\/aslimnica.lv\/wp-content\/uploads\/2021\/02\/DSC_4285-1024x681.jpg\" class=\"thumb\">\n                    <img decoding=\"async\" src=\"https:\/\/aslimnica.lv\/wp-content\/uploads\/2021\/02\/DSC_4285-700x466.jpg\" alt=\"\" title=\"\">\n                                                                                <\/a>\n\n                \n            \n                <a rel=\"gallery-6035\" href=\"https:\/\/aslimnica.lv\/wp-content\/uploads\/2021\/02\/DSC_4299-1024x681.jpg\" class=\"thumb\">\n                    <img decoding=\"async\" src=\"https:\/\/aslimnica.lv\/wp-content\/uploads\/2021\/02\/DSC_4299-700x466.jpg\" alt=\"\" title=\"\">\n                                                                                <\/a>\n\n                \n            \n                <a rel=\"gallery-6035\" href=\"https:\/\/aslimnica.lv\/wp-content\/uploads\/2021\/02\/DSC_4356-1024x681.jpg\" class=\"thumb\">\n                    <img decoding=\"async\" src=\"https:\/\/aslimnica.lv\/wp-content\/uploads\/2021\/02\/DSC_4356-700x466.jpg\" alt=\"\" title=\"\">\n                                                                                <\/a>\n\n                \n        <\/div>\n\n        \n    <\/div>\n<\/div>\n\n\n\n<div class=\"as-gallery is-masonry\">\n    <div class=\"born-container is-narrow\">\n        \n        \n        <div class=\"thumbs-list\">\n\n            \n                <a rel=\"gallery-418\" href=\"https:\/\/aslimnica.lv\/wp-content\/uploads\/2021\/02\/DSC_5035-1024x681.jpg\" class=\"thumb\">\n                    <img decoding=\"async\" src=\"https:\/\/aslimnica.lv\/wp-content\/uploads\/2021\/02\/DSC_5035-700x466.jpg\" alt=\"????????????????????????????????????\" title=\"????????????????????????????????????\">\n                                                                                <\/a>\n\n                \n            \n                <a rel=\"gallery-418\" href=\"https:\/\/aslimnica.lv\/wp-content\/uploads\/2021\/02\/DSC_4309-1024x681.jpg\" class=\"thumb\">\n                    <img decoding=\"async\" src=\"https:\/\/aslimnica.lv\/wp-content\/uploads\/2021\/02\/DSC_4309-700x466.jpg\" alt=\"\" title=\"\">\n                                                                                <\/a>\n\n                \n            \n                <a rel=\"gallery-418\" href=\"https:\/\/aslimnica.lv\/wp-content\/uploads\/2021\/02\/DSC_5030-1024x681.jpg\" class=\"thumb\">\n                    <img decoding=\"async\" src=\"https:\/\/aslimnica.lv\/wp-content\/uploads\/2021\/02\/DSC_5030-700x466.jpg\" alt=\"\" title=\"\">\n                                                                                <\/a>\n\n                \n            \n                <a rel=\"gallery-418\" href=\"https:\/\/aslimnica.lv\/wp-content\/uploads\/2021\/02\/DSC_4314-1024x681.jpg\" class=\"thumb\">\n                    <img decoding=\"async\" src=\"https:\/\/aslimnica.lv\/wp-content\/uploads\/2021\/02\/DSC_4314-700x466.jpg\" alt=\"\" title=\"\">\n                                             <span class=\"more-overlay\">+4<\/span>                                    <\/a>\n\n                \n        <\/div>\n\n        \n        <div class=\"thumb-list-hidden\">\n\n            \n                \n                \n                \n                \n                \n                <a rel=\"gallery-418\" href=\"https:\/\/aslimnica.lv\/wp-content\/uploads\/2021\/02\/DSC_4391-1024x681.jpg\" class=\"thumb\">\n                    <img decoding=\"async\" src=\"https:\/\/aslimnica.lv\/wp-content\/uploads\/2021\/02\/DSC_4391-700x466.jpg\" alt=\"\" title=\"\">\n                                                                                <\/a>\n\n            \n                \n                <a rel=\"gallery-418\" href=\"https:\/\/aslimnica.lv\/wp-content\/uploads\/2021\/02\/DSC_4388-1024x681.jpg\" class=\"thumb\">\n                    <img decoding=\"async\" src=\"https:\/\/aslimnica.lv\/wp-content\/uploads\/2021\/02\/DSC_4388-700x466.jpg\" alt=\"\" title=\"\">\n                                                                                <\/a>\n\n            \n                \n                <a rel=\"gallery-418\" href=\"https:\/\/aslimnica.lv\/wp-content\/uploads\/2021\/02\/DSC_4385-1024x681.jpg\" class=\"thumb\">\n                    <img decoding=\"async\" src=\"https:\/\/aslimnica.lv\/wp-content\/uploads\/2021\/02\/DSC_4385-700x466.jpg\" alt=\"\" title=\"\">\n                                                                                <\/a>\n\n            \n                \n                <a rel=\"gallery-418\" href=\"https:\/\/aslimnica.lv\/wp-content\/uploads\/2021\/02\/DSC_4383-1024x681.jpg\" class=\"thumb\">\n                    <img decoding=\"async\" src=\"https:\/\/aslimnica.lv\/wp-content\/uploads\/2021\/02\/DSC_4383-700x466.jpg\" alt=\"????????????????????????????????????\" title=\"????????????????????????????????????\">\n                                                                                <\/a>\n\n            \n                \n                <a rel=\"gallery-418\" href=\"https:\/\/aslimnica.lv\/wp-content\/uploads\/2021\/02\/DSC_4311-1024x681.jpg\" class=\"thumb\">\n                    <img decoding=\"async\" src=\"https:\/\/aslimnica.lv\/wp-content\/uploads\/2021\/02\/DSC_4311-700x466.jpg\" alt=\"\" title=\"\">\n                                                                                <\/a>\n\n            \n        <\/div>\n\n        \n    <\/div>\n<\/div>\n\n[vc_single_image image=&#8221;5750&#8243; img_size=&#8221;full&#8221;][\/vc_column][\/vc_row][vc_row][vc_column][vc_column_text]<\/p>\n<h2>Cardiovascular examinations<\/h2>\n<p>Electrocardiography (ECG). Echocardiographic examinations are performed in two ways &#8211; transthorocal echocardiography is performed non-invasively (EHO) and invasively, transiophageal echocardiographic manipulation (TEE) is performed by inserting the probe into the esophagus; Stress echocardiography; Holter monitoring of the heart (24, 48, or 72 hours) and 24-hour blood pressure monitoring; Bicycle ergometry (VELO);<\/p>\n<p><strong>Nervous system examinations<\/strong><\/p>\n<ul>\n<li>Neurometry, electromyography (EMG), neurography. Nerve and muscle ultrasonography is used as an additional examination method for EMG. Electroencephalography (EEG) is used to record brain potential;<br \/>\nLong-term video electroencephalography (VIDEO EEG), examination time on average four days;<br \/>\nNeurological examinations also include duplex scanning of arteries and veins in the blood vessels and extremities of the head;<br \/>\nTranscranial dopplerography with monitoring system.<\/li>\n<\/ul>\n<p><strong>Lung system examinations<\/strong><\/p>\n<ul>\n<li>Spirometry;<\/li>\n<li>Bronchial dilation test;<\/li>\n<li>Body plethysmography;<\/li>\n<li>Diffusion capacity test.<\/li>\n<\/ul>\n<p>[\/vc_column_text][\/vc_column][\/vc_row][vc_row][vc_column width=&#8221;1\/2&#8243;]\n<div class=\"as-cta-button born-mt-none born-mb-none\">\n    <a href=\"https:\/\/aslimnica.lv\/en\/e-pieraksts\/\" target=\"\" rel=\"\">\n        <span class=\"heading\">\n            <span>E-Appointment<\/span>\n        <\/span>\n    <\/a>\n<\/div>\n[\/vc_column][\/vc_row]<\/p>\n<\/div>","protected":false},"excerpt":{"rendered":"<p>[vc_row][vc_column width=&#8221;1\/2&#8243;][vc_column_text] Available examinations Ultrasonography: Abdominal ultrasonography; Ultrasound of the thyroid gland and epithelial cells; Musculoskeletal ultrasonography; Soft tissue ultrasonography; Pleural space ultrasonography; Gynecological and obstetric ultrasonography; Transrectal prostate ultrasonography; Testicular ultrasonography; Anal three-dimensional ultrasonography; Vascular ultrasonography &#8211; abdominal aorta, leg vein duplex, ultrasonography. Invasive ultrasonography: Punctures of the thyroid gland, superficially localized structures, prostate<\/p>\n","protected":false},"author":49,"featured_media":0,"parent":22381,"menu_order":0,"comment_status":"closed","ping_status":"closed","template":"","meta":{"_acf_changed":false,"inline_featured_image":false,"footnotes":""},"class_list":["post-22585","page","type-page","status-publish","hentry"],"acf":[],"yoast_head":"<!-- This site is optimized with the Yoast SEO plugin v27.1.1 - https:\/\/yoast.com\/product\/yoast-seo-wordpress\/ -->\n<title>Diagnostics - aSlimn\u012bca<\/title>\n<meta name=\"robots\" content=\"index, follow, max-snippet:-1, max-image-preview:large, max-video-preview:-1\" \/>\n<link rel=\"canonical\" href=\"https:\/\/aslimnica.lv\/en\/pakalpojumi\/diagnostika\/\" \/>\n<meta property=\"og:locale\" content=\"en_US\" \/>\n<meta property=\"og:type\" content=\"article\" \/>\n<meta property=\"og:title\" content=\"Diagnostics - aSlimn\u012bca\" \/>\n<meta property=\"og:description\" content=\"[vc_row][vc_column width=&#8221;1\/2&#8243;][vc_column_text] Available examinations Ultrasonography: Abdominal ultrasonography; Ultrasound of the thyroid gland and epithelial cells; Musculoskeletal ultrasonography; Soft tissue ultrasonography; Pleural space ultrasonography; Gynecological and obstetric ultrasonography; Transrectal prostate ultrasonography; Testicular ultrasonography; Anal three-dimensional ultrasonography; Vascular ultrasonography &#8211; abdominal aorta, leg vein duplex, ultrasonography. Invasive ultrasonography: Punctures of the thyroid gland, superficially localized structures, prostate\" \/>\n<meta property=\"og:url\" content=\"https:\/\/aslimnica.lv\/en\/pakalpojumi\/diagnostika\/\" \/>\n<meta property=\"og:site_name\" content=\"aSlimn\u012bca\" \/>\n<meta property=\"article:modified_time\" content=\"2021-07-01T12:57:51+00:00\" \/>\n<meta name=\"twitter:card\" content=\"summary_large_image\" \/>\n<meta name=\"twitter:label1\" content=\"Est. reading time\" \/>\n\t<meta name=\"twitter:data1\" content=\"2 minutes\" \/>\n<script type=\"application\/ld+json\" class=\"yoast-schema-graph\">{\"@context\":\"https:\/\/schema.org\",\"@graph\":[{\"@type\":\"WebPage\",\"@id\":\"https:\/\/aslimnica.lv\/en\/pakalpojumi\/diagnostika\/\",\"url\":\"https:\/\/aslimnica.lv\/en\/pakalpojumi\/diagnostika\/\",\"name\":\"Diagnostics - aSlimn\u012bca\",\"isPartOf\":{\"@id\":\"https:\/\/aslimnica.lv\/en\/#website\"},\"datePublished\":\"2021-02-03T11:04:30+00:00\",\"dateModified\":\"2021-07-01T12:57:51+00:00\",\"breadcrumb\":{\"@id\":\"https:\/\/aslimnica.lv\/en\/pakalpojumi\/diagnostika\/#breadcrumb\"},\"inLanguage\":\"en-US\",\"potentialAction\":[{\"@type\":\"ReadAction\",\"target\":[\"https:\/\/aslimnica.lv\/en\/pakalpojumi\/diagnostika\/\"]}]},{\"@type\":\"BreadcrumbList\",\"@id\":\"https:\/\/aslimnica.lv\/en\/pakalpojumi\/diagnostika\/#breadcrumb\",\"itemListElement\":[{\"@type\":\"ListItem\",\"position\":1,\"name\":\"Home\",\"item\":\"https:\/\/aslimnica.lv\/en\/\"},{\"@type\":\"ListItem\",\"position\":2,\"name\":\"Services\",\"item\":\"https:\/\/aslimnica.lv\/en\/pakalpojumi\/\"},{\"@type\":\"ListItem\",\"position\":3,\"name\":\"Diagnostics\"}]},{\"@type\":\"WebSite\",\"@id\":\"https:\/\/aslimnica.lv\/en\/#website\",\"url\":\"https:\/\/aslimnica.lv\/en\/\",\"name\":\"aSlimn\u012bca\",\"description\":\"R\u012bgas Austrumu k\u012bnisk\u0101 universit\u0101tes slimn\u012bca\",\"potentialAction\":[{\"@type\":\"SearchAction\",\"target\":{\"@type\":\"EntryPoint\",\"urlTemplate\":\"https:\/\/aslimnica.lv\/en\/?s={search_term_string}\"},\"query-input\":{\"@type\":\"PropertyValueSpecification\",\"valueRequired\":true,\"valueName\":\"search_term_string\"}}],\"inLanguage\":\"en-US\"}]}<\/script>\n<!-- \/ Yoast SEO plugin. -->","yoast_head_json":{"title":"Diagnostics - aSlimn\u012bca","robots":{"index":"index","follow":"follow","max-snippet":"max-snippet:-1","max-image-preview":"max-image-preview:large","max-video-preview":"max-video-preview:-1"},"canonical":"https:\/\/aslimnica.lv\/en\/pakalpojumi\/diagnostika\/","og_locale":"en_US","og_type":"article","og_title":"Diagnostics - aSlimn\u012bca","og_description":"[vc_row][vc_column width=&#8221;1\/2&#8243;][vc_column_text] Available examinations Ultrasonography: Abdominal ultrasonography; Ultrasound of the thyroid gland and epithelial cells; Musculoskeletal ultrasonography; Soft tissue ultrasonography; Pleural space ultrasonography; Gynecological and obstetric ultrasonography; Transrectal prostate ultrasonography; Testicular ultrasonography; Anal three-dimensional ultrasonography; Vascular ultrasonography &#8211; abdominal aorta, leg vein duplex, ultrasonography. Invasive ultrasonography: Punctures of the thyroid gland, superficially localized structures, prostate","og_url":"https:\/\/aslimnica.lv\/en\/pakalpojumi\/diagnostika\/","og_site_name":"aSlimn\u012bca","article_modified_time":"2021-07-01T12:57:51+00:00","twitter_card":"summary_large_image","twitter_misc":{"Est. reading time":"2 minutes"},"schema":{"@context":"https:\/\/schema.org","@graph":[{"@type":"WebPage","@id":"https:\/\/aslimnica.lv\/en\/pakalpojumi\/diagnostika\/","url":"https:\/\/aslimnica.lv\/en\/pakalpojumi\/diagnostika\/","name":"Diagnostics - aSlimn\u012bca","isPartOf":{"@id":"https:\/\/aslimnica.lv\/en\/#website"},"datePublished":"2021-02-03T11:04:30+00:00","dateModified":"2021-07-01T12:57:51+00:00","breadcrumb":{"@id":"https:\/\/aslimnica.lv\/en\/pakalpojumi\/diagnostika\/#breadcrumb"},"inLanguage":"en-US","potentialAction":[{"@type":"ReadAction","target":["https:\/\/aslimnica.lv\/en\/pakalpojumi\/diagnostika\/"]}]},{"@type":"BreadcrumbList","@id":"https:\/\/aslimnica.lv\/en\/pakalpojumi\/diagnostika\/#breadcrumb","itemListElement":[{"@type":"ListItem","position":1,"name":"Home","item":"https:\/\/aslimnica.lv\/en\/"},{"@type":"ListItem","position":2,"name":"Services","item":"https:\/\/aslimnica.lv\/en\/pakalpojumi\/"},{"@type":"ListItem","position":3,"name":"Diagnostics"}]},{"@type":"WebSite","@id":"https:\/\/aslimnica.lv\/en\/#website","url":"https:\/\/aslimnica.lv\/en\/","name":"aSlimn\u012bca","description":"R\u012bgas Austrumu k\u012bnisk\u0101 universit\u0101tes slimn\u012bca","potentialAction":[{"@type":"SearchAction","target":{"@type":"EntryPoint","urlTemplate":"https:\/\/aslimnica.lv\/en\/?s={search_term_string}"},"query-input":{"@type":"PropertyValueSpecification","valueRequired":true,"valueName":"search_term_string"}}],"inLanguage":"en-US"}]}},"_links":{"self":[{"href":"https:\/\/aslimnica.lv\/en\/wp-json\/wp\/v2\/pages\/22585","targetHints":{"allow":["GET"]}}],"collection":[{"href":"https:\/\/aslimnica.lv\/en\/wp-json\/wp\/v2\/pages"}],"about":[{"href":"https:\/\/aslimnica.lv\/en\/wp-json\/wp\/v2\/types\/page"}],"author":[{"embeddable":true,"href":"https:\/\/aslimnica.lv\/en\/wp-json\/wp\/v2\/users\/49"}],"replies":[{"embeddable":true,"href":"https:\/\/aslimnica.lv\/en\/wp-json\/wp\/v2\/comments?post=22585"}],"version-history":[{"count":6,"href":"https:\/\/aslimnica.lv\/en\/wp-json\/wp\/v2\/pages\/22585\/revisions"}],"predecessor-version":[{"id":23335,"href":"https:\/\/aslimnica.lv\/en\/wp-json\/wp\/v2\/pages\/22585\/revisions\/23335"}],"up":[{"embeddable":true,"href":"https:\/\/aslimnica.lv\/en\/wp-json\/wp\/v2\/pages\/22381"}],"wp:attachment":[{"href":"https:\/\/aslimnica.lv\/en\/wp-json\/wp\/v2\/media?parent=22585"}],"curies":[{"name":"wp","href":"https:\/\/api.w.org\/{rel}","templated":true}]}}