{"id":22532,"date":"2021-06-09T13:12:47","date_gmt":"2021-06-09T11:12:47","guid":{"rendered":"https:\/\/aslimnica.lv\/?page_id=22532"},"modified":"2021-06-09T13:12:47","modified_gmt":"2021-06-09T11:12:47","slug":"traumatologists","status":"publish","type":"page","link":"https:\/\/aslimnica.lv\/en\/pakalpojumi\/arstniecibas-nozares\/traumatologists\/","title":{"rendered":"Traumatologists"},"content":{"rendered":"<div class=\"wpb-content-wrapper\"><p>[vc_row][vc_column][vc_column_text]In the out-patient department, assistance and consultations by specialists may be received by patients with consequences after injuries, orthopaedic diseases, formations in soft tissues and bones.<\/p>\n<p>In the In-patent Department \u201cGai\u013cezers\u201d, consultations are provided by traumatologists\/orthopaedists Andris Vikmanis, Andris L\u0101\u0101ts, Kaspars Lagzdi\u0146\u0161, Vissams Rafaels, and U\u0123is Zari\u0146\u0161.<\/p>\n<p><strong>Specialization and types of offered surgeries:<\/strong><\/p>\n<ul>\n<li>All types of osteosynthesis \u2013 in case of fractured pelvis, long tubular bone, hand, foot and other bones;<\/li>\n<li>Endoprosthetics of large joints;<\/li>\n<li>Surgical treatment of bones, soft tissues, benign and malignant tumours, metastases;<\/li>\n<li>Surgical treatment of foot deformation and orthopaedic diseases;<\/li>\n<li>Surgical treatment of contractures, formations of hand fingers;<\/li>\n<li>Minimally invasive \/arthroscopic\/ surgeries of knee, foot and shoulder joints.<\/li>\n<\/ul>\n<p><strong>Possibilities of conservative treatment;<\/strong><\/p>\n<p>In case of orthopaedic diseases, after specialist\u2019s consultation the patient can undergo a course of conservative treatment:<\/p>\n<ul>\n<li>Medicated therapy course;<\/li>\n<li>Injection of medicinal products into joints, blockages, etc.;<\/li>\n<li>Different medical electrical procedures;<\/li>\n<li>Physical treatments;<\/li>\n<li>Massage.<\/li>\n<\/ul>\n<p><strong>Manipulations performed by traumatologists for patients in the In-patient Department \u201cGai\u013cezers\u201d:<\/strong><\/p>\n<ul>\n<li>Removal of an external fixation device;<\/li>\n<li>Removal of an external bone fixation;<\/li>\n<li>Blockages (injections) in joints;<\/li>\n<li>Putting of plaster splints or bandages;<\/li>\n<li>Placement of a joint stabilization bandage;<\/li>\n<li>Removal of a plaster splint;<\/li>\n<li>Treatment and bandaging of wounds, removal of threads from wounds.<\/li>\n<\/ul>\n<p><strong>In order to register for an out-patient consultation by the specialist:<\/strong><\/p>\n<p align=\"left\"><strong>call on (+371) 67000610<\/strong><\/p>\n<p>[\/vc_column_text][\/vc_column][\/vc_row][vc_row][vc_column width=&#8221;1\/2&#8243;]\n<div class=\"as-cta-button born-mt-none born-mb-none\">\n    <a href=\"https:\/\/aslimnica.lv\/en\/e-pieraksts\/\" target=\"\" rel=\"\">\n        <span class=\"heading\">\n            <span>E-Appointment<\/span>\n        <\/span>\n    <\/a>\n<\/div>\n[\/vc_column][vc_column width=&#8221;1\/2&#8243;][\/vc_column][\/vc_row]<\/p>\n<\/div>","protected":false},"excerpt":{"rendered":"<p>[vc_row][vc_column][vc_column_text]In the out-patient department, assistance and consultations by specialists may be received by patients with consequences after injuries, orthopaedic diseases, formations in soft tissues and bones. In the In-patent Department \u201cGai\u013cezers\u201d, consultations are provided by traumatologists\/orthopaedists Andris Vikmanis, Andris L\u0101\u0101ts, Kaspars Lagzdi\u0146\u0161, Vissams Rafaels, and U\u0123is Zari\u0146\u0161. Specialization and types of offered surgeries: All types<\/p>\n","protected":false},"author":49,"featured_media":0,"parent":22401,"menu_order":0,"comment_status":"closed","ping_status":"closed","template":"","meta":{"_acf_changed":false,"inline_featured_image":false,"footnotes":""},"class_list":["post-22532","page","type-page","status-publish","hentry"],"acf":[],"yoast_head":"<!-- This site is optimized with the Yoast SEO plugin v27.1.1 - https:\/\/yoast.com\/product\/yoast-seo-wordpress\/ -->\n<title>Traumatologists - aSlimn\u012bca<\/title>\n<meta name=\"robots\" content=\"index, follow, max-snippet:-1, max-image-preview:large, max-video-preview:-1\" \/>\n<link rel=\"canonical\" href=\"https:\/\/aslimnica.lv\/en\/pakalpojumi\/arstniecibas-nozares\/traumatologists\/\" \/>\n<meta property=\"og:locale\" content=\"en_US\" \/>\n<meta property=\"og:type\" content=\"article\" \/>\n<meta property=\"og:title\" content=\"Traumatologists - aSlimn\u012bca\" \/>\n<meta property=\"og:description\" content=\"[vc_row][vc_column][vc_column_text]In the out-patient department, assistance and consultations by specialists may be received by patients with consequences after injuries, orthopaedic diseases, formations in soft tissues and bones. In the In-patent Department \u201cGai\u013cezers\u201d, consultations are provided by traumatologists\/orthopaedists Andris Vikmanis, Andris L\u0101\u0101ts, Kaspars Lagzdi\u0146\u0161, Vissams Rafaels, and U\u0123is Zari\u0146\u0161. Specialization and types of offered surgeries: All types\" \/>\n<meta property=\"og:url\" content=\"https:\/\/aslimnica.lv\/en\/pakalpojumi\/arstniecibas-nozares\/traumatologists\/\" \/>\n<meta property=\"og:site_name\" content=\"aSlimn\u012bca\" \/>\n<meta name=\"twitter:card\" content=\"summary_large_image\" \/>\n<meta name=\"twitter:label1\" content=\"Est. reading time\" \/>\n\t<meta name=\"twitter:data1\" content=\"1 minute\" \/>\n<script type=\"application\/ld+json\" class=\"yoast-schema-graph\">{\"@context\":\"https:\/\/schema.org\",\"@graph\":[{\"@type\":\"WebPage\",\"@id\":\"https:\/\/aslimnica.lv\/en\/pakalpojumi\/arstniecibas-nozares\/traumatologists\/\",\"url\":\"https:\/\/aslimnica.lv\/en\/pakalpojumi\/arstniecibas-nozares\/traumatologists\/\",\"name\":\"Traumatologists - aSlimn\u012bca\",\"isPartOf\":{\"@id\":\"https:\/\/aslimnica.lv\/en\/#website\"},\"datePublished\":\"2021-06-09T11:12:47+00:00\",\"breadcrumb\":{\"@id\":\"https:\/\/aslimnica.lv\/en\/pakalpojumi\/arstniecibas-nozares\/traumatologists\/#breadcrumb\"},\"inLanguage\":\"en-US\",\"potentialAction\":[{\"@type\":\"ReadAction\",\"target\":[\"https:\/\/aslimnica.lv\/en\/pakalpojumi\/arstniecibas-nozares\/traumatologists\/\"]}]},{\"@type\":\"BreadcrumbList\",\"@id\":\"https:\/\/aslimnica.lv\/en\/pakalpojumi\/arstniecibas-nozares\/traumatologists\/#breadcrumb\",\"itemListElement\":[{\"@type\":\"ListItem\",\"position\":1,\"name\":\"Home\",\"item\":\"https:\/\/aslimnica.lv\/en\/\"},{\"@type\":\"ListItem\",\"position\":2,\"name\":\"Services\",\"item\":\"https:\/\/aslimnica.lv\/en\/pakalpojumi\/\"},{\"@type\":\"ListItem\",\"position\":3,\"name\":\"Specialists\",\"item\":\"https:\/\/aslimnica.lv\/en\/pakalpojumi\/arstniecibas-nozares\/\"},{\"@type\":\"ListItem\",\"position\":4,\"name\":\"Traumatologists\"}]},{\"@type\":\"WebSite\",\"@id\":\"https:\/\/aslimnica.lv\/en\/#website\",\"url\":\"https:\/\/aslimnica.lv\/en\/\",\"name\":\"aSlimn\u012bca\",\"description\":\"R\u012bgas Austrumu k\u012bnisk\u0101 universit\u0101tes slimn\u012bca\",\"potentialAction\":[{\"@type\":\"SearchAction\",\"target\":{\"@type\":\"EntryPoint\",\"urlTemplate\":\"https:\/\/aslimnica.lv\/en\/?s={search_term_string}\"},\"query-input\":{\"@type\":\"PropertyValueSpecification\",\"valueRequired\":true,\"valueName\":\"search_term_string\"}}],\"inLanguage\":\"en-US\"}]}<\/script>\n<!-- \/ Yoast SEO plugin. -->","yoast_head_json":{"title":"Traumatologists - aSlimn\u012bca","robots":{"index":"index","follow":"follow","max-snippet":"max-snippet:-1","max-image-preview":"max-image-preview:large","max-video-preview":"max-video-preview:-1"},"canonical":"https:\/\/aslimnica.lv\/en\/pakalpojumi\/arstniecibas-nozares\/traumatologists\/","og_locale":"en_US","og_type":"article","og_title":"Traumatologists - aSlimn\u012bca","og_description":"[vc_row][vc_column][vc_column_text]In the out-patient department, assistance and consultations by specialists may be received by patients with consequences after injuries, orthopaedic diseases, formations in soft tissues and bones. In the In-patent Department \u201cGai\u013cezers\u201d, consultations are provided by traumatologists\/orthopaedists Andris Vikmanis, Andris L\u0101\u0101ts, Kaspars Lagzdi\u0146\u0161, Vissams Rafaels, and U\u0123is Zari\u0146\u0161. Specialization and types of offered surgeries: All types","og_url":"https:\/\/aslimnica.lv\/en\/pakalpojumi\/arstniecibas-nozares\/traumatologists\/","og_site_name":"aSlimn\u012bca","twitter_card":"summary_large_image","twitter_misc":{"Est. reading time":"1 minute"},"schema":{"@context":"https:\/\/schema.org","@graph":[{"@type":"WebPage","@id":"https:\/\/aslimnica.lv\/en\/pakalpojumi\/arstniecibas-nozares\/traumatologists\/","url":"https:\/\/aslimnica.lv\/en\/pakalpojumi\/arstniecibas-nozares\/traumatologists\/","name":"Traumatologists - aSlimn\u012bca","isPartOf":{"@id":"https:\/\/aslimnica.lv\/en\/#website"},"datePublished":"2021-06-09T11:12:47+00:00","breadcrumb":{"@id":"https:\/\/aslimnica.lv\/en\/pakalpojumi\/arstniecibas-nozares\/traumatologists\/#breadcrumb"},"inLanguage":"en-US","potentialAction":[{"@type":"ReadAction","target":["https:\/\/aslimnica.lv\/en\/pakalpojumi\/arstniecibas-nozares\/traumatologists\/"]}]},{"@type":"BreadcrumbList","@id":"https:\/\/aslimnica.lv\/en\/pakalpojumi\/arstniecibas-nozares\/traumatologists\/#breadcrumb","itemListElement":[{"@type":"ListItem","position":1,"name":"Home","item":"https:\/\/aslimnica.lv\/en\/"},{"@type":"ListItem","position":2,"name":"Services","item":"https:\/\/aslimnica.lv\/en\/pakalpojumi\/"},{"@type":"ListItem","position":3,"name":"Specialists","item":"https:\/\/aslimnica.lv\/en\/pakalpojumi\/arstniecibas-nozares\/"},{"@type":"ListItem","position":4,"name":"Traumatologists"}]},{"@type":"WebSite","@id":"https:\/\/aslimnica.lv\/en\/#website","url":"https:\/\/aslimnica.lv\/en\/","name":"aSlimn\u012bca","description":"R\u012bgas Austrumu k\u012bnisk\u0101 universit\u0101tes slimn\u012bca","potentialAction":[{"@type":"SearchAction","target":{"@type":"EntryPoint","urlTemplate":"https:\/\/aslimnica.lv\/en\/?s={search_term_string}"},"query-input":{"@type":"PropertyValueSpecification","valueRequired":true,"valueName":"search_term_string"}}],"inLanguage":"en-US"}]}},"_links":{"self":[{"href":"https:\/\/aslimnica.lv\/en\/wp-json\/wp\/v2\/pages\/22532","targetHints":{"allow":["GET"]}}],"collection":[{"href":"https:\/\/aslimnica.lv\/en\/wp-json\/wp\/v2\/pages"}],"about":[{"href":"https:\/\/aslimnica.lv\/en\/wp-json\/wp\/v2\/types\/page"}],"author":[{"embeddable":true,"href":"https:\/\/aslimnica.lv\/en\/wp-json\/wp\/v2\/users\/49"}],"replies":[{"embeddable":true,"href":"https:\/\/aslimnica.lv\/en\/wp-json\/wp\/v2\/comments?post=22532"}],"version-history":[{"count":1,"href":"https:\/\/aslimnica.lv\/en\/wp-json\/wp\/v2\/pages\/22532\/revisions"}],"predecessor-version":[{"id":22533,"href":"https:\/\/aslimnica.lv\/en\/wp-json\/wp\/v2\/pages\/22532\/revisions\/22533"}],"up":[{"embeddable":true,"href":"https:\/\/aslimnica.lv\/en\/wp-json\/wp\/v2\/pages\/22401"}],"wp:attachment":[{"href":"https:\/\/aslimnica.lv\/en\/wp-json\/wp\/v2\/media?parent=22532"}],"curies":[{"name":"wp","href":"https:\/\/api.w.org\/{rel}","templated":true}]}}