{"id":22510,"date":"2021-06-09T11:12:23","date_gmt":"2021-06-09T09:12:23","guid":{"rendered":"https:\/\/aslimnica.lv\/?page_id=22510"},"modified":"2021-08-10T14:36:37","modified_gmt":"2021-08-10T12:36:37","slug":"surgeons","status":"publish","type":"page","link":"https:\/\/aslimnica.lv\/en\/pakalpojumi\/arstniecibas-nozares\/surgeons\/","title":{"rendered":"Surgeons"},"content":{"rendered":"<div class=\"wpb-content-wrapper\"><p>[vc_row][vc_column][vc_column_text]<\/p>\n<p class=\"rtejustify\"><strong>In the In-patient Department \u201cGai\u013cezers\u201d, consultations are provided by certified surgeons with different specializations.<\/strong><\/p>\n<p class=\"rtejustify\"><strong>General surgery\u00a0<\/strong>(Rauls Renemanis, Vladimirs Fokins, Ingr\u012bda Vegnere, Aleksejs Kaminskis, prof. Haralds Plaudis, Agris Rudz\u0101ts, Uldis Biern\u0101ns):<\/p>\n<ul>\n<li class=\"rtejustify\">Uncomplicated gallstone diseases;<\/li>\n<li class=\"rtejustify\">Abdominal wall hernia;<\/li>\n<li class=\"rtejustify\">Subcutaneous and cutaneous formations;<\/li>\n<li class=\"rtejustify\">Ligature fistulas;<\/li>\n<li class=\"rtejustify\">Postoperative period complications.<\/li>\n<\/ul>\n<p class=\"rtejustify\"><strong>Pathology of the upper gastrointestinal tract<\/strong> (Aleksejs Kaminskis):<\/p>\n<ul>\n<li class=\"rtejustify\">Chronic diseases of the stomach and duodenum;<\/li>\n<li class=\"rtejustify\">Gastroesophageal reflux disease;<\/li>\n<li class=\"rtejustify\">Oesophageal hiatus and other diaphragm hernias.<\/li>\n<li class=\"rtejustify\"><strong>Endocrine surgery\u00a0<\/strong>(Rauls Renemanis, Vladimirs Fokins):<\/li>\n<li class=\"rtejustify\">Pancreatic diseases;<\/li>\n<li class=\"rtejustify\">Diseases of parathyroid glands;<\/li>\n<li class=\"rtejustify\">Adrenal diseases.<\/li>\n<\/ul>\n<p class=\"rtejustify\"><strong>Proctologic Pathology\u00a0<\/strong>(Zurabs Kecbaja, Kaspars Snippe, Darija\u00a0 Soldatenkova, Georgs Ko\u010dia\u0161vili, Ainars\u00a0 Boks):<\/p>\n<ul>\n<li class=\"rtejustify\">Diseases of the rectum and anus;<\/li>\n<li class=\"rtejustify\">Haemorrhoidal vein disease;<\/li>\n<li class=\"rtejustify\">Rectal prolapse;<\/li>\n<li class=\"rtejustify\">Inflammation of epithelial coccygeal passages;<\/li>\n<li class=\"rtejustify\">Functional diseases of the rectum and perineum;<\/li>\n<li class=\"rtejustify\">Postoperative complications.<\/li>\n<\/ul>\n<p class=\"rtejustify\"><strong>Blood vessel pathology\u00a0<\/strong>(Vit\u0101lis Zvirgzdi\u0146\u0161, Art\u016brs Ligers, J\u0101nis Rozent\u0101ls, Veneta Liepa, Kaspars Staud\u017es, Patr\u012bcija Ivanova, Ints \u016adris):<\/p>\n<ul>\n<li class=\"rtejustify\">Diseases of major and peripheral blood vessels;<\/li>\n<li class=\"rtejustify\">Varicose vein disease;<\/li>\n<li class=\"rtejustify\">Postoperative complications.<\/li>\n<\/ul>\n<p class=\"rtejustify\"><strong>Surgeons of the In-patient Department \u201cGai\u013cezers\u201d perform the following manipulations for out-patients:<\/strong><\/p>\n<ul>\n<li class=\"rtejustify\">Ligation of internal haemorrhoidal node with latex rings;<\/li>\n<li class=\"rtejustify\">Incision of haemorrhoidal node;<\/li>\n<li class=\"rtejustify\">Rectoscopy;<\/li>\n<li class=\"rtejustify\">Treatment, bandaging of wounds;<\/li>\n<li class=\"rtejustify\">Removal of threads from wounds.<\/li>\n<\/ul>\n<p class=\"rtejustify\"><strong>In the In-patient Department \u201cBi\u0137ernieki\u201d, consultations are provided by surgeons with the following specialization:<\/strong><\/p>\n<ul>\n<li class=\"rtejustify\">Jurijs Podo\u013canskis \u2013 performs vein surgeries, specializes in vein diseases (phlebology);<\/li>\n<li class=\"rtejustify\">Anatolijs Muhordovs \u2013 performs proctologic surgeries, specializes in the treatment of rectal diseases, also performs abdominal surgeries;<\/li>\n<li class=\"rtejustify\">Uldis Biern\u0101ns \u2013 performs vein surgeries, specializes in vein diseases (phlebology), and performs abdominal surgeries;<\/li>\n<li class=\"rtejustify\">Juris Nikolajenko \u2013 specializes in pancreatic and abdominal surgery, performs pancreatic, gallbladder, hernia and other abdominal surgeries.<\/li>\n<\/ul>\n<p class=\"rtejustify\">All doctors perform surgeries on benign cutaneous and subcutaneous formations.<\/p>\n<p class=\"rtejustify\"><strong>In order to register for an out-patient consultation by the specialist:<\/strong><\/p>\n<p class=\"rtejustify\"><strong>call on (+371) 67000610<\/strong><\/p>\n<p>[\/vc_column_text][\/vc_column][\/vc_row][vc_row][vc_column width=&#8221;1\/2&#8243;]\n<div class=\"as-cta-button born-mt-none born-mb-none\">\n    <a href=\"https:\/\/aslimnica.lv\/en\/e-pieraksts\/\" target=\"\" rel=\"\">\n        <span class=\"heading\">\n            <span>E-Appointment<\/span>\n        <\/span>\n    <\/a>\n<\/div>\n[\/vc_column][vc_column width=&#8221;1\/2&#8243;][\/vc_column][\/vc_row]<\/p>\n<\/div>","protected":false},"excerpt":{"rendered":"<p>[vc_row][vc_column][vc_column_text] In the In-patient Department \u201cGai\u013cezers\u201d, consultations are provided by certified surgeons with different specializations. General surgery\u00a0(Rauls Renemanis, Vladimirs Fokins, Ingr\u012bda Vegnere, Aleksejs Kaminskis, prof. Haralds Plaudis, Agris Rudz\u0101ts, Uldis Biern\u0101ns): Uncomplicated gallstone diseases; Abdominal wall hernia; Subcutaneous and cutaneous formations; Ligature fistulas; Postoperative period complications. Pathology of the upper gastrointestinal tract (Aleksejs Kaminskis): Chronic<\/p>\n","protected":false},"author":49,"featured_media":0,"parent":22401,"menu_order":0,"comment_status":"closed","ping_status":"closed","template":"","meta":{"_acf_changed":false,"inline_featured_image":false,"footnotes":""},"class_list":["post-22510","page","type-page","status-publish","hentry"],"acf":[],"yoast_head":"<!-- This site is optimized with the Yoast SEO plugin v27.1.1 - https:\/\/yoast.com\/product\/yoast-seo-wordpress\/ -->\n<title>Surgeons - aSlimn\u012bca<\/title>\n<meta name=\"robots\" content=\"index, follow, max-snippet:-1, max-image-preview:large, max-video-preview:-1\" \/>\n<link rel=\"canonical\" href=\"https:\/\/aslimnica.lv\/en\/pakalpojumi\/arstniecibas-nozares\/surgeons\/\" \/>\n<meta property=\"og:locale\" content=\"en_US\" \/>\n<meta property=\"og:type\" content=\"article\" \/>\n<meta property=\"og:title\" content=\"Surgeons - aSlimn\u012bca\" \/>\n<meta property=\"og:description\" content=\"[vc_row][vc_column][vc_column_text] In the In-patient Department \u201cGai\u013cezers\u201d, consultations are provided by certified surgeons with different specializations. General surgery\u00a0(Rauls Renemanis, Vladimirs Fokins, Ingr\u012bda Vegnere, Aleksejs Kaminskis, prof. Haralds Plaudis, Agris Rudz\u0101ts, Uldis Biern\u0101ns): Uncomplicated gallstone diseases; Abdominal wall hernia; Subcutaneous and cutaneous formations; Ligature fistulas; Postoperative period complications. Pathology of the upper gastrointestinal tract (Aleksejs Kaminskis): Chronic\" \/>\n<meta property=\"og:url\" content=\"https:\/\/aslimnica.lv\/en\/pakalpojumi\/arstniecibas-nozares\/surgeons\/\" \/>\n<meta property=\"og:site_name\" content=\"aSlimn\u012bca\" \/>\n<meta property=\"article:modified_time\" content=\"2021-08-10T12:36:37+00:00\" \/>\n<meta name=\"twitter:card\" content=\"summary_large_image\" \/>\n<meta name=\"twitter:label1\" content=\"Est. reading time\" \/>\n\t<meta name=\"twitter:data1\" content=\"2 minutes\" \/>\n<script type=\"application\/ld+json\" class=\"yoast-schema-graph\">{\"@context\":\"https:\/\/schema.org\",\"@graph\":[{\"@type\":\"WebPage\",\"@id\":\"https:\/\/aslimnica.lv\/en\/pakalpojumi\/arstniecibas-nozares\/surgeons\/\",\"url\":\"https:\/\/aslimnica.lv\/en\/pakalpojumi\/arstniecibas-nozares\/surgeons\/\",\"name\":\"Surgeons - aSlimn\u012bca\",\"isPartOf\":{\"@id\":\"https:\/\/aslimnica.lv\/en\/#website\"},\"datePublished\":\"2021-06-09T09:12:23+00:00\",\"dateModified\":\"2021-08-10T12:36:37+00:00\",\"breadcrumb\":{\"@id\":\"https:\/\/aslimnica.lv\/en\/pakalpojumi\/arstniecibas-nozares\/surgeons\/#breadcrumb\"},\"inLanguage\":\"en-US\",\"potentialAction\":[{\"@type\":\"ReadAction\",\"target\":[\"https:\/\/aslimnica.lv\/en\/pakalpojumi\/arstniecibas-nozares\/surgeons\/\"]}]},{\"@type\":\"BreadcrumbList\",\"@id\":\"https:\/\/aslimnica.lv\/en\/pakalpojumi\/arstniecibas-nozares\/surgeons\/#breadcrumb\",\"itemListElement\":[{\"@type\":\"ListItem\",\"position\":1,\"name\":\"Home\",\"item\":\"https:\/\/aslimnica.lv\/en\/\"},{\"@type\":\"ListItem\",\"position\":2,\"name\":\"Services\",\"item\":\"https:\/\/aslimnica.lv\/en\/pakalpojumi\/\"},{\"@type\":\"ListItem\",\"position\":3,\"name\":\"Specialists\",\"item\":\"https:\/\/aslimnica.lv\/en\/pakalpojumi\/arstniecibas-nozares\/\"},{\"@type\":\"ListItem\",\"position\":4,\"name\":\"Surgeons\"}]},{\"@type\":\"WebSite\",\"@id\":\"https:\/\/aslimnica.lv\/en\/#website\",\"url\":\"https:\/\/aslimnica.lv\/en\/\",\"name\":\"aSlimn\u012bca\",\"description\":\"R\u012bgas Austrumu k\u012bnisk\u0101 universit\u0101tes slimn\u012bca\",\"potentialAction\":[{\"@type\":\"SearchAction\",\"target\":{\"@type\":\"EntryPoint\",\"urlTemplate\":\"https:\/\/aslimnica.lv\/en\/?s={search_term_string}\"},\"query-input\":{\"@type\":\"PropertyValueSpecification\",\"valueRequired\":true,\"valueName\":\"search_term_string\"}}],\"inLanguage\":\"en-US\"}]}<\/script>\n<!-- \/ Yoast SEO plugin. -->","yoast_head_json":{"title":"Surgeons - aSlimn\u012bca","robots":{"index":"index","follow":"follow","max-snippet":"max-snippet:-1","max-image-preview":"max-image-preview:large","max-video-preview":"max-video-preview:-1"},"canonical":"https:\/\/aslimnica.lv\/en\/pakalpojumi\/arstniecibas-nozares\/surgeons\/","og_locale":"en_US","og_type":"article","og_title":"Surgeons - aSlimn\u012bca","og_description":"[vc_row][vc_column][vc_column_text] In the In-patient Department \u201cGai\u013cezers\u201d, consultations are provided by certified surgeons with different specializations. General surgery\u00a0(Rauls Renemanis, Vladimirs Fokins, Ingr\u012bda Vegnere, Aleksejs Kaminskis, prof. Haralds Plaudis, Agris Rudz\u0101ts, Uldis Biern\u0101ns): Uncomplicated gallstone diseases; Abdominal wall hernia; Subcutaneous and cutaneous formations; Ligature fistulas; Postoperative period complications. Pathology of the upper gastrointestinal tract (Aleksejs Kaminskis): Chronic","og_url":"https:\/\/aslimnica.lv\/en\/pakalpojumi\/arstniecibas-nozares\/surgeons\/","og_site_name":"aSlimn\u012bca","article_modified_time":"2021-08-10T12:36:37+00:00","twitter_card":"summary_large_image","twitter_misc":{"Est. reading time":"2 minutes"},"schema":{"@context":"https:\/\/schema.org","@graph":[{"@type":"WebPage","@id":"https:\/\/aslimnica.lv\/en\/pakalpojumi\/arstniecibas-nozares\/surgeons\/","url":"https:\/\/aslimnica.lv\/en\/pakalpojumi\/arstniecibas-nozares\/surgeons\/","name":"Surgeons - aSlimn\u012bca","isPartOf":{"@id":"https:\/\/aslimnica.lv\/en\/#website"},"datePublished":"2021-06-09T09:12:23+00:00","dateModified":"2021-08-10T12:36:37+00:00","breadcrumb":{"@id":"https:\/\/aslimnica.lv\/en\/pakalpojumi\/arstniecibas-nozares\/surgeons\/#breadcrumb"},"inLanguage":"en-US","potentialAction":[{"@type":"ReadAction","target":["https:\/\/aslimnica.lv\/en\/pakalpojumi\/arstniecibas-nozares\/surgeons\/"]}]},{"@type":"BreadcrumbList","@id":"https:\/\/aslimnica.lv\/en\/pakalpojumi\/arstniecibas-nozares\/surgeons\/#breadcrumb","itemListElement":[{"@type":"ListItem","position":1,"name":"Home","item":"https:\/\/aslimnica.lv\/en\/"},{"@type":"ListItem","position":2,"name":"Services","item":"https:\/\/aslimnica.lv\/en\/pakalpojumi\/"},{"@type":"ListItem","position":3,"name":"Specialists","item":"https:\/\/aslimnica.lv\/en\/pakalpojumi\/arstniecibas-nozares\/"},{"@type":"ListItem","position":4,"name":"Surgeons"}]},{"@type":"WebSite","@id":"https:\/\/aslimnica.lv\/en\/#website","url":"https:\/\/aslimnica.lv\/en\/","name":"aSlimn\u012bca","description":"R\u012bgas Austrumu k\u012bnisk\u0101 universit\u0101tes slimn\u012bca","potentialAction":[{"@type":"SearchAction","target":{"@type":"EntryPoint","urlTemplate":"https:\/\/aslimnica.lv\/en\/?s={search_term_string}"},"query-input":{"@type":"PropertyValueSpecification","valueRequired":true,"valueName":"search_term_string"}}],"inLanguage":"en-US"}]}},"_links":{"self":[{"href":"https:\/\/aslimnica.lv\/en\/wp-json\/wp\/v2\/pages\/22510","targetHints":{"allow":["GET"]}}],"collection":[{"href":"https:\/\/aslimnica.lv\/en\/wp-json\/wp\/v2\/pages"}],"about":[{"href":"https:\/\/aslimnica.lv\/en\/wp-json\/wp\/v2\/types\/page"}],"author":[{"embeddable":true,"href":"https:\/\/aslimnica.lv\/en\/wp-json\/wp\/v2\/users\/49"}],"replies":[{"embeddable":true,"href":"https:\/\/aslimnica.lv\/en\/wp-json\/wp\/v2\/comments?post=22510"}],"version-history":[{"count":2,"href":"https:\/\/aslimnica.lv\/en\/wp-json\/wp\/v2\/pages\/22510\/revisions"}],"predecessor-version":[{"id":24376,"href":"https:\/\/aslimnica.lv\/en\/wp-json\/wp\/v2\/pages\/22510\/revisions\/24376"}],"up":[{"embeddable":true,"href":"https:\/\/aslimnica.lv\/en\/wp-json\/wp\/v2\/pages\/22401"}],"wp:attachment":[{"href":"https:\/\/aslimnica.lv\/en\/wp-json\/wp\/v2\/media?parent=22510"}],"curies":[{"name":"wp","href":"https:\/\/api.w.org\/{rel}","templated":true}]}}