{"id":22500,"date":"2021-06-09T11:01:36","date_gmt":"2021-06-09T09:01:36","guid":{"rendered":"https:\/\/aslimnica.lv\/?page_id=22500"},"modified":"2023-09-11T08:10:53","modified_gmt":"2023-09-11T06:10:53","slug":"oncologists","status":"publish","type":"page","link":"https:\/\/aslimnica.lv\/en\/pakalpojumi\/arstniecibas-nozares\/oncologists\/","title":{"rendered":"Oncologists"},"content":{"rendered":"<div class=\"wpb-content-wrapper\"><p>[vc_row][vc_column][vc_column_text]In the Out-patient Department of the In-patient Department \u201cLatvian Oncology Centre, consultations in cases of oncological diseases are provided by 12 oncologists:<\/p>\n<div class=\"table-wrap\">\n<table style=\"height: 2204px;\" border=\"3\" width=\"698\" cellspacing=\"0\" cellpadding=\"0\">\n<tbody>\n<tr>\n<td><strong>M\u0101r\u012bte Putni\u0146a<\/strong><\/td>\n<td>Work experience in the speciality \u2013 28 years, consults patients with different oncological pathologies, in-depth interest in the diagnostics and treatment of chest diseases, diagnostics and treatment of cutaneous tumours, and observation of patients. Carries out breast disease diagnostic methods, dermatoscopies, out-patient surgeries for patients. Teaches residents, co-author of the publication \u201cPossibilities of Medicated Therapy of Skin Melanoma in Latvia\u201d.<\/td>\n<\/tr>\n<tr>\n<td><strong>Benita Projuma<\/strong><\/td>\n<td>Work experience in the speciality \u2013 28 years, consults patients with oncological diseases of all localizations, particularly skin and breast diseases. Performs paracenteses, biopsies, \u201ccore\u201d biopsies, surgeries for out-patients. Teaches students and residents. Has publications on skin tumours; appeared on television and radio on topical oncological issues.<\/td>\n<\/tr>\n<tr>\n<td><strong>Elita \u0160apovalova<\/strong><\/td>\n<td>Work experience in the speciality \u2013 45 years, consults patients with different oncological pathologies, in-depth interest in melanoma, breast cancer, girl chest pathology. Publications on breast problems, melanoma. Performs paracenteses, \u201ccore\u201d biopsies, total biopsies, dermatoscopies, out-patient surgeries for patients.<\/td>\n<\/tr>\n<tr>\n<td><strong>Igors Semjonovs<\/strong><\/td>\n<td>Work experience in the speciality \u2013 40 years, consults patients with different oncological pathologies, in-depth interest in cutaneous diseases, chest diseases and diseases of abdominal organs. Performs biopsies of cutaneous formations, body tumour removal surgeries for out-patients.<\/td>\n<\/tr>\n<tr>\n<td><strong>Tatjana Smirnova<\/strong><\/td>\n<td>Work experience in the speciality \u2013 12 years, consults patients with different oncological pathologies. Performs dermatoscopies and biopsies for patients, collects material for cytological examinations, performs out-patient surgeries. Publication \u201cResults of Melanoma Treatment in Latvia\u201d.<\/td>\n<\/tr>\n<tr>\n<td><strong>Boriss Oni\u0161\u010duks<\/strong><\/td>\n<td>Oncologist\/dermatologist with 4 years of work experience. Specializes in cutaneous oncology \u2013 diagnostics and treatment of new cutaneous formations, skin cancer, birthmarks, and melanoma. Performs dermatoscopies for patients; laser specialist (currently, laser therapy is unavailable in Latvian Oncology Centre).<\/td>\n<\/tr>\n<tr>\n<td><strong>J\u0101nis K\u0101posti\u0146\u0161<\/strong><\/td>\n<td>Oncologist with 24 years of work experience. Specializes in breast care (chest diseases), dermatology, and gastrointestinal diseases. Performs dermatoscopies, biopsies, collection of cytological material, out-patient surgeries for patients. Lecturer at the University of Latvia, reads lectures to family doctors and residents. Scientific worker at the University of Latvia. Author of international publications on skin diseases, male and female chest problems.<\/td>\n<\/tr>\n<tr>\n<td><strong>Ga\u013cina \u017di\u017eimontova<\/strong><\/td>\n<td>Gynaecological oncologist with 11 years of work experience. Carries out training of residents on practical work.<\/td>\n<\/tr>\n<tr>\n<td><strong>Maisara Tai\u010dijeva<\/strong><\/td>\n<td>Gynaecological oncologist and oncologist\/radiologist. Work experience \u2013 49 years. Performs biopsies, Douglas pouch paracenteses, aspirate collections from the uterine cavity and cervical canal.<\/td>\n<\/tr>\n<tr>\n<td><strong>Guna Proboka<\/strong><\/td>\n<td>Oncologist\/immunologist with 21 years of work experience. Performs the assessment of the immune system of patients. Specializes in melanoma treatment. Observations on the use of Rigvir medicinal product in melanoma treatment. Co-author of the publication \u201cPossibilities of Medicated Therapy of Skin Melanoma in Latvia\u201d.<\/td>\n<\/tr>\n<\/tbody>\n<\/table>\n<\/div>\n<p align=\"left\"><strong>In order to register for an out-patient consultation by the specialist:<\/strong><\/p>\n<p align=\"left\"><strong>call on (+371) 67000610<\/strong><\/p>\n<p>[\/vc_column_text][\/vc_column][\/vc_row][vc_row][vc_column width=&#8221;1\/2&#8243;]\n<div class=\"as-cta-button born-mt-none born-mb-none\">\n    <a href=\"https:\/\/aslimnica.lv\/en\/e-pieraksts\/\" target=\"\" rel=\"\">\n        <span class=\"heading\">\n            <span>E-Appointment<\/span>\n        <\/span>\n    <\/a>\n<\/div>\n[\/vc_column][vc_column width=&#8221;1\/2&#8243;][\/vc_column][\/vc_row]<\/p>\n<\/div>","protected":false},"excerpt":{"rendered":"<p>[vc_row][vc_column][vc_column_text]In the Out-patient Department of the In-patient Department \u201cLatvian Oncology Centre, consultations in cases of oncological diseases are provided by 12 oncologists: M\u0101r\u012bte Putni\u0146a Work experience in the speciality \u2013 28 years, consults patients with different oncological pathologies, in-depth interest in the diagnostics and treatment of chest diseases, diagnostics and treatment of cutaneous tumours, and<\/p>\n","protected":false},"author":49,"featured_media":0,"parent":22401,"menu_order":0,"comment_status":"closed","ping_status":"closed","template":"","meta":{"_acf_changed":false,"inline_featured_image":false,"footnotes":""},"class_list":["post-22500","page","type-page","status-publish","hentry"],"acf":[],"yoast_head":"<!-- This site is optimized with the Yoast SEO plugin v27.1.1 - https:\/\/yoast.com\/product\/yoast-seo-wordpress\/ -->\n<title>Oncologists - aSlimn\u012bca<\/title>\n<meta name=\"robots\" content=\"index, follow, max-snippet:-1, max-image-preview:large, max-video-preview:-1\" \/>\n<link rel=\"canonical\" href=\"https:\/\/aslimnica.lv\/en\/pakalpojumi\/arstniecibas-nozares\/oncologists\/\" \/>\n<meta property=\"og:locale\" content=\"en_US\" \/>\n<meta property=\"og:type\" content=\"article\" \/>\n<meta property=\"og:title\" content=\"Oncologists - aSlimn\u012bca\" \/>\n<meta property=\"og:description\" content=\"[vc_row][vc_column][vc_column_text]In the Out-patient Department of the In-patient Department \u201cLatvian Oncology Centre, consultations in cases of oncological diseases are provided by 12 oncologists: M\u0101r\u012bte Putni\u0146a Work experience in the speciality \u2013 28 years, consults patients with different oncological pathologies, in-depth interest in the diagnostics and treatment of chest diseases, diagnostics and treatment of cutaneous tumours, and\" \/>\n<meta property=\"og:url\" content=\"https:\/\/aslimnica.lv\/en\/pakalpojumi\/arstniecibas-nozares\/oncologists\/\" \/>\n<meta property=\"og:site_name\" content=\"aSlimn\u012bca\" \/>\n<meta property=\"article:modified_time\" content=\"2023-09-11T06:10:53+00:00\" \/>\n<meta name=\"twitter:card\" content=\"summary_large_image\" \/>\n<meta name=\"twitter:label1\" content=\"Est. reading time\" \/>\n\t<meta name=\"twitter:data1\" content=\"2 minutes\" \/>\n<script type=\"application\/ld+json\" class=\"yoast-schema-graph\">{\"@context\":\"https:\/\/schema.org\",\"@graph\":[{\"@type\":\"WebPage\",\"@id\":\"https:\/\/aslimnica.lv\/en\/pakalpojumi\/arstniecibas-nozares\/oncologists\/\",\"url\":\"https:\/\/aslimnica.lv\/en\/pakalpojumi\/arstniecibas-nozares\/oncologists\/\",\"name\":\"Oncologists - aSlimn\u012bca\",\"isPartOf\":{\"@id\":\"https:\/\/aslimnica.lv\/en\/#website\"},\"datePublished\":\"2021-06-09T09:01:36+00:00\",\"dateModified\":\"2023-09-11T06:10:53+00:00\",\"breadcrumb\":{\"@id\":\"https:\/\/aslimnica.lv\/en\/pakalpojumi\/arstniecibas-nozares\/oncologists\/#breadcrumb\"},\"inLanguage\":\"en-US\",\"potentialAction\":[{\"@type\":\"ReadAction\",\"target\":[\"https:\/\/aslimnica.lv\/en\/pakalpojumi\/arstniecibas-nozares\/oncologists\/\"]}]},{\"@type\":\"BreadcrumbList\",\"@id\":\"https:\/\/aslimnica.lv\/en\/pakalpojumi\/arstniecibas-nozares\/oncologists\/#breadcrumb\",\"itemListElement\":[{\"@type\":\"ListItem\",\"position\":1,\"name\":\"Home\",\"item\":\"https:\/\/aslimnica.lv\/en\/\"},{\"@type\":\"ListItem\",\"position\":2,\"name\":\"Services\",\"item\":\"https:\/\/aslimnica.lv\/en\/pakalpojumi\/\"},{\"@type\":\"ListItem\",\"position\":3,\"name\":\"Specialists\",\"item\":\"https:\/\/aslimnica.lv\/en\/pakalpojumi\/arstniecibas-nozares\/\"},{\"@type\":\"ListItem\",\"position\":4,\"name\":\"Oncologists\"}]},{\"@type\":\"WebSite\",\"@id\":\"https:\/\/aslimnica.lv\/en\/#website\",\"url\":\"https:\/\/aslimnica.lv\/en\/\",\"name\":\"aSlimn\u012bca\",\"description\":\"R\u012bgas Austrumu k\u012bnisk\u0101 universit\u0101tes slimn\u012bca\",\"potentialAction\":[{\"@type\":\"SearchAction\",\"target\":{\"@type\":\"EntryPoint\",\"urlTemplate\":\"https:\/\/aslimnica.lv\/en\/?s={search_term_string}\"},\"query-input\":{\"@type\":\"PropertyValueSpecification\",\"valueRequired\":true,\"valueName\":\"search_term_string\"}}],\"inLanguage\":\"en-US\"}]}<\/script>\n<!-- \/ Yoast SEO plugin. -->","yoast_head_json":{"title":"Oncologists - aSlimn\u012bca","robots":{"index":"index","follow":"follow","max-snippet":"max-snippet:-1","max-image-preview":"max-image-preview:large","max-video-preview":"max-video-preview:-1"},"canonical":"https:\/\/aslimnica.lv\/en\/pakalpojumi\/arstniecibas-nozares\/oncologists\/","og_locale":"en_US","og_type":"article","og_title":"Oncologists - aSlimn\u012bca","og_description":"[vc_row][vc_column][vc_column_text]In the Out-patient Department of the In-patient Department \u201cLatvian Oncology Centre, consultations in cases of oncological diseases are provided by 12 oncologists: M\u0101r\u012bte Putni\u0146a Work experience in the speciality \u2013 28 years, consults patients with different oncological pathologies, in-depth interest in the diagnostics and treatment of chest diseases, diagnostics and treatment of cutaneous tumours, and","og_url":"https:\/\/aslimnica.lv\/en\/pakalpojumi\/arstniecibas-nozares\/oncologists\/","og_site_name":"aSlimn\u012bca","article_modified_time":"2023-09-11T06:10:53+00:00","twitter_card":"summary_large_image","twitter_misc":{"Est. reading time":"2 minutes"},"schema":{"@context":"https:\/\/schema.org","@graph":[{"@type":"WebPage","@id":"https:\/\/aslimnica.lv\/en\/pakalpojumi\/arstniecibas-nozares\/oncologists\/","url":"https:\/\/aslimnica.lv\/en\/pakalpojumi\/arstniecibas-nozares\/oncologists\/","name":"Oncologists - aSlimn\u012bca","isPartOf":{"@id":"https:\/\/aslimnica.lv\/en\/#website"},"datePublished":"2021-06-09T09:01:36+00:00","dateModified":"2023-09-11T06:10:53+00:00","breadcrumb":{"@id":"https:\/\/aslimnica.lv\/en\/pakalpojumi\/arstniecibas-nozares\/oncologists\/#breadcrumb"},"inLanguage":"en-US","potentialAction":[{"@type":"ReadAction","target":["https:\/\/aslimnica.lv\/en\/pakalpojumi\/arstniecibas-nozares\/oncologists\/"]}]},{"@type":"BreadcrumbList","@id":"https:\/\/aslimnica.lv\/en\/pakalpojumi\/arstniecibas-nozares\/oncologists\/#breadcrumb","itemListElement":[{"@type":"ListItem","position":1,"name":"Home","item":"https:\/\/aslimnica.lv\/en\/"},{"@type":"ListItem","position":2,"name":"Services","item":"https:\/\/aslimnica.lv\/en\/pakalpojumi\/"},{"@type":"ListItem","position":3,"name":"Specialists","item":"https:\/\/aslimnica.lv\/en\/pakalpojumi\/arstniecibas-nozares\/"},{"@type":"ListItem","position":4,"name":"Oncologists"}]},{"@type":"WebSite","@id":"https:\/\/aslimnica.lv\/en\/#website","url":"https:\/\/aslimnica.lv\/en\/","name":"aSlimn\u012bca","description":"R\u012bgas Austrumu k\u012bnisk\u0101 universit\u0101tes slimn\u012bca","potentialAction":[{"@type":"SearchAction","target":{"@type":"EntryPoint","urlTemplate":"https:\/\/aslimnica.lv\/en\/?s={search_term_string}"},"query-input":{"@type":"PropertyValueSpecification","valueRequired":true,"valueName":"search_term_string"}}],"inLanguage":"en-US"}]}},"_links":{"self":[{"href":"https:\/\/aslimnica.lv\/en\/wp-json\/wp\/v2\/pages\/22500","targetHints":{"allow":["GET"]}}],"collection":[{"href":"https:\/\/aslimnica.lv\/en\/wp-json\/wp\/v2\/pages"}],"about":[{"href":"https:\/\/aslimnica.lv\/en\/wp-json\/wp\/v2\/types\/page"}],"author":[{"embeddable":true,"href":"https:\/\/aslimnica.lv\/en\/wp-json\/wp\/v2\/users\/49"}],"replies":[{"embeddable":true,"href":"https:\/\/aslimnica.lv\/en\/wp-json\/wp\/v2\/comments?post=22500"}],"version-history":[{"count":2,"href":"https:\/\/aslimnica.lv\/en\/wp-json\/wp\/v2\/pages\/22500\/revisions"}],"predecessor-version":[{"id":53021,"href":"https:\/\/aslimnica.lv\/en\/wp-json\/wp\/v2\/pages\/22500\/revisions\/53021"}],"up":[{"embeddable":true,"href":"https:\/\/aslimnica.lv\/en\/wp-json\/wp\/v2\/pages\/22401"}],"wp:attachment":[{"href":"https:\/\/aslimnica.lv\/en\/wp-json\/wp\/v2\/media?parent=22500"}],"curies":[{"name":"wp","href":"https:\/\/api.w.org\/{rel}","templated":true}]}}