{"id":22496,"date":"2021-06-09T10:56:28","date_gmt":"2021-06-09T08:56:28","guid":{"rendered":"https:\/\/aslimnica.lv\/?page_id=22496"},"modified":"2021-06-09T10:56:28","modified_gmt":"2021-06-09T08:56:28","slug":"neurologists","status":"publish","type":"page","link":"https:\/\/aslimnica.lv\/en\/pakalpojumi\/arstniecibas-nozares\/neurologists\/","title":{"rendered":"Neurologists"},"content":{"rendered":"<div class=\"wpb-content-wrapper\"><p>[vc_row][vc_column][vc_column_text]Neurologists of the In-patient Department \u201cGai\u013cezers\u201d specialize in the following diseases:<\/p>\n<ul>\n<li>Epilepsy (Prof. Egils V\u012btols, Dr. Elv\u012bra Smeltere, Santa A\u0161mane, Elita Kri\u0137e, Evita \u0160losberga);<\/li>\n<li>Memory disorders, neurodegenerative diseases: Alzheimer\u2019s disease, vascular dementia and other dementia types (Ieva Paegle, R\u016bta Ozoli\u0146a);<\/li>\n<li>Movement disorders; Parkinson\u2019s disease, muscle dystonia (Dr. Elv\u012bra Smeltere, Nat\u0101lija Ra\u010dova, Elita Kri\u0137e, Daiga Kr\u016bpena, Sandra \u0100rmane);<\/li>\n<li>Dizziness, hearing and balance disorders; pain (headaches, pain in the face or limbs, back-aches) and other feeling disorders; muscle weakness (in the face and limbs); post-stroke condition, cerebrovascular diseases; condition after head injury, brain tumour, meningitis, encephalitis (Valda Akermane, Sandra \u0100rmane, Iveta Bark\u0101ne, Ira\u012bda Golubeva, Dace Dzirkale, Larisa Jansone, Elita Kri\u0137e, Daiga Kr\u016bpena, R\u016bta Ozoli\u0146a, Ieva Paegle, Nat\u0101lija Ra\u010dova, Evita \u0160losberga, Dr. Elv\u012bra Smeltere, Bituta Tilgale);<\/li>\n<li>Muscle hypertonia (spasticity) \u2013 botulinum toxin injections (Prof. Valdis Keris);<\/li>\n<li>Multiple sclerosis (Lana Vain\u0161teine, Ieva Zimai\u0161a).<\/li>\n<\/ul>\n<p>In the In-patient Department \u201cBi\u0137ernieki\u201d, patients are consulted by a certified neurologist Nelda Egl\u012bte, in the In-patient Department \u201cLinezers\u201d \u2013 Inta Ziedi\u0146a.<\/p>\n<p>Patients have access to all the necessary diagnostic examinations \u2013 electroencephalography, neurography and neurometrics, duplex dopplerography of brain blood vessels, computed tomography, and magnetic resonance.<\/p>\n<p><strong>In order to register for an out-patient consultation by the specialist:<\/strong><\/p>\n<p align=\"left\"><strong>call on (+371) 67000610<\/strong><\/p>\n<p>[\/vc_column_text][\/vc_column][\/vc_row][vc_row][vc_column width=&#8221;1\/2&#8243;]\n<div class=\"as-cta-button born-mt-none born-mb-none\">\n    <a href=\"https:\/\/aslimnica.lv\/en\/e-pieraksts\/\" target=\"\" rel=\"\">\n        <span class=\"heading\">\n            <span>E-Appointment<\/span>\n        <\/span>\n    <\/a>\n<\/div>\n[\/vc_column][vc_column width=&#8221;1\/2&#8243;][\/vc_column][\/vc_row]<\/p>\n<\/div>","protected":false},"excerpt":{"rendered":"<p>[vc_row][vc_column][vc_column_text]Neurologists of the In-patient Department \u201cGai\u013cezers\u201d specialize in the following diseases: Epilepsy (Prof. Egils V\u012btols, Dr. Elv\u012bra Smeltere, Santa A\u0161mane, Elita Kri\u0137e, Evita \u0160losberga); Memory disorders, neurodegenerative diseases: Alzheimer\u2019s disease, vascular dementia and other dementia types (Ieva Paegle, R\u016bta Ozoli\u0146a); Movement disorders; Parkinson\u2019s disease, muscle dystonia (Dr. Elv\u012bra Smeltere, Nat\u0101lija Ra\u010dova, Elita Kri\u0137e, Daiga Kr\u016bpena,<\/p>\n","protected":false},"author":49,"featured_media":0,"parent":22401,"menu_order":0,"comment_status":"closed","ping_status":"closed","template":"","meta":{"_acf_changed":false,"inline_featured_image":false,"footnotes":""},"class_list":["post-22496","page","type-page","status-publish","hentry"],"acf":[],"yoast_head":"<!-- This site is optimized with the Yoast SEO plugin v27.1.1 - https:\/\/yoast.com\/product\/yoast-seo-wordpress\/ -->\n<title>Neurologists - aSlimn\u012bca<\/title>\n<meta name=\"robots\" content=\"index, follow, max-snippet:-1, max-image-preview:large, max-video-preview:-1\" \/>\n<link rel=\"canonical\" href=\"https:\/\/aslimnica.lv\/en\/pakalpojumi\/arstniecibas-nozares\/neurologists\/\" \/>\n<meta property=\"og:locale\" content=\"en_US\" \/>\n<meta property=\"og:type\" content=\"article\" \/>\n<meta property=\"og:title\" content=\"Neurologists - aSlimn\u012bca\" \/>\n<meta property=\"og:description\" content=\"[vc_row][vc_column][vc_column_text]Neurologists of the In-patient Department \u201cGai\u013cezers\u201d specialize in the following diseases: Epilepsy (Prof. Egils V\u012btols, Dr. Elv\u012bra Smeltere, Santa A\u0161mane, Elita Kri\u0137e, Evita \u0160losberga); Memory disorders, neurodegenerative diseases: Alzheimer\u2019s disease, vascular dementia and other dementia types (Ieva Paegle, R\u016bta Ozoli\u0146a); Movement disorders; Parkinson\u2019s disease, muscle dystonia (Dr. Elv\u012bra Smeltere, Nat\u0101lija Ra\u010dova, Elita Kri\u0137e, Daiga Kr\u016bpena,\" \/>\n<meta property=\"og:url\" content=\"https:\/\/aslimnica.lv\/en\/pakalpojumi\/arstniecibas-nozares\/neurologists\/\" \/>\n<meta property=\"og:site_name\" content=\"aSlimn\u012bca\" \/>\n<meta name=\"twitter:card\" content=\"summary_large_image\" \/>\n<meta name=\"twitter:label1\" content=\"Est. reading time\" \/>\n\t<meta name=\"twitter:data1\" content=\"1 minute\" \/>\n<script type=\"application\/ld+json\" class=\"yoast-schema-graph\">{\"@context\":\"https:\/\/schema.org\",\"@graph\":[{\"@type\":\"WebPage\",\"@id\":\"https:\/\/aslimnica.lv\/en\/pakalpojumi\/arstniecibas-nozares\/neurologists\/\",\"url\":\"https:\/\/aslimnica.lv\/en\/pakalpojumi\/arstniecibas-nozares\/neurologists\/\",\"name\":\"Neurologists - aSlimn\u012bca\",\"isPartOf\":{\"@id\":\"https:\/\/aslimnica.lv\/en\/#website\"},\"datePublished\":\"2021-06-09T08:56:28+00:00\",\"breadcrumb\":{\"@id\":\"https:\/\/aslimnica.lv\/en\/pakalpojumi\/arstniecibas-nozares\/neurologists\/#breadcrumb\"},\"inLanguage\":\"en-US\",\"potentialAction\":[{\"@type\":\"ReadAction\",\"target\":[\"https:\/\/aslimnica.lv\/en\/pakalpojumi\/arstniecibas-nozares\/neurologists\/\"]}]},{\"@type\":\"BreadcrumbList\",\"@id\":\"https:\/\/aslimnica.lv\/en\/pakalpojumi\/arstniecibas-nozares\/neurologists\/#breadcrumb\",\"itemListElement\":[{\"@type\":\"ListItem\",\"position\":1,\"name\":\"Home\",\"item\":\"https:\/\/aslimnica.lv\/en\/\"},{\"@type\":\"ListItem\",\"position\":2,\"name\":\"Services\",\"item\":\"https:\/\/aslimnica.lv\/en\/pakalpojumi\/\"},{\"@type\":\"ListItem\",\"position\":3,\"name\":\"Specialists\",\"item\":\"https:\/\/aslimnica.lv\/en\/pakalpojumi\/arstniecibas-nozares\/\"},{\"@type\":\"ListItem\",\"position\":4,\"name\":\"Neurologists\"}]},{\"@type\":\"WebSite\",\"@id\":\"https:\/\/aslimnica.lv\/en\/#website\",\"url\":\"https:\/\/aslimnica.lv\/en\/\",\"name\":\"aSlimn\u012bca\",\"description\":\"R\u012bgas Austrumu k\u012bnisk\u0101 universit\u0101tes slimn\u012bca\",\"potentialAction\":[{\"@type\":\"SearchAction\",\"target\":{\"@type\":\"EntryPoint\",\"urlTemplate\":\"https:\/\/aslimnica.lv\/en\/?s={search_term_string}\"},\"query-input\":{\"@type\":\"PropertyValueSpecification\",\"valueRequired\":true,\"valueName\":\"search_term_string\"}}],\"inLanguage\":\"en-US\"}]}<\/script>\n<!-- \/ Yoast SEO plugin. -->","yoast_head_json":{"title":"Neurologists - aSlimn\u012bca","robots":{"index":"index","follow":"follow","max-snippet":"max-snippet:-1","max-image-preview":"max-image-preview:large","max-video-preview":"max-video-preview:-1"},"canonical":"https:\/\/aslimnica.lv\/en\/pakalpojumi\/arstniecibas-nozares\/neurologists\/","og_locale":"en_US","og_type":"article","og_title":"Neurologists - aSlimn\u012bca","og_description":"[vc_row][vc_column][vc_column_text]Neurologists of the In-patient Department \u201cGai\u013cezers\u201d specialize in the following diseases: Epilepsy (Prof. Egils V\u012btols, Dr. Elv\u012bra Smeltere, Santa A\u0161mane, Elita Kri\u0137e, Evita \u0160losberga); Memory disorders, neurodegenerative diseases: Alzheimer\u2019s disease, vascular dementia and other dementia types (Ieva Paegle, R\u016bta Ozoli\u0146a); Movement disorders; Parkinson\u2019s disease, muscle dystonia (Dr. Elv\u012bra Smeltere, Nat\u0101lija Ra\u010dova, Elita Kri\u0137e, Daiga Kr\u016bpena,","og_url":"https:\/\/aslimnica.lv\/en\/pakalpojumi\/arstniecibas-nozares\/neurologists\/","og_site_name":"aSlimn\u012bca","twitter_card":"summary_large_image","twitter_misc":{"Est. reading time":"1 minute"},"schema":{"@context":"https:\/\/schema.org","@graph":[{"@type":"WebPage","@id":"https:\/\/aslimnica.lv\/en\/pakalpojumi\/arstniecibas-nozares\/neurologists\/","url":"https:\/\/aslimnica.lv\/en\/pakalpojumi\/arstniecibas-nozares\/neurologists\/","name":"Neurologists - aSlimn\u012bca","isPartOf":{"@id":"https:\/\/aslimnica.lv\/en\/#website"},"datePublished":"2021-06-09T08:56:28+00:00","breadcrumb":{"@id":"https:\/\/aslimnica.lv\/en\/pakalpojumi\/arstniecibas-nozares\/neurologists\/#breadcrumb"},"inLanguage":"en-US","potentialAction":[{"@type":"ReadAction","target":["https:\/\/aslimnica.lv\/en\/pakalpojumi\/arstniecibas-nozares\/neurologists\/"]}]},{"@type":"BreadcrumbList","@id":"https:\/\/aslimnica.lv\/en\/pakalpojumi\/arstniecibas-nozares\/neurologists\/#breadcrumb","itemListElement":[{"@type":"ListItem","position":1,"name":"Home","item":"https:\/\/aslimnica.lv\/en\/"},{"@type":"ListItem","position":2,"name":"Services","item":"https:\/\/aslimnica.lv\/en\/pakalpojumi\/"},{"@type":"ListItem","position":3,"name":"Specialists","item":"https:\/\/aslimnica.lv\/en\/pakalpojumi\/arstniecibas-nozares\/"},{"@type":"ListItem","position":4,"name":"Neurologists"}]},{"@type":"WebSite","@id":"https:\/\/aslimnica.lv\/en\/#website","url":"https:\/\/aslimnica.lv\/en\/","name":"aSlimn\u012bca","description":"R\u012bgas Austrumu k\u012bnisk\u0101 universit\u0101tes slimn\u012bca","potentialAction":[{"@type":"SearchAction","target":{"@type":"EntryPoint","urlTemplate":"https:\/\/aslimnica.lv\/en\/?s={search_term_string}"},"query-input":{"@type":"PropertyValueSpecification","valueRequired":true,"valueName":"search_term_string"}}],"inLanguage":"en-US"}]}},"_links":{"self":[{"href":"https:\/\/aslimnica.lv\/en\/wp-json\/wp\/v2\/pages\/22496","targetHints":{"allow":["GET"]}}],"collection":[{"href":"https:\/\/aslimnica.lv\/en\/wp-json\/wp\/v2\/pages"}],"about":[{"href":"https:\/\/aslimnica.lv\/en\/wp-json\/wp\/v2\/types\/page"}],"author":[{"embeddable":true,"href":"https:\/\/aslimnica.lv\/en\/wp-json\/wp\/v2\/users\/49"}],"replies":[{"embeddable":true,"href":"https:\/\/aslimnica.lv\/en\/wp-json\/wp\/v2\/comments?post=22496"}],"version-history":[{"count":1,"href":"https:\/\/aslimnica.lv\/en\/wp-json\/wp\/v2\/pages\/22496\/revisions"}],"predecessor-version":[{"id":22497,"href":"https:\/\/aslimnica.lv\/en\/wp-json\/wp\/v2\/pages\/22496\/revisions\/22497"}],"up":[{"embeddable":true,"href":"https:\/\/aslimnica.lv\/en\/wp-json\/wp\/v2\/pages\/22401"}],"wp:attachment":[{"href":"https:\/\/aslimnica.lv\/en\/wp-json\/wp\/v2\/media?parent=22496"}],"curies":[{"name":"wp","href":"https:\/\/api.w.org\/{rel}","templated":true}]}}