{"id":22491,"date":"2021-06-09T10:46:12","date_gmt":"2021-06-09T08:46:12","guid":{"rendered":"https:\/\/aslimnica.lv\/?page_id=22491"},"modified":"2024-02-20T09:48:23","modified_gmt":"2024-02-20T07:48:23","slug":"gynaecologists","status":"publish","type":"page","link":"https:\/\/aslimnica.lv\/en\/pakalpojumi\/arstniecibas-nozares\/gynaecologists\/","title":{"rendered":"Gynaecologists"},"content":{"rendered":"<div class=\"wpb-content-wrapper\"><p>[vc_row][vc_column][vc_column_text]<\/p>\n<h2>The following consultations and medical services are provided by gynaecologists in the In-patient Department \u201cGai\u013cezers\u201d:<\/h2>\n<ul>\n<li>preventive gynaecological examinations, including cervical cancer screening upon presenting an invitation;<\/li>\n<li>treatment of precancerous diseases of the uterine cervix for women with pathologies discovered within the framework of national cervical cancer screening programme;<\/li>\n<li>colposcopy with target biopsy;<\/li>\n<li>surgical treatment of precancerous diseases of the uterine cervix \u2013 surgical excisions of mucous membrane of the uterine cervix (cone-shaped, with a loop, depending on the spread of pathological process, and with the greatest care possible for preserving reproductive function of a woman).<\/li>\n<li>family planning \u2013 selection of contraceptive method;<\/li>\n<li>solutions for problems caused by menopause;<\/li>\n<li>treatment of benign tumours\/formations of genital organs (ovarian cysts, myomas, polyps);<\/li>\n<li>diagnostics and treatment in case of uterine bleeding;<\/li>\n<li>diagnostics and treatment of endometriosis;<\/li>\n<li>diagnostics and treatment of genital tract infections, including sexually transmitted infections;<\/li>\n<li>examination and treatment of prolapses of genital organs.<\/li>\n<\/ul>\n<p>To register for a consultation with specialists, call\u00a0<strong>67000610<\/strong>.<\/p>\n<p>When going to a gynaecologist, no referral is required (gynaecologist is a directly available specialist). It is advisable to take the results of the previously performed examinations to the consultation.<\/p>\n<h3><strong>Specialists:<\/strong><\/h3>\n<p><img loading=\"lazy\" decoding=\"async\" class=\"\" src=\"https:\/\/aslimnica.lv\/wp-content\/uploads\/2024\/02\/20240123_090044-262x390.jpg\" width=\"250\" height=\"372\" \/><\/p>\n<p>The development of the gynecology specialty and the training of new specialists at Riga East University Hospital is coordinated and managed by <strong>Prof. Dace Rezeberga,<\/strong> chief specialist in obstetrics and gynecology, associate professor of Riga Stradins University, head of the Department of Obstetrics and Gynecology, Dace Rezeberga. Professor Rezeberg&#8217;s specialization is treatment of pregnancy complications, treatment of genital tract infections.<\/p>\n<hr \/>\n<p><img loading=\"lazy\" decoding=\"async\" class=\"\" src=\"https:\/\/aslimnica.lv\/wp-content\/uploads\/2024\/02\/20240123_090315-633x1024.jpg\" width=\"246\" height=\"398\" \/><\/p>\n<p>The head of the gynecology clinic is <strong>Assoc. Prof. Jana \u017dod\u017eika<\/strong> works in the area of emergency and planned gynaecology, carries out diagnostics and treatment of gynaecological diseases, performs different types of gynaecological surgeries. Doctoral student of Riga Stradi\u0146\u0161 University.<\/p>\n<p>Specialization:<\/p>\n<ul>\n<li>selection of contraception and family planning;<\/li>\n<li>menopause;<\/li>\n<li>benign tumours (ovarian cysts, myomas, polyps);<\/li>\n<li>diagnostics and treatment of endometriosis;<\/li>\n<li>diagnostics and treatment of precancerous diseases of the uterine cervix;<\/li>\n<li>cytological screening examinations;<\/li>\n<li>colposcopy, target biopsy;<\/li>\n<li>surgical excisions of mucous membrane of uterine cervix (cone-shaped, loop);<\/li>\n<li>infections in gynaecology\/obstetrics;<\/li>\n<li>certificate in ultrasonographic examination in Gynaecology and Obstetrics.<\/li>\n<\/ul>\n<p>State-paid diagnostics and treatment of precancerous diseases of the uterine cervix, and further post-screening examinations and treatment are available (reply concerning the cervical cancer screening smear is required).<\/p>\n<p>Chargeable services are available, if the patient has no reply concerning the smear of uterine cervix cancer screening.<\/p>\n<p>State-paid (cancer screening examinations and further post-screening examinations) and chargeable consultations.<\/p>\n<hr \/>\n<p>Gynaecologist: <strong>Nellija Lietuviete<\/strong>, carries out diagnostics and treatment of gynaecological diseases, performs all types of gynaecological surgeries.<\/p>\n<ul>\n<li>Specialization:<\/li>\n<li>adjustment surgeries of small pelvis base in case of prolapse of genital organs, using latest technologies;<\/li>\n<li>operative treatment of involuntary urination;<\/li>\n<li>gynaecological endocrinology;<\/li>\n<li>certificate in ultrasonographic examination in Gynaecology and Obstetrics.<\/li>\n<li>Consults and registers for surgeries only the patients requiring operative treatment.<\/li>\n<\/ul>\n<p>Chargeable consultations only.<\/p>\n<hr \/>\n<p>Gynaecologist\u00a0<strong>Ren\u0101te Renemane:<\/strong>\u00a0many years of experience in emergency and planned gynaecology, carries out diagnostics and treatment of gynaecological diseases, performs different types of gynaecological surgeries.<\/p>\n<p>Specialization:<\/p>\n<ul>\n<li>selection of contraception and family planning;<\/li>\n<li>menopause;<\/li>\n<li>benign tumours (ovarian cysts, myomas, polyps);<\/li>\n<li>diagnostics and treatment of endometriosis;<\/li>\n<li>diagnostics and treatment of gynaecological infections;<\/li>\n<li>certificate in ultrasonographic examination in Gynaecology and Obstetrics.<\/li>\n<\/ul>\n<p>State-paid and chargeable consultations are available.<\/p>\n<hr \/>\n<p>Gynaecologist\u00a0<strong>Di\u0101na Ku\u0146icina:<\/strong>\u00a0works in the area of emergency and planned gynaecology, carries out diagnostics and treatment of gynaecological diseases, performs different types of gynaecological surgeries.<\/p>\n<p>Specialization:<\/p>\n<ul>\n<li>conservative treatment of uterus myomas, using blood vessel embolization;<\/li>\n<li>infertility diagnostics;<\/li>\n<li>selection of contraception and family planning;<\/li>\n<li>menopause;<\/li>\n<li>benign tumours (ovarian cysts, myomas, polyps);<\/li>\n<li>diagnostics and treatment of endometriosis;<\/li>\n<li>diagnostics and treatment of gynaecological infections;<\/li>\n<li>certificate in ultrasonographic examination in Gynaecology and Obstetrics.<\/li>\n<\/ul>\n<p>Only chargeable consultations are available.<\/p>\n<hr \/>\n<p>Gynaecologist\u00a0<strong>Dace S\u012bvi\u0146a:<\/strong>\u00a0works in the area of emergency and planned gynaecology, carries out diagnostics and treatment of gynaecological diseases, performs different types of gynaecological surgeries.<\/p>\n<p>Specialization:<\/p>\n<ul>\n<li>selection of contraception and family planning;<\/li>\n<li>menopause;<\/li>\n<li>benign tumours (ovarian cysts, myomas, polyps);<\/li>\n<li>diagnostics and treatment of endometriosis;<\/li>\n<li>diagnostics and treatment of gynaecological infections;<\/li>\n<li>infertility diagnostics.<\/li>\n<\/ul>\n<p>Only chargeable consultations are available.<\/p>\n<hr \/>\n<p>Gynaecologist\u00a0<strong>Zane Grabe:<\/strong>\u00a0works in the area of emergency and planned gynaecology, carries out diagnostics and treatment of gynaecological diseases, performs different types of gynaecological surgeries.<\/p>\n<p>Specialization:<\/p>\n<ul>\n<li>selection of contraception and family planning;<\/li>\n<li>menopause;<\/li>\n<li>benign tumours (ovarian cysts, myomas, polyps);<\/li>\n<li>diagnostics and treatment of endometriosis;<\/li>\n<li>diagnostics and treatment of gynaecological infections;<\/li>\n<li>certificate in ultrasonographic examination in Gynaecology and Obstetrics.<\/li>\n<\/ul>\n<p>State-paid and chargeable consultations.<\/p>\n<hr \/>\n<p>Gynaecologist\u00a0<strong>Irina Jermakova:<\/strong>\u00a0works in the area of planned gynaecology.<\/p>\n<p>Specialization:<\/p>\n<ul>\n<li>diagnostics and treatment of precancerous diseases of the uterine cervix: cytological screening examinations and colposcopy, target biopsy;<\/li>\n<li>surgical excisions of mucous membrane of uterine cervix (cone-shaped, loop).<\/li>\n<\/ul>\n<p>Doctoral student of Riga Stradi\u0146\u0161 University.<\/p>\n<p>State-paid and chargeable consultations.<\/p>\n<hr \/>\n<p>Gynaecologist\u00a0<strong>Marija V\u0113vere<\/strong>: carries out diagnostics and treatment of gynaecological diseases.<\/p>\n<p>Specialization:<\/p>\n<ul>\n<li>selection of contraception and family planning;<\/li>\n<li>menopause;<\/li>\n<li>benign tumours (ovarian cysts, myomas, polyps);<\/li>\n<li>diagnostics and treatment of endometriosis, diagnostics and treatment of gynaecological infections.<\/li>\n<\/ul>\n<p>State-paid and chargeable consultations.<\/p>\n<hr \/>\n<p><strong>In order to register for an out-patient consultation by the specialist:<\/strong><\/p>\n<p><strong>call on (+371) 67000610<\/strong>[\/vc_column_text][\/vc_column][\/vc_row][vc_row][vc_column width=&#8221;1\/2&#8243;]\n<div class=\"as-cta-button born-mt-none born-mb-none\">\n    <a href=\"https:\/\/aslimnica.lv\/en\/e-pieraksts\" target=\"\" rel=\"\">\n        <span class=\"heading\">\n            <span>E-Appointment<\/span>\n        <\/span>\n    <\/a>\n<\/div>\n[\/vc_column][vc_column width=&#8221;1\/2&#8243;][\/vc_column][\/vc_row]<\/p>\n<\/div>","protected":false},"excerpt":{"rendered":"<p>[vc_row][vc_column][vc_column_text] The following consultations and medical services are provided by gynaecologists in the In-patient Department \u201cGai\u013cezers\u201d: preventive gynaecological examinations, including cervical cancer screening upon presenting an invitation; treatment of precancerous diseases of the uterine cervix for women with pathologies discovered within the framework of national cervical cancer screening programme; colposcopy with target biopsy; surgical treatment<\/p>\n","protected":false},"author":49,"featured_media":0,"parent":22401,"menu_order":0,"comment_status":"closed","ping_status":"closed","template":"","meta":{"_acf_changed":false,"inline_featured_image":false,"footnotes":""},"class_list":["post-22491","page","type-page","status-publish","hentry"],"acf":[],"yoast_head":"<!-- This site is optimized with the Yoast SEO plugin v27.1.1 - https:\/\/yoast.com\/product\/yoast-seo-wordpress\/ -->\n<title>Gynaecologists - aSlimn\u012bca<\/title>\n<meta name=\"robots\" content=\"index, follow, max-snippet:-1, max-image-preview:large, max-video-preview:-1\" \/>\n<link rel=\"canonical\" href=\"https:\/\/aslimnica.lv\/en\/pakalpojumi\/arstniecibas-nozares\/gynaecologists\/\" \/>\n<meta property=\"og:locale\" content=\"en_US\" \/>\n<meta property=\"og:type\" content=\"article\" \/>\n<meta property=\"og:title\" content=\"Gynaecologists - aSlimn\u012bca\" \/>\n<meta property=\"og:description\" content=\"[vc_row][vc_column][vc_column_text] The following consultations and medical services are provided by gynaecologists in the In-patient Department \u201cGai\u013cezers\u201d: preventive gynaecological examinations, including cervical cancer screening upon presenting an invitation; treatment of precancerous diseases of the uterine cervix for women with pathologies discovered within the framework of national cervical cancer screening programme; colposcopy with target biopsy; surgical treatment\" \/>\n<meta property=\"og:url\" content=\"https:\/\/aslimnica.lv\/en\/pakalpojumi\/arstniecibas-nozares\/gynaecologists\/\" \/>\n<meta property=\"og:site_name\" content=\"aSlimn\u012bca\" \/>\n<meta property=\"article:modified_time\" content=\"2024-02-20T07:48:23+00:00\" \/>\n<meta property=\"og:image\" content=\"https:\/\/aslimnica.lv\/wp-content\/uploads\/2024\/02\/20240123_090044-262x390.jpg\" \/>\n<meta name=\"twitter:card\" content=\"summary_large_image\" \/>\n<meta name=\"twitter:label1\" content=\"Est. reading time\" \/>\n\t<meta name=\"twitter:data1\" content=\"4 minutes\" \/>\n<script type=\"application\/ld+json\" class=\"yoast-schema-graph\">{\"@context\":\"https:\/\/schema.org\",\"@graph\":[{\"@type\":\"WebPage\",\"@id\":\"https:\/\/aslimnica.lv\/en\/pakalpojumi\/arstniecibas-nozares\/gynaecologists\/\",\"url\":\"https:\/\/aslimnica.lv\/en\/pakalpojumi\/arstniecibas-nozares\/gynaecologists\/\",\"name\":\"Gynaecologists - aSlimn\u012bca\",\"isPartOf\":{\"@id\":\"https:\/\/aslimnica.lv\/en\/#website\"},\"primaryImageOfPage\":{\"@id\":\"https:\/\/aslimnica.lv\/en\/pakalpojumi\/arstniecibas-nozares\/gynaecologists\/#primaryimage\"},\"image\":{\"@id\":\"https:\/\/aslimnica.lv\/en\/pakalpojumi\/arstniecibas-nozares\/gynaecologists\/#primaryimage\"},\"thumbnailUrl\":\"https:\/\/aslimnica.lv\/wp-content\/uploads\/2024\/02\/20240123_090044-262x390.jpg\",\"datePublished\":\"2021-06-09T08:46:12+00:00\",\"dateModified\":\"2024-02-20T07:48:23+00:00\",\"breadcrumb\":{\"@id\":\"https:\/\/aslimnica.lv\/en\/pakalpojumi\/arstniecibas-nozares\/gynaecologists\/#breadcrumb\"},\"inLanguage\":\"en-US\",\"potentialAction\":[{\"@type\":\"ReadAction\",\"target\":[\"https:\/\/aslimnica.lv\/en\/pakalpojumi\/arstniecibas-nozares\/gynaecologists\/\"]}]},{\"@type\":\"ImageObject\",\"inLanguage\":\"en-US\",\"@id\":\"https:\/\/aslimnica.lv\/en\/pakalpojumi\/arstniecibas-nozares\/gynaecologists\/#primaryimage\",\"url\":\"https:\/\/aslimnica.lv\/wp-content\/uploads\/2024\/02\/20240123_090044-262x390.jpg\",\"contentUrl\":\"https:\/\/aslimnica.lv\/wp-content\/uploads\/2024\/02\/20240123_090044-262x390.jpg\"},{\"@type\":\"BreadcrumbList\",\"@id\":\"https:\/\/aslimnica.lv\/en\/pakalpojumi\/arstniecibas-nozares\/gynaecologists\/#breadcrumb\",\"itemListElement\":[{\"@type\":\"ListItem\",\"position\":1,\"name\":\"Home\",\"item\":\"https:\/\/aslimnica.lv\/en\/\"},{\"@type\":\"ListItem\",\"position\":2,\"name\":\"Services\",\"item\":\"https:\/\/aslimnica.lv\/en\/pakalpojumi\/\"},{\"@type\":\"ListItem\",\"position\":3,\"name\":\"Specialists\",\"item\":\"https:\/\/aslimnica.lv\/en\/pakalpojumi\/arstniecibas-nozares\/\"},{\"@type\":\"ListItem\",\"position\":4,\"name\":\"Gynaecologists\"}]},{\"@type\":\"WebSite\",\"@id\":\"https:\/\/aslimnica.lv\/en\/#website\",\"url\":\"https:\/\/aslimnica.lv\/en\/\",\"name\":\"aSlimn\u012bca\",\"description\":\"R\u012bgas Austrumu k\u012bnisk\u0101 universit\u0101tes slimn\u012bca\",\"potentialAction\":[{\"@type\":\"SearchAction\",\"target\":{\"@type\":\"EntryPoint\",\"urlTemplate\":\"https:\/\/aslimnica.lv\/en\/?s={search_term_string}\"},\"query-input\":{\"@type\":\"PropertyValueSpecification\",\"valueRequired\":true,\"valueName\":\"search_term_string\"}}],\"inLanguage\":\"en-US\"}]}<\/script>\n<!-- \/ Yoast SEO plugin. -->","yoast_head_json":{"title":"Gynaecologists - aSlimn\u012bca","robots":{"index":"index","follow":"follow","max-snippet":"max-snippet:-1","max-image-preview":"max-image-preview:large","max-video-preview":"max-video-preview:-1"},"canonical":"https:\/\/aslimnica.lv\/en\/pakalpojumi\/arstniecibas-nozares\/gynaecologists\/","og_locale":"en_US","og_type":"article","og_title":"Gynaecologists - aSlimn\u012bca","og_description":"[vc_row][vc_column][vc_column_text] The following consultations and medical services are provided by gynaecologists in the In-patient Department \u201cGai\u013cezers\u201d: preventive gynaecological examinations, including cervical cancer screening upon presenting an invitation; treatment of precancerous diseases of the uterine cervix for women with pathologies discovered within the framework of national cervical cancer screening programme; colposcopy with target biopsy; surgical treatment","og_url":"https:\/\/aslimnica.lv\/en\/pakalpojumi\/arstniecibas-nozares\/gynaecologists\/","og_site_name":"aSlimn\u012bca","article_modified_time":"2024-02-20T07:48:23+00:00","og_image":[{"url":"https:\/\/aslimnica.lv\/wp-content\/uploads\/2024\/02\/20240123_090044-262x390.jpg","type":"","width":"","height":""}],"twitter_card":"summary_large_image","twitter_misc":{"Est. reading time":"4 minutes"},"schema":{"@context":"https:\/\/schema.org","@graph":[{"@type":"WebPage","@id":"https:\/\/aslimnica.lv\/en\/pakalpojumi\/arstniecibas-nozares\/gynaecologists\/","url":"https:\/\/aslimnica.lv\/en\/pakalpojumi\/arstniecibas-nozares\/gynaecologists\/","name":"Gynaecologists - aSlimn\u012bca","isPartOf":{"@id":"https:\/\/aslimnica.lv\/en\/#website"},"primaryImageOfPage":{"@id":"https:\/\/aslimnica.lv\/en\/pakalpojumi\/arstniecibas-nozares\/gynaecologists\/#primaryimage"},"image":{"@id":"https:\/\/aslimnica.lv\/en\/pakalpojumi\/arstniecibas-nozares\/gynaecologists\/#primaryimage"},"thumbnailUrl":"https:\/\/aslimnica.lv\/wp-content\/uploads\/2024\/02\/20240123_090044-262x390.jpg","datePublished":"2021-06-09T08:46:12+00:00","dateModified":"2024-02-20T07:48:23+00:00","breadcrumb":{"@id":"https:\/\/aslimnica.lv\/en\/pakalpojumi\/arstniecibas-nozares\/gynaecologists\/#breadcrumb"},"inLanguage":"en-US","potentialAction":[{"@type":"ReadAction","target":["https:\/\/aslimnica.lv\/en\/pakalpojumi\/arstniecibas-nozares\/gynaecologists\/"]}]},{"@type":"ImageObject","inLanguage":"en-US","@id":"https:\/\/aslimnica.lv\/en\/pakalpojumi\/arstniecibas-nozares\/gynaecologists\/#primaryimage","url":"https:\/\/aslimnica.lv\/wp-content\/uploads\/2024\/02\/20240123_090044-262x390.jpg","contentUrl":"https:\/\/aslimnica.lv\/wp-content\/uploads\/2024\/02\/20240123_090044-262x390.jpg"},{"@type":"BreadcrumbList","@id":"https:\/\/aslimnica.lv\/en\/pakalpojumi\/arstniecibas-nozares\/gynaecologists\/#breadcrumb","itemListElement":[{"@type":"ListItem","position":1,"name":"Home","item":"https:\/\/aslimnica.lv\/en\/"},{"@type":"ListItem","position":2,"name":"Services","item":"https:\/\/aslimnica.lv\/en\/pakalpojumi\/"},{"@type":"ListItem","position":3,"name":"Specialists","item":"https:\/\/aslimnica.lv\/en\/pakalpojumi\/arstniecibas-nozares\/"},{"@type":"ListItem","position":4,"name":"Gynaecologists"}]},{"@type":"WebSite","@id":"https:\/\/aslimnica.lv\/en\/#website","url":"https:\/\/aslimnica.lv\/en\/","name":"aSlimn\u012bca","description":"R\u012bgas Austrumu k\u012bnisk\u0101 universit\u0101tes slimn\u012bca","potentialAction":[{"@type":"SearchAction","target":{"@type":"EntryPoint","urlTemplate":"https:\/\/aslimnica.lv\/en\/?s={search_term_string}"},"query-input":{"@type":"PropertyValueSpecification","valueRequired":true,"valueName":"search_term_string"}}],"inLanguage":"en-US"}]}},"_links":{"self":[{"href":"https:\/\/aslimnica.lv\/en\/wp-json\/wp\/v2\/pages\/22491","targetHints":{"allow":["GET"]}}],"collection":[{"href":"https:\/\/aslimnica.lv\/en\/wp-json\/wp\/v2\/pages"}],"about":[{"href":"https:\/\/aslimnica.lv\/en\/wp-json\/wp\/v2\/types\/page"}],"author":[{"embeddable":true,"href":"https:\/\/aslimnica.lv\/en\/wp-json\/wp\/v2\/users\/49"}],"replies":[{"embeddable":true,"href":"https:\/\/aslimnica.lv\/en\/wp-json\/wp\/v2\/comments?post=22491"}],"version-history":[{"count":3,"href":"https:\/\/aslimnica.lv\/en\/wp-json\/wp\/v2\/pages\/22491\/revisions"}],"predecessor-version":[{"id":59402,"href":"https:\/\/aslimnica.lv\/en\/wp-json\/wp\/v2\/pages\/22491\/revisions\/59402"}],"up":[{"embeddable":true,"href":"https:\/\/aslimnica.lv\/en\/wp-json\/wp\/v2\/pages\/22401"}],"wp:attachment":[{"href":"https:\/\/aslimnica.lv\/en\/wp-json\/wp\/v2\/media?parent=22491"}],"curies":[{"name":"wp","href":"https:\/\/api.w.org\/{rel}","templated":true}]}}