{"id":22464,"date":"2020-12-02T16:18:57","date_gmt":"2020-12-02T14:18:57","guid":{"rendered":"https:\/\/aslimnica.lv\/par-mums\/hospital-management\/arstniecibas-padome-un-galvenie-specialisti\/"},"modified":"2026-01-07T08:01:22","modified_gmt":"2026-01-07T06:01:22","slug":"treatment-council","status":"publish","type":"page","link":"https:\/\/aslimnica.lv\/en\/par-mums\/hospital-management\/treatment-council\/","title":{"rendered":"Treatment Council and chief specialists"},"content":{"rendered":"<p class=\"rtejustify\">In order to promote the development of health care services at RIGA EAST UNIVERSITY HOSPITAL and advance education and science policy, a coordinating institution \u2013 Treatment Council \u2013 has been founded.<\/p>\n<p class=\"rtejustify\"><strong>It comprises chief specialists of different fields of RIGA EAST UNIVERSITY HOSPITAL.<\/strong><\/p>\n<p><img loading=\"lazy\" decoding=\"async\" class=\"alignnone wp-image-58795 \" src=\"https:\/\/aslimnica.lv\/wp-content\/uploads\/2024\/02\/20240123_090044-scaled.jpg\" sizes=\"auto, (max-width: 264px) 100vw, 264px\" srcset=\"https:\/\/aslimnica.lv\/wp-content\/uploads\/2024\/02\/20240123_090044-scaled.jpg 1718w, https:\/\/aslimnica.lv\/wp-content\/uploads\/2024\/02\/20240123_090044-201x300.jpg 201w, https:\/\/aslimnica.lv\/wp-content\/uploads\/2024\/02\/20240123_090044-687x1024.jpg 687w, https:\/\/aslimnica.lv\/wp-content\/uploads\/2024\/02\/20240123_090044-768x1144.jpg 768w, https:\/\/aslimnica.lv\/wp-content\/uploads\/2024\/02\/20240123_090044-1031x1536.jpg 1031w, https:\/\/aslimnica.lv\/wp-content\/uploads\/2024\/02\/20240123_090044-1374x2048.jpg 1374w, https:\/\/aslimnica.lv\/wp-content\/uploads\/2024\/02\/20240123_090044-1400x2086.jpg 1400w, https:\/\/aslimnica.lv\/wp-content\/uploads\/2024\/02\/20240123_090044-208x310.jpg 208w, https:\/\/aslimnica.lv\/wp-content\/uploads\/2024\/02\/20240123_090044-262x390.jpg 262w, https:\/\/aslimnica.lv\/wp-content\/uploads\/2024\/02\/20240123_090044-700x1043.jpg 700w\" alt=\"\" width=\"264\" height=\"393\" \/><\/p>\n<p>Chief Specialist in Gynecology and Obstetrics, Chair of the Medical Council, <strong>Prof. Dace Rezeberga.<\/strong><\/p>\n<p><img loading=\"lazy\" decoding=\"async\" class=\"alignnone wp-image-64856 \" src=\"https:\/\/aslimnica.lv\/wp-content\/uploads\/2024\/09\/Olegs-Suba-e1762351599751.jpg\" sizes=\"auto, (max-width: 264px) 100vw, 264px\" srcset=\"https:\/\/aslimnica.lv\/wp-content\/uploads\/2024\/09\/Olegs-Suba-e1762351599751.jpg 1020w, https:\/\/aslimnica.lv\/wp-content\/uploads\/2024\/09\/Olegs-Suba-e1762351599751-283x300.jpg 283w, https:\/\/aslimnica.lv\/wp-content\/uploads\/2024\/09\/Olegs-Suba-e1762351599751-965x1024.jpg 965w, https:\/\/aslimnica.lv\/wp-content\/uploads\/2024\/09\/Olegs-Suba-e1762351599751-768x815.jpg 768w, https:\/\/aslimnica.lv\/wp-content\/uploads\/2024\/09\/Olegs-Suba-e1762351599751-292x310.jpg 292w, https:\/\/aslimnica.lv\/wp-content\/uploads\/2024\/09\/Olegs-Suba-e1762351599751-310x329.jpg 310w, https:\/\/aslimnica.lv\/wp-content\/uploads\/2024\/09\/Olegs-Suba-e1762351599751-700x743.jpg 700w\" alt=\"\" width=\"264\" height=\"280\" \/><\/p>\n<p>Chief Specialist in Anesthesiology and Emergency Medicine, Deputy Chair of the Medical Council, <strong>O\u013cegs \u0160uba<\/strong><\/p>\n<p><img loading=\"lazy\" decoding=\"async\" class=\"alignnone size-medium wp-image-633\" src=\"https:\/\/aslimnica.lv\/wp-content\/uploads\/2020\/12\/DSC58729-186x300.jpg\" alt=\"\" width=\"186\" height=\"300\" srcset=\"https:\/\/aslimnica.lv\/wp-content\/uploads\/2020\/12\/DSC58729-186x300.jpg 186w, https:\/\/aslimnica.lv\/wp-content\/uploads\/2020\/12\/DSC58729-634x1024.jpg 634w, https:\/\/aslimnica.lv\/wp-content\/uploads\/2020\/12\/DSC58729-768x1241.jpg 768w, https:\/\/aslimnica.lv\/wp-content\/uploads\/2020\/12\/DSC58729-951x1536.jpg 951w, https:\/\/aslimnica.lv\/wp-content\/uploads\/2020\/12\/DSC58729-1268x2048.jpg 1268w, https:\/\/aslimnica.lv\/wp-content\/uploads\/2020\/12\/DSC58729-1400x2262.jpg 1400w, https:\/\/aslimnica.lv\/wp-content\/uploads\/2020\/12\/DSC58729-217x350.jpg 217w, https:\/\/aslimnica.lv\/wp-content\/uploads\/2020\/12\/DSC58729-192x310.jpg 192w, https:\/\/aslimnica.lv\/wp-content\/uploads\/2020\/12\/DSC58729-124x200.jpg 124w, https:\/\/aslimnica.lv\/wp-content\/uploads\/2020\/12\/DSC58729-241x390.jpg 241w, https:\/\/aslimnica.lv\/wp-content\/uploads\/2020\/12\/DSC58729-scaled.jpg 1585w\" sizes=\"auto, (max-width: 186px) 100vw, 186px\" \/><\/p>\n<p>Chief specialist for surgery, Prof.<strong> Haralds Plaudis<\/strong><\/p>\n<p><img loading=\"lazy\" decoding=\"async\" class=\"alignnone size-medium wp-image-679\" src=\"https:\/\/aslimnica.lv\/wp-content\/uploads\/2020\/12\/DSC6575-200x300.jpg\" alt=\"\" width=\"200\" height=\"300\" srcset=\"https:\/\/aslimnica.lv\/wp-content\/uploads\/2020\/12\/DSC6575-200x300.jpg 200w, https:\/\/aslimnica.lv\/wp-content\/uploads\/2020\/12\/DSC6575-683x1024.jpg 683w, https:\/\/aslimnica.lv\/wp-content\/uploads\/2020\/12\/DSC6575-768x1152.jpg 768w, https:\/\/aslimnica.lv\/wp-content\/uploads\/2020\/12\/DSC6575-1024x1536.jpg 1024w, https:\/\/aslimnica.lv\/wp-content\/uploads\/2020\/12\/DSC6575-1365x2048.jpg 1365w, https:\/\/aslimnica.lv\/wp-content\/uploads\/2020\/12\/DSC6575-1400x2100.jpg 1400w, https:\/\/aslimnica.lv\/wp-content\/uploads\/2020\/12\/DSC6575-233x350.jpg 233w, https:\/\/aslimnica.lv\/wp-content\/uploads\/2020\/12\/DSC6575-207x310.jpg 207w, https:\/\/aslimnica.lv\/wp-content\/uploads\/2020\/12\/DSC6575-133x200.jpg 133w, https:\/\/aslimnica.lv\/wp-content\/uploads\/2020\/12\/DSC6575-260x390.jpg 260w, https:\/\/aslimnica.lv\/wp-content\/uploads\/2020\/12\/DSC6575-scaled.jpg 1707w\" sizes=\"auto, (max-width: 200px) 100vw, 200px\" \/><\/p>\n<p>Chief specialist for physical medicine and rehabilitation, Prof. <strong>Aivars V\u0113tra<\/strong><\/p>\n<p><img loading=\"lazy\" decoding=\"async\" class=\"alignnone size-medium wp-image-651\" src=\"https:\/\/aslimnica.lv\/wp-content\/uploads\/2020\/12\/gaida-krumina-2-300x200.jpg\" alt=\"\" width=\"300\" height=\"200\" srcset=\"https:\/\/aslimnica.lv\/wp-content\/uploads\/2020\/12\/gaida-krumina-2-300x200.jpg 300w, https:\/\/aslimnica.lv\/wp-content\/uploads\/2020\/12\/gaida-krumina-2-1024x681.jpg 1024w, https:\/\/aslimnica.lv\/wp-content\/uploads\/2020\/12\/gaida-krumina-2-768x511.jpg 768w, https:\/\/aslimnica.lv\/wp-content\/uploads\/2020\/12\/gaida-krumina-2-1536x1022.jpg 1536w, https:\/\/aslimnica.lv\/wp-content\/uploads\/2020\/12\/gaida-krumina-2-2048x1363.jpg 2048w, https:\/\/aslimnica.lv\/wp-content\/uploads\/2020\/12\/gaida-krumina-2-1400x932.jpg 1400w, https:\/\/aslimnica.lv\/wp-content\/uploads\/2020\/12\/gaida-krumina-2-526x350.jpg 526w, https:\/\/aslimnica.lv\/wp-content\/uploads\/2020\/12\/gaida-krumina-2-466x310.jpg 466w, https:\/\/aslimnica.lv\/wp-content\/uploads\/2020\/12\/gaida-krumina-2-200x133.jpg 200w, https:\/\/aslimnica.lv\/wp-content\/uploads\/2020\/12\/gaida-krumina-2-310x206.jpg 310w\" sizes=\"auto, (max-width: 300px) 100vw, 300px\" \/><\/p>\n<p>Chief specialist for diagnostic radiology, Prof. <strong>Gaida Kr\u016bmi\u0146a<\/strong><\/p>\n<p><img loading=\"lazy\" decoding=\"async\" class=\"size-medium wp-image-657\" src=\"https:\/\/aslimnica.lv\/wp-content\/uploads\/2020\/12\/viksnaL-211x300.jpg\" alt=\"\" width=\"211\" height=\"300\" srcset=\"https:\/\/aslimnica.lv\/wp-content\/uploads\/2020\/12\/viksnaL-211x300.jpg 211w, https:\/\/aslimnica.lv\/wp-content\/uploads\/2020\/12\/viksnaL-721x1024.jpg 721w, https:\/\/aslimnica.lv\/wp-content\/uploads\/2020\/12\/viksnaL-768x1090.jpg 768w, https:\/\/aslimnica.lv\/wp-content\/uploads\/2020\/12\/viksnaL-1082x1536.jpg 1082w, https:\/\/aslimnica.lv\/wp-content\/uploads\/2020\/12\/viksnaL-1443x2048.jpg 1443w, https:\/\/aslimnica.lv\/wp-content\/uploads\/2020\/12\/viksnaL-1400x1987.jpg 1400w, https:\/\/aslimnica.lv\/wp-content\/uploads\/2020\/12\/viksnaL-247x350.jpg 247w, https:\/\/aslimnica.lv\/wp-content\/uploads\/2020\/12\/viksnaL-218x310.jpg 218w, https:\/\/aslimnica.lv\/wp-content\/uploads\/2020\/12\/viksnaL-141x200.jpg 141w, https:\/\/aslimnica.lv\/wp-content\/uploads\/2020\/12\/viksnaL-275x390.jpg 275w, https:\/\/aslimnica.lv\/wp-content\/uploads\/2020\/12\/viksnaL-scaled.jpg 1804w\" sizes=\"auto, (max-width: 211px) 100vw, 211px\" \/><\/p>\n<p id=\"tw-target-text\" class=\"tw-data-text tw-text-large tw-ta\" dir=\"ltr\" data-placeholder=\"Tulkojums\" aria-label=\"Tulkojums\" data-ved=\"2ahUKEwjZtM3Js4CFAxVUBhAIHdOLBg4Q3ewLegQIDBAU\"><span class=\"Y2IQFc\" lang=\"en\">Advisor to the board in strategic issues of infectology<\/span>, Prof. <strong>Ludmila V\u012bksna<\/strong><\/p>\n<p><img loading=\"lazy\" decoding=\"async\" class=\"alignnone wp-image-639 size-medium\" src=\"https:\/\/aslimnica.lv\/wp-content\/uploads\/2020\/12\/AAA_3170-scaled-e1623158954783-200x300.jpg\" alt=\"\" width=\"200\" height=\"300\" srcset=\"https:\/\/aslimnica.lv\/wp-content\/uploads\/2020\/12\/AAA_3170-scaled-e1623158954783-200x300.jpg 200w, https:\/\/aslimnica.lv\/wp-content\/uploads\/2020\/12\/AAA_3170-scaled-e1623158954783-684x1024.jpg 684w, https:\/\/aslimnica.lv\/wp-content\/uploads\/2020\/12\/AAA_3170-scaled-e1623158954783-768x1150.jpg 768w, https:\/\/aslimnica.lv\/wp-content\/uploads\/2020\/12\/AAA_3170-scaled-e1623158954783-1025x1536.jpg 1025w, https:\/\/aslimnica.lv\/wp-content\/uploads\/2020\/12\/AAA_3170-scaled-e1623158954783-1367x2048.jpg 1367w, https:\/\/aslimnica.lv\/wp-content\/uploads\/2020\/12\/AAA_3170-scaled-e1623158954783-1400x2097.jpg 1400w, https:\/\/aslimnica.lv\/wp-content\/uploads\/2020\/12\/AAA_3170-scaled-e1623158954783-207x310.jpg 207w, https:\/\/aslimnica.lv\/wp-content\/uploads\/2020\/12\/AAA_3170-scaled-e1623158954783-260x390.jpg 260w, https:\/\/aslimnica.lv\/wp-content\/uploads\/2020\/12\/AAA_3170-scaled-e1623158954783.jpg 1709w\" sizes=\"auto, (max-width: 200px) 100vw, 200px\" \/><\/p>\n<p>Chief specialist for pulmonology, Assoc. Prof. <strong>Alvils Krams<\/strong><\/p>\n<p><img loading=\"lazy\" decoding=\"async\" class=\"alignnone size-medium wp-image-641\" src=\"https:\/\/aslimnica.lv\/wp-content\/uploads\/2020\/12\/AAA_3470-300x200.jpg\" alt=\"\" width=\"300\" height=\"200\" srcset=\"https:\/\/aslimnica.lv\/wp-content\/uploads\/2020\/12\/AAA_3470-300x200.jpg 300w, https:\/\/aslimnica.lv\/wp-content\/uploads\/2020\/12\/AAA_3470-1024x684.jpg 1024w, https:\/\/aslimnica.lv\/wp-content\/uploads\/2020\/12\/AAA_3470-768x513.jpg 768w, https:\/\/aslimnica.lv\/wp-content\/uploads\/2020\/12\/AAA_3470-1536x1025.jpg 1536w, https:\/\/aslimnica.lv\/wp-content\/uploads\/2020\/12\/AAA_3470-2048x1367.jpg 2048w, https:\/\/aslimnica.lv\/wp-content\/uploads\/2020\/12\/AAA_3470-1400x935.jpg 1400w, https:\/\/aslimnica.lv\/wp-content\/uploads\/2020\/12\/AAA_3470-524x350.jpg 524w, https:\/\/aslimnica.lv\/wp-content\/uploads\/2020\/12\/AAA_3470-464x310.jpg 464w, https:\/\/aslimnica.lv\/wp-content\/uploads\/2020\/12\/AAA_3470-200x134.jpg 200w, https:\/\/aslimnica.lv\/wp-content\/uploads\/2020\/12\/AAA_3470-310x207.jpg 310w\" sizes=\"auto, (max-width: 300px) 100vw, 300px\" \/><\/p>\n<p>Chief specialist for thoracic surgery, Dr.Med. <strong>M\u0101ris Ap\u0161valks<\/strong><\/p>\n<p><img loading=\"lazy\" decoding=\"async\" class=\"alignnone wp-image-20454\" src=\"https:\/\/aslimnica.lv\/wp-content\/uploads\/2021\/04\/MV_09456n-653x1024.jpg\" alt=\"\" width=\"218\" height=\"342\" srcset=\"https:\/\/aslimnica.lv\/wp-content\/uploads\/2021\/04\/MV_09456n-653x1024.jpg 653w, https:\/\/aslimnica.lv\/wp-content\/uploads\/2021\/04\/MV_09456n-191x300.jpg 191w, https:\/\/aslimnica.lv\/wp-content\/uploads\/2021\/04\/MV_09456n-768x1205.jpg 768w, https:\/\/aslimnica.lv\/wp-content\/uploads\/2021\/04\/MV_09456n-979x1536.jpg 979w, https:\/\/aslimnica.lv\/wp-content\/uploads\/2021\/04\/MV_09456n-1306x2048.jpg 1306w, https:\/\/aslimnica.lv\/wp-content\/uploads\/2021\/04\/MV_09456n-1400x2196.jpg 1400w, https:\/\/aslimnica.lv\/wp-content\/uploads\/2021\/04\/MV_09456n-198x310.jpg 198w, https:\/\/aslimnica.lv\/wp-content\/uploads\/2021\/04\/MV_09456n-249x390.jpg 249w, https:\/\/aslimnica.lv\/wp-content\/uploads\/2021\/04\/MV_09456n-scaled.jpg 1632w\" sizes=\"auto, (max-width: 218px) 100vw, 218px\" \/><\/p>\n<p>Chief specialist for oncology<strong>,\u00a0<\/strong>Assoc.Prof.Med<strong>. Iveta Kudaba<\/strong><\/p>\n<p><img loading=\"lazy\" decoding=\"async\" class=\"alignnone size-medium wp-image-627\" src=\"https:\/\/aslimnica.lv\/wp-content\/uploads\/2020\/12\/MV_08924sperga-201x300.jpg\" alt=\"\" width=\"201\" height=\"300\" srcset=\"https:\/\/aslimnica.lv\/wp-content\/uploads\/2020\/12\/MV_08924sperga-201x300.jpg 201w, https:\/\/aslimnica.lv\/wp-content\/uploads\/2020\/12\/MV_08924sperga-685x1024.jpg 685w, https:\/\/aslimnica.lv\/wp-content\/uploads\/2020\/12\/MV_08924sperga-768x1148.jpg 768w, https:\/\/aslimnica.lv\/wp-content\/uploads\/2020\/12\/MV_08924sperga-1028x1536.jpg 1028w, https:\/\/aslimnica.lv\/wp-content\/uploads\/2020\/12\/MV_08924sperga-1370x2048.jpg 1370w, https:\/\/aslimnica.lv\/wp-content\/uploads\/2020\/12\/MV_08924sperga-1400x2092.jpg 1400w, https:\/\/aslimnica.lv\/wp-content\/uploads\/2020\/12\/MV_08924sperga-234x350.jpg 234w, https:\/\/aslimnica.lv\/wp-content\/uploads\/2020\/12\/MV_08924sperga-207x310.jpg 207w, https:\/\/aslimnica.lv\/wp-content\/uploads\/2020\/12\/MV_08924sperga-134x200.jpg 134w, https:\/\/aslimnica.lv\/wp-content\/uploads\/2020\/12\/MV_08924sperga-261x390.jpg 261w, https:\/\/aslimnica.lv\/wp-content\/uploads\/2020\/12\/MV_08924sperga-scaled.jpg 1713w\" sizes=\"auto, (max-width: 201px) 100vw, 201px\" \/><\/p>\n<p>Chief specialist for pathology Dr.Med.<strong>\u00a0Maris Sperga<\/strong><\/p>\n<p><img loading=\"lazy\" decoding=\"async\" class=\"alignnone size-medium wp-image-655\" src=\"https:\/\/aslimnica.lv\/wp-content\/uploads\/2020\/12\/NIK_5321-203x300.jpg\" alt=\"\" width=\"203\" height=\"300\" srcset=\"https:\/\/aslimnica.lv\/wp-content\/uploads\/2020\/12\/NIK_5321-203x300.jpg 203w, https:\/\/aslimnica.lv\/wp-content\/uploads\/2020\/12\/NIK_5321-692x1024.jpg 692w, https:\/\/aslimnica.lv\/wp-content\/uploads\/2020\/12\/NIK_5321-768x1136.jpg 768w, https:\/\/aslimnica.lv\/wp-content\/uploads\/2020\/12\/NIK_5321-1038x1536.jpg 1038w, https:\/\/aslimnica.lv\/wp-content\/uploads\/2020\/12\/NIK_5321-1385x2048.jpg 1385w, https:\/\/aslimnica.lv\/wp-content\/uploads\/2020\/12\/NIK_5321-1400x2071.jpg 1400w, https:\/\/aslimnica.lv\/wp-content\/uploads\/2020\/12\/NIK_5321-237x350.jpg 237w, https:\/\/aslimnica.lv\/wp-content\/uploads\/2020\/12\/NIK_5321-210x310.jpg 210w, https:\/\/aslimnica.lv\/wp-content\/uploads\/2020\/12\/NIK_5321-135x200.jpg 135w, https:\/\/aslimnica.lv\/wp-content\/uploads\/2020\/12\/NIK_5321-264x390.jpg 264w, https:\/\/aslimnica.lv\/wp-content\/uploads\/2020\/12\/NIK_5321-scaled.jpg 1731w\" sizes=\"auto, (max-width: 203px) 100vw, 203px\" \/><\/p>\n<p>Chief specialist for scientific activities Prof.<strong> M\u0101rcis\u00a0Leja<\/strong><\/p>\n<hr \/>\n<p>The task of the Medical Council is to promote the development of healthcare services \u2014 including their accessibility and cost-effectiveness \u2014 by involving the hospital\u2019s leading specialists. The Council evaluates medical field programs and clinical guidelines, ensuring the balanced development of all medical specialties.<\/p>\n","protected":false},"excerpt":{"rendered":"<p>In order to promote the development of health care services at RIGA EAST UNIVERSITY HOSPITAL and advance education and science policy, a coordinating institution \u2013 Treatment Council \u2013 has been founded. It comprises chief specialists of different fields of RIGA EAST UNIVERSITY HOSPITAL. Chief Specialist in Gynecology and Obstetrics, Chair of the Medical Council, Prof.<\/p>\n","protected":false},"author":49,"featured_media":0,"parent":22450,"menu_order":0,"comment_status":"closed","ping_status":"closed","template":"","meta":{"_acf_changed":false,"inline_featured_image":false,"footnotes":""},"class_list":["post-22464","page","type-page","status-publish","hentry"],"acf":[],"yoast_head":"<!-- This site is optimized with the Yoast SEO plugin v27.1.1 - https:\/\/yoast.com\/product\/yoast-seo-wordpress\/ -->\n<title>Treatment Council and chief specialists - aSlimn\u012bca<\/title>\n<meta name=\"robots\" content=\"index, follow, max-snippet:-1, max-image-preview:large, max-video-preview:-1\" \/>\n<link rel=\"canonical\" href=\"https:\/\/aslimnica.lv\/en\/par-mums\/hospital-management\/treatment-council\/\" \/>\n<meta property=\"og:locale\" content=\"en_US\" \/>\n<meta property=\"og:type\" content=\"article\" \/>\n<meta property=\"og:title\" content=\"Treatment Council and chief specialists - aSlimn\u012bca\" \/>\n<meta property=\"og:description\" content=\"In order to promote the development of health care services at RIGA EAST UNIVERSITY HOSPITAL and advance education and science policy, a coordinating institution \u2013 Treatment Council \u2013 has been founded. It comprises chief specialists of different fields of RIGA EAST UNIVERSITY HOSPITAL. Chief Specialist in Gynecology and Obstetrics, Chair of the Medical Council, Prof.\" \/>\n<meta property=\"og:url\" content=\"https:\/\/aslimnica.lv\/en\/par-mums\/hospital-management\/treatment-council\/\" \/>\n<meta property=\"og:site_name\" content=\"aSlimn\u012bca\" \/>\n<meta property=\"article:modified_time\" content=\"2026-01-07T06:01:22+00:00\" \/>\n<meta property=\"og:image\" content=\"https:\/\/aslimnica.lv\/wp-content\/uploads\/2024\/02\/20240123_090044-scaled.jpg\" \/>\n\t<meta property=\"og:image:width\" content=\"1718\" \/>\n\t<meta property=\"og:image:height\" content=\"2560\" \/>\n\t<meta property=\"og:image:type\" content=\"image\/jpeg\" \/>\n<meta name=\"twitter:card\" content=\"summary_large_image\" \/>\n<meta name=\"twitter:label1\" content=\"Est. reading time\" \/>\n\t<meta name=\"twitter:data1\" content=\"4 minutes\" \/>\n<script type=\"application\/ld+json\" class=\"yoast-schema-graph\">{\"@context\":\"https:\/\/schema.org\",\"@graph\":[{\"@type\":\"WebPage\",\"@id\":\"https:\/\/aslimnica.lv\/en\/par-mums\/hospital-management\/treatment-council\/\",\"url\":\"https:\/\/aslimnica.lv\/en\/par-mums\/hospital-management\/treatment-council\/\",\"name\":\"Treatment Council and chief specialists - aSlimn\u012bca\",\"isPartOf\":{\"@id\":\"https:\/\/aslimnica.lv\/en\/#website\"},\"primaryImageOfPage\":{\"@id\":\"https:\/\/aslimnica.lv\/en\/par-mums\/hospital-management\/treatment-council\/#primaryimage\"},\"image\":{\"@id\":\"https:\/\/aslimnica.lv\/en\/par-mums\/hospital-management\/treatment-council\/#primaryimage\"},\"thumbnailUrl\":\"https:\/\/aslimnica.lv\/wp-content\/uploads\/2024\/02\/20240123_090044-scaled.jpg\",\"datePublished\":\"2020-12-02T14:18:57+00:00\",\"dateModified\":\"2026-01-07T06:01:22+00:00\",\"breadcrumb\":{\"@id\":\"https:\/\/aslimnica.lv\/en\/par-mums\/hospital-management\/treatment-council\/#breadcrumb\"},\"inLanguage\":\"en-US\",\"potentialAction\":[{\"@type\":\"ReadAction\",\"target\":[\"https:\/\/aslimnica.lv\/en\/par-mums\/hospital-management\/treatment-council\/\"]}]},{\"@type\":\"ImageObject\",\"inLanguage\":\"en-US\",\"@id\":\"https:\/\/aslimnica.lv\/en\/par-mums\/hospital-management\/treatment-council\/#primaryimage\",\"url\":\"https:\/\/aslimnica.lv\/wp-content\/uploads\/2024\/02\/20240123_090044-scaled.jpg\",\"contentUrl\":\"https:\/\/aslimnica.lv\/wp-content\/uploads\/2024\/02\/20240123_090044-scaled.jpg\"},{\"@type\":\"BreadcrumbList\",\"@id\":\"https:\/\/aslimnica.lv\/en\/par-mums\/hospital-management\/treatment-council\/#breadcrumb\",\"itemListElement\":[{\"@type\":\"ListItem\",\"position\":1,\"name\":\"Home\",\"item\":\"https:\/\/aslimnica.lv\/en\/\"},{\"@type\":\"ListItem\",\"position\":2,\"name\":\"About\",\"item\":\"https:\/\/aslimnica.lv\/en\/par-mums\/\"},{\"@type\":\"ListItem\",\"position\":3,\"name\":\"Hospital Management\",\"item\":\"https:\/\/aslimnica.lv\/en\/par-mums\/padome\/\"},{\"@type\":\"ListItem\",\"position\":4,\"name\":\"Treatment Council and chief specialists\"}]},{\"@type\":\"WebSite\",\"@id\":\"https:\/\/aslimnica.lv\/en\/#website\",\"url\":\"https:\/\/aslimnica.lv\/en\/\",\"name\":\"aSlimn\u012bca\",\"description\":\"R\u012bgas Austrumu k\u012bnisk\u0101 universit\u0101tes slimn\u012bca\",\"potentialAction\":[{\"@type\":\"SearchAction\",\"target\":{\"@type\":\"EntryPoint\",\"urlTemplate\":\"https:\/\/aslimnica.lv\/en\/?s={search_term_string}\"},\"query-input\":{\"@type\":\"PropertyValueSpecification\",\"valueRequired\":true,\"valueName\":\"search_term_string\"}}],\"inLanguage\":\"en-US\"}]}<\/script>\n<!-- \/ Yoast SEO plugin. -->","yoast_head_json":{"title":"Treatment Council and chief specialists - aSlimn\u012bca","robots":{"index":"index","follow":"follow","max-snippet":"max-snippet:-1","max-image-preview":"max-image-preview:large","max-video-preview":"max-video-preview:-1"},"canonical":"https:\/\/aslimnica.lv\/en\/par-mums\/hospital-management\/treatment-council\/","og_locale":"en_US","og_type":"article","og_title":"Treatment Council and chief specialists - aSlimn\u012bca","og_description":"In order to promote the development of health care services at RIGA EAST UNIVERSITY HOSPITAL and advance education and science policy, a coordinating institution \u2013 Treatment Council \u2013 has been founded. It comprises chief specialists of different fields of RIGA EAST UNIVERSITY HOSPITAL. Chief Specialist in Gynecology and Obstetrics, Chair of the Medical Council, Prof.","og_url":"https:\/\/aslimnica.lv\/en\/par-mums\/hospital-management\/treatment-council\/","og_site_name":"aSlimn\u012bca","article_modified_time":"2026-01-07T06:01:22+00:00","og_image":[{"width":1718,"height":2560,"url":"https:\/\/aslimnica.lv\/wp-content\/uploads\/2024\/02\/20240123_090044-scaled.jpg","type":"image\/jpeg"}],"twitter_card":"summary_large_image","twitter_misc":{"Est. reading time":"4 minutes"},"schema":{"@context":"https:\/\/schema.org","@graph":[{"@type":"WebPage","@id":"https:\/\/aslimnica.lv\/en\/par-mums\/hospital-management\/treatment-council\/","url":"https:\/\/aslimnica.lv\/en\/par-mums\/hospital-management\/treatment-council\/","name":"Treatment Council and chief specialists - aSlimn\u012bca","isPartOf":{"@id":"https:\/\/aslimnica.lv\/en\/#website"},"primaryImageOfPage":{"@id":"https:\/\/aslimnica.lv\/en\/par-mums\/hospital-management\/treatment-council\/#primaryimage"},"image":{"@id":"https:\/\/aslimnica.lv\/en\/par-mums\/hospital-management\/treatment-council\/#primaryimage"},"thumbnailUrl":"https:\/\/aslimnica.lv\/wp-content\/uploads\/2024\/02\/20240123_090044-scaled.jpg","datePublished":"2020-12-02T14:18:57+00:00","dateModified":"2026-01-07T06:01:22+00:00","breadcrumb":{"@id":"https:\/\/aslimnica.lv\/en\/par-mums\/hospital-management\/treatment-council\/#breadcrumb"},"inLanguage":"en-US","potentialAction":[{"@type":"ReadAction","target":["https:\/\/aslimnica.lv\/en\/par-mums\/hospital-management\/treatment-council\/"]}]},{"@type":"ImageObject","inLanguage":"en-US","@id":"https:\/\/aslimnica.lv\/en\/par-mums\/hospital-management\/treatment-council\/#primaryimage","url":"https:\/\/aslimnica.lv\/wp-content\/uploads\/2024\/02\/20240123_090044-scaled.jpg","contentUrl":"https:\/\/aslimnica.lv\/wp-content\/uploads\/2024\/02\/20240123_090044-scaled.jpg"},{"@type":"BreadcrumbList","@id":"https:\/\/aslimnica.lv\/en\/par-mums\/hospital-management\/treatment-council\/#breadcrumb","itemListElement":[{"@type":"ListItem","position":1,"name":"Home","item":"https:\/\/aslimnica.lv\/en\/"},{"@type":"ListItem","position":2,"name":"About","item":"https:\/\/aslimnica.lv\/en\/par-mums\/"},{"@type":"ListItem","position":3,"name":"Hospital Management","item":"https:\/\/aslimnica.lv\/en\/par-mums\/padome\/"},{"@type":"ListItem","position":4,"name":"Treatment Council and chief specialists"}]},{"@type":"WebSite","@id":"https:\/\/aslimnica.lv\/en\/#website","url":"https:\/\/aslimnica.lv\/en\/","name":"aSlimn\u012bca","description":"R\u012bgas Austrumu k\u012bnisk\u0101 universit\u0101tes slimn\u012bca","potentialAction":[{"@type":"SearchAction","target":{"@type":"EntryPoint","urlTemplate":"https:\/\/aslimnica.lv\/en\/?s={search_term_string}"},"query-input":{"@type":"PropertyValueSpecification","valueRequired":true,"valueName":"search_term_string"}}],"inLanguage":"en-US"}]}},"_links":{"self":[{"href":"https:\/\/aslimnica.lv\/en\/wp-json\/wp\/v2\/pages\/22464","targetHints":{"allow":["GET"]}}],"collection":[{"href":"https:\/\/aslimnica.lv\/en\/wp-json\/wp\/v2\/pages"}],"about":[{"href":"https:\/\/aslimnica.lv\/en\/wp-json\/wp\/v2\/types\/page"}],"author":[{"embeddable":true,"href":"https:\/\/aslimnica.lv\/en\/wp-json\/wp\/v2\/users\/49"}],"replies":[{"embeddable":true,"href":"https:\/\/aslimnica.lv\/en\/wp-json\/wp\/v2\/comments?post=22464"}],"version-history":[{"count":8,"href":"https:\/\/aslimnica.lv\/en\/wp-json\/wp\/v2\/pages\/22464\/revisions"}],"predecessor-version":[{"id":80153,"href":"https:\/\/aslimnica.lv\/en\/wp-json\/wp\/v2\/pages\/22464\/revisions\/80153"}],"up":[{"embeddable":true,"href":"https:\/\/aslimnica.lv\/en\/wp-json\/wp\/v2\/pages\/22450"}],"wp:attachment":[{"href":"https:\/\/aslimnica.lv\/en\/wp-json\/wp\/v2\/media?parent=22464"}],"curies":[{"name":"wp","href":"https:\/\/api.w.org\/{rel}","templated":true}]}}