{"id":22459,"date":"2020-11-06T14:51:53","date_gmt":"2020-11-06T12:51:53","guid":{"rendered":"https:\/\/aslimnica.lv\/par-mums\/hospital-management\/valde\/"},"modified":"2026-01-30T12:57:24","modified_gmt":"2026-01-30T10:57:24","slug":"board","status":"publish","type":"page","link":"https:\/\/aslimnica.lv\/en\/par-mums\/hospital-management\/board\/","title":{"rendered":"Hospital Board"},"content":{"rendered":"<p><a href=\"https:\/\/aslimnica.lv\/wp-content\/uploads\/2024\/09\/V_Beluns-png-677x1024.jpg\"><img loading=\"lazy\" decoding=\"async\" class=\"alignnone wp-image-65285\" src=\"https:\/\/aslimnica.lv\/wp-content\/uploads\/2024\/09\/V_Beluns-png-677x1024.jpg\" alt=\"\" width=\"301\" height=\"455\" srcset=\"https:\/\/aslimnica.lv\/wp-content\/uploads\/2024\/09\/V_Beluns-png-677x1024.jpg 677w, https:\/\/aslimnica.lv\/wp-content\/uploads\/2024\/09\/V_Beluns-png-198x300.jpg 198w, https:\/\/aslimnica.lv\/wp-content\/uploads\/2024\/09\/V_Beluns-png-768x1161.jpg 768w, https:\/\/aslimnica.lv\/wp-content\/uploads\/2024\/09\/V_Beluns-png-1016x1536.jpg 1016w, https:\/\/aslimnica.lv\/wp-content\/uploads\/2024\/09\/V_Beluns-png-205x310.jpg 205w, https:\/\/aslimnica.lv\/wp-content\/uploads\/2024\/09\/V_Beluns-png-258x390.jpg 258w, https:\/\/aslimnica.lv\/wp-content\/uploads\/2024\/09\/V_Beluns-png-700x1059.jpg 700w, https:\/\/aslimnica.lv\/wp-content\/uploads\/2024\/09\/V_Beluns-png.jpg 1058w\" sizes=\"auto, (max-width: 301px) 100vw, 301px\" \/><\/a><\/p>\n<p><strong>Chairman of the Board Vadims Be\u013cuns<\/strong><\/p>\n<hr \/>\n<p>&nbsp;<\/p>\n<p class=\"rtejustify\"><img loading=\"lazy\" decoding=\"async\" class=\"\" src=\"https:\/\/aslimnica.lv\/wp-content\/uploads\/2023\/02\/Kaspars-Plume-Aslimnica-scaled-e1677142253755.jpg\" width=\"288\" height=\"460\" \/><\/p>\n<p class=\"rtejustify\"><strong>Member of the Board Kaspars Pl\u016bme<\/strong><\/p>\n<hr \/>\n<p>&nbsp;<\/p>\n<p>&nbsp;<\/p>\n","protected":false},"excerpt":{"rendered":"<p>Chairman of the Board Vadims Be\u013cuns &nbsp; Member of the Board Kaspars Pl\u016bme &nbsp; &nbsp;<\/p>\n","protected":false},"author":49,"featured_media":0,"parent":22450,"menu_order":0,"comment_status":"closed","ping_status":"closed","template":"","meta":{"_acf_changed":false,"inline_featured_image":false,"footnotes":""},"class_list":["post-22459","page","type-page","status-publish","hentry"],"acf":[],"yoast_head":"<!-- This site is optimized with the Yoast SEO plugin v27.1.1 - https:\/\/yoast.com\/product\/yoast-seo-wordpress\/ -->\n<title>Hospital Board - aSlimn\u012bca<\/title>\n<meta name=\"robots\" content=\"index, follow, max-snippet:-1, max-image-preview:large, max-video-preview:-1\" \/>\n<link rel=\"canonical\" href=\"https:\/\/aslimnica.lv\/en\/par-mums\/hospital-management\/board\/\" \/>\n<meta property=\"og:locale\" content=\"en_US\" \/>\n<meta property=\"og:type\" content=\"article\" \/>\n<meta property=\"og:title\" content=\"Hospital Board - aSlimn\u012bca\" \/>\n<meta property=\"og:description\" content=\"Chairman of the Board Vadims Be\u013cuns &nbsp; Member of the Board Kaspars Pl\u016bme &nbsp; &nbsp;\" \/>\n<meta property=\"og:url\" content=\"https:\/\/aslimnica.lv\/en\/par-mums\/hospital-management\/board\/\" \/>\n<meta property=\"og:site_name\" content=\"aSlimn\u012bca\" \/>\n<meta property=\"article:modified_time\" content=\"2026-01-30T10:57:24+00:00\" \/>\n<meta property=\"og:image\" content=\"https:\/\/aslimnica.lv\/wp-content\/uploads\/2024\/09\/V_Beluns-png.jpg\" \/>\n\t<meta property=\"og:image:width\" content=\"1058\" \/>\n\t<meta property=\"og:image:height\" content=\"1600\" \/>\n\t<meta property=\"og:image:type\" content=\"image\/jpeg\" \/>\n<meta name=\"twitter:card\" content=\"summary_large_image\" \/>\n<meta name=\"twitter:label1\" content=\"Est. reading time\" \/>\n\t<meta name=\"twitter:data1\" content=\"1 minute\" \/>\n<script type=\"application\/ld+json\" class=\"yoast-schema-graph\">{\"@context\":\"https:\/\/schema.org\",\"@graph\":[{\"@type\":\"WebPage\",\"@id\":\"https:\/\/aslimnica.lv\/en\/par-mums\/hospital-management\/board\/\",\"url\":\"https:\/\/aslimnica.lv\/en\/par-mums\/hospital-management\/board\/\",\"name\":\"Hospital Board - aSlimn\u012bca\",\"isPartOf\":{\"@id\":\"https:\/\/aslimnica.lv\/en\/#website\"},\"primaryImageOfPage\":{\"@id\":\"https:\/\/aslimnica.lv\/en\/par-mums\/hospital-management\/board\/#primaryimage\"},\"image\":{\"@id\":\"https:\/\/aslimnica.lv\/en\/par-mums\/hospital-management\/board\/#primaryimage\"},\"thumbnailUrl\":\"https:\/\/aslimnica.lv\/wp-content\/uploads\/2024\/09\/V_Beluns-png-677x1024.jpg\",\"datePublished\":\"2020-11-06T12:51:53+00:00\",\"dateModified\":\"2026-01-30T10:57:24+00:00\",\"breadcrumb\":{\"@id\":\"https:\/\/aslimnica.lv\/en\/par-mums\/hospital-management\/board\/#breadcrumb\"},\"inLanguage\":\"en-US\",\"potentialAction\":[{\"@type\":\"ReadAction\",\"target\":[\"https:\/\/aslimnica.lv\/en\/par-mums\/hospital-management\/board\/\"]}]},{\"@type\":\"ImageObject\",\"inLanguage\":\"en-US\",\"@id\":\"https:\/\/aslimnica.lv\/en\/par-mums\/hospital-management\/board\/#primaryimage\",\"url\":\"https:\/\/aslimnica.lv\/wp-content\/uploads\/2024\/09\/V_Beluns-png-677x1024.jpg\",\"contentUrl\":\"https:\/\/aslimnica.lv\/wp-content\/uploads\/2024\/09\/V_Beluns-png-677x1024.jpg\"},{\"@type\":\"BreadcrumbList\",\"@id\":\"https:\/\/aslimnica.lv\/en\/par-mums\/hospital-management\/board\/#breadcrumb\",\"itemListElement\":[{\"@type\":\"ListItem\",\"position\":1,\"name\":\"Home\",\"item\":\"https:\/\/aslimnica.lv\/en\/\"},{\"@type\":\"ListItem\",\"position\":2,\"name\":\"About\",\"item\":\"https:\/\/aslimnica.lv\/en\/par-mums\/\"},{\"@type\":\"ListItem\",\"position\":3,\"name\":\"Hospital Management\",\"item\":\"https:\/\/aslimnica.lv\/en\/par-mums\/padome\/\"},{\"@type\":\"ListItem\",\"position\":4,\"name\":\"Hospital Board\"}]},{\"@type\":\"WebSite\",\"@id\":\"https:\/\/aslimnica.lv\/en\/#website\",\"url\":\"https:\/\/aslimnica.lv\/en\/\",\"name\":\"aSlimn\u012bca\",\"description\":\"R\u012bgas Austrumu k\u012bnisk\u0101 universit\u0101tes slimn\u012bca\",\"potentialAction\":[{\"@type\":\"SearchAction\",\"target\":{\"@type\":\"EntryPoint\",\"urlTemplate\":\"https:\/\/aslimnica.lv\/en\/?s={search_term_string}\"},\"query-input\":{\"@type\":\"PropertyValueSpecification\",\"valueRequired\":true,\"valueName\":\"search_term_string\"}}],\"inLanguage\":\"en-US\"}]}<\/script>\n<!-- \/ Yoast SEO plugin. -->","yoast_head_json":{"title":"Hospital Board - aSlimn\u012bca","robots":{"index":"index","follow":"follow","max-snippet":"max-snippet:-1","max-image-preview":"max-image-preview:large","max-video-preview":"max-video-preview:-1"},"canonical":"https:\/\/aslimnica.lv\/en\/par-mums\/hospital-management\/board\/","og_locale":"en_US","og_type":"article","og_title":"Hospital Board - aSlimn\u012bca","og_description":"Chairman of the Board Vadims Be\u013cuns &nbsp; Member of the Board Kaspars Pl\u016bme &nbsp; &nbsp;","og_url":"https:\/\/aslimnica.lv\/en\/par-mums\/hospital-management\/board\/","og_site_name":"aSlimn\u012bca","article_modified_time":"2026-01-30T10:57:24+00:00","og_image":[{"width":1058,"height":1600,"url":"https:\/\/aslimnica.lv\/wp-content\/uploads\/2024\/09\/V_Beluns-png.jpg","type":"image\/jpeg"}],"twitter_card":"summary_large_image","twitter_misc":{"Est. reading time":"1 minute"},"schema":{"@context":"https:\/\/schema.org","@graph":[{"@type":"WebPage","@id":"https:\/\/aslimnica.lv\/en\/par-mums\/hospital-management\/board\/","url":"https:\/\/aslimnica.lv\/en\/par-mums\/hospital-management\/board\/","name":"Hospital Board - aSlimn\u012bca","isPartOf":{"@id":"https:\/\/aslimnica.lv\/en\/#website"},"primaryImageOfPage":{"@id":"https:\/\/aslimnica.lv\/en\/par-mums\/hospital-management\/board\/#primaryimage"},"image":{"@id":"https:\/\/aslimnica.lv\/en\/par-mums\/hospital-management\/board\/#primaryimage"},"thumbnailUrl":"https:\/\/aslimnica.lv\/wp-content\/uploads\/2024\/09\/V_Beluns-png-677x1024.jpg","datePublished":"2020-11-06T12:51:53+00:00","dateModified":"2026-01-30T10:57:24+00:00","breadcrumb":{"@id":"https:\/\/aslimnica.lv\/en\/par-mums\/hospital-management\/board\/#breadcrumb"},"inLanguage":"en-US","potentialAction":[{"@type":"ReadAction","target":["https:\/\/aslimnica.lv\/en\/par-mums\/hospital-management\/board\/"]}]},{"@type":"ImageObject","inLanguage":"en-US","@id":"https:\/\/aslimnica.lv\/en\/par-mums\/hospital-management\/board\/#primaryimage","url":"https:\/\/aslimnica.lv\/wp-content\/uploads\/2024\/09\/V_Beluns-png-677x1024.jpg","contentUrl":"https:\/\/aslimnica.lv\/wp-content\/uploads\/2024\/09\/V_Beluns-png-677x1024.jpg"},{"@type":"BreadcrumbList","@id":"https:\/\/aslimnica.lv\/en\/par-mums\/hospital-management\/board\/#breadcrumb","itemListElement":[{"@type":"ListItem","position":1,"name":"Home","item":"https:\/\/aslimnica.lv\/en\/"},{"@type":"ListItem","position":2,"name":"About","item":"https:\/\/aslimnica.lv\/en\/par-mums\/"},{"@type":"ListItem","position":3,"name":"Hospital Management","item":"https:\/\/aslimnica.lv\/en\/par-mums\/padome\/"},{"@type":"ListItem","position":4,"name":"Hospital Board"}]},{"@type":"WebSite","@id":"https:\/\/aslimnica.lv\/en\/#website","url":"https:\/\/aslimnica.lv\/en\/","name":"aSlimn\u012bca","description":"R\u012bgas Austrumu k\u012bnisk\u0101 universit\u0101tes slimn\u012bca","potentialAction":[{"@type":"SearchAction","target":{"@type":"EntryPoint","urlTemplate":"https:\/\/aslimnica.lv\/en\/?s={search_term_string}"},"query-input":{"@type":"PropertyValueSpecification","valueRequired":true,"valueName":"search_term_string"}}],"inLanguage":"en-US"}]}},"_links":{"self":[{"href":"https:\/\/aslimnica.lv\/en\/wp-json\/wp\/v2\/pages\/22459","targetHints":{"allow":["GET"]}}],"collection":[{"href":"https:\/\/aslimnica.lv\/en\/wp-json\/wp\/v2\/pages"}],"about":[{"href":"https:\/\/aslimnica.lv\/en\/wp-json\/wp\/v2\/types\/page"}],"author":[{"embeddable":true,"href":"https:\/\/aslimnica.lv\/en\/wp-json\/wp\/v2\/users\/49"}],"replies":[{"embeddable":true,"href":"https:\/\/aslimnica.lv\/en\/wp-json\/wp\/v2\/comments?post=22459"}],"version-history":[{"count":18,"href":"https:\/\/aslimnica.lv\/en\/wp-json\/wp\/v2\/pages\/22459\/revisions"}],"predecessor-version":[{"id":81136,"href":"https:\/\/aslimnica.lv\/en\/wp-json\/wp\/v2\/pages\/22459\/revisions\/81136"}],"up":[{"embeddable":true,"href":"https:\/\/aslimnica.lv\/en\/wp-json\/wp\/v2\/pages\/22450"}],"wp:attachment":[{"href":"https:\/\/aslimnica.lv\/en\/wp-json\/wp\/v2\/media?parent=22459"}],"curies":[{"name":"wp","href":"https:\/\/api.w.org\/{rel}","templated":true}]}}