{"id":22450,"date":"2020-11-23T22:51:45","date_gmt":"2020-11-23T20:51:45","guid":{"rendered":"https:\/\/aslimnica.lv\/par-mums\/padome-2\/"},"modified":"2021-06-08T15:32:57","modified_gmt":"2021-06-08T13:32:57","slug":"hospital-management","status":"publish","type":"page","link":"https:\/\/aslimnica.lv\/en\/par-mums\/hospital-management\/","title":{"rendered":"Hospital Management"},"content":{"rendered":"<div class=\"wpb-content-wrapper\"><p>[vc_row][vc_column]\n\n        \n        <div class=\"as-services-grid is-compact born-mt-none born-mb-none\">\n            <div class=\"born-container is-narrow\">\n                            <\/div>\n            <div class=\"born-container is-wide\">\n                <div class=\"grid\">\n\n                    \n                        <a href=\"https:\/\/aslimnica.lv\/en\/par-mums\/padome\/hospital-council\/\" target=\"\" rel=\"\" class=\"item\"><span class=\"heading\"><span>Council<\/span><\/span><\/a>\n\n                    \n                        <a href=\"https:\/\/aslimnica.lv\/en\/par-mums\/hospital-management\/board\/\" target=\"\" rel=\"\" class=\"item\"><span class=\"heading\"><span>Board<\/span><\/span><\/a>\n\n                    \n                        <a href=\"https:\/\/aslimnica.lv\/en\/par-mums\/hospital-management\/treatment-council\/\" target=\"\" rel=\"\" class=\"item\"><span class=\"heading\"><span>Treatment Council<\/span><\/span><\/a>\n\n                    \n                <\/div>\n            <\/div>\n\n            \n        <\/div>\n\n    \n    \n[\/vc_column][\/vc_row]<\/p>\n<\/div>","protected":false},"excerpt":{"rendered":"<p>[vc_row][vc_column][\/vc_column][\/vc_row]<\/p>\n","protected":false},"author":49,"featured_media":0,"parent":22388,"menu_order":0,"comment_status":"closed","ping_status":"closed","template":"","meta":{"_acf_changed":false,"inline_featured_image":false,"footnotes":""},"class_list":["post-22450","page","type-page","status-publish","hentry"],"acf":[],"yoast_head":"<!-- This site is optimized with the Yoast SEO plugin v27.1.1 - https:\/\/yoast.com\/product\/yoast-seo-wordpress\/ -->\n<title>Hospital Management - aSlimn\u012bca<\/title>\n<meta name=\"robots\" content=\"index, follow, max-snippet:-1, max-image-preview:large, max-video-preview:-1\" \/>\n<link rel=\"canonical\" href=\"https:\/\/aslimnica.lv\/en\/par-mums\/hospital-management\/\" \/>\n<meta property=\"og:locale\" content=\"en_US\" \/>\n<meta property=\"og:type\" content=\"article\" \/>\n<meta property=\"og:title\" content=\"Hospital Management - aSlimn\u012bca\" \/>\n<meta property=\"og:description\" content=\"[vc_row][vc_column][\/vc_column][\/vc_row]\" \/>\n<meta property=\"og:url\" content=\"https:\/\/aslimnica.lv\/en\/par-mums\/hospital-management\/\" \/>\n<meta property=\"og:site_name\" content=\"aSlimn\u012bca\" \/>\n<meta property=\"article:modified_time\" content=\"2021-06-08T13:32:57+00:00\" \/>\n<meta name=\"twitter:card\" content=\"summary_large_image\" \/>\n<script type=\"application\/ld+json\" class=\"yoast-schema-graph\">{\"@context\":\"https:\/\/schema.org\",\"@graph\":[{\"@type\":\"WebPage\",\"@id\":\"https:\/\/aslimnica.lv\/en\/par-mums\/hospital-management\/\",\"url\":\"https:\/\/aslimnica.lv\/en\/par-mums\/hospital-management\/\",\"name\":\"Hospital Management - aSlimn\u012bca\",\"isPartOf\":{\"@id\":\"https:\/\/aslimnica.lv\/en\/#website\"},\"datePublished\":\"2020-11-23T20:51:45+00:00\",\"dateModified\":\"2021-06-08T13:32:57+00:00\",\"breadcrumb\":{\"@id\":\"https:\/\/aslimnica.lv\/en\/par-mums\/hospital-management\/#breadcrumb\"},\"inLanguage\":\"en-US\",\"potentialAction\":[{\"@type\":\"ReadAction\",\"target\":[\"https:\/\/aslimnica.lv\/en\/par-mums\/hospital-management\/\"]}]},{\"@type\":\"BreadcrumbList\",\"@id\":\"https:\/\/aslimnica.lv\/en\/par-mums\/hospital-management\/#breadcrumb\",\"itemListElement\":[{\"@type\":\"ListItem\",\"position\":1,\"name\":\"Home\",\"item\":\"https:\/\/aslimnica.lv\/en\/\"},{\"@type\":\"ListItem\",\"position\":2,\"name\":\"About\",\"item\":\"https:\/\/aslimnica.lv\/en\/par-mums\/\"},{\"@type\":\"ListItem\",\"position\":3,\"name\":\"Hospital Management\"}]},{\"@type\":\"WebSite\",\"@id\":\"https:\/\/aslimnica.lv\/en\/#website\",\"url\":\"https:\/\/aslimnica.lv\/en\/\",\"name\":\"aSlimn\u012bca\",\"description\":\"R\u012bgas Austrumu k\u012bnisk\u0101 universit\u0101tes slimn\u012bca\",\"potentialAction\":[{\"@type\":\"SearchAction\",\"target\":{\"@type\":\"EntryPoint\",\"urlTemplate\":\"https:\/\/aslimnica.lv\/en\/?s={search_term_string}\"},\"query-input\":{\"@type\":\"PropertyValueSpecification\",\"valueRequired\":true,\"valueName\":\"search_term_string\"}}],\"inLanguage\":\"en-US\"}]}<\/script>\n<!-- \/ Yoast SEO plugin. -->","yoast_head_json":{"title":"Hospital Management - aSlimn\u012bca","robots":{"index":"index","follow":"follow","max-snippet":"max-snippet:-1","max-image-preview":"max-image-preview:large","max-video-preview":"max-video-preview:-1"},"canonical":"https:\/\/aslimnica.lv\/en\/par-mums\/hospital-management\/","og_locale":"en_US","og_type":"article","og_title":"Hospital Management - aSlimn\u012bca","og_description":"[vc_row][vc_column][\/vc_column][\/vc_row]","og_url":"https:\/\/aslimnica.lv\/en\/par-mums\/hospital-management\/","og_site_name":"aSlimn\u012bca","article_modified_time":"2021-06-08T13:32:57+00:00","twitter_card":"summary_large_image","schema":{"@context":"https:\/\/schema.org","@graph":[{"@type":"WebPage","@id":"https:\/\/aslimnica.lv\/en\/par-mums\/hospital-management\/","url":"https:\/\/aslimnica.lv\/en\/par-mums\/hospital-management\/","name":"Hospital Management - aSlimn\u012bca","isPartOf":{"@id":"https:\/\/aslimnica.lv\/en\/#website"},"datePublished":"2020-11-23T20:51:45+00:00","dateModified":"2021-06-08T13:32:57+00:00","breadcrumb":{"@id":"https:\/\/aslimnica.lv\/en\/par-mums\/hospital-management\/#breadcrumb"},"inLanguage":"en-US","potentialAction":[{"@type":"ReadAction","target":["https:\/\/aslimnica.lv\/en\/par-mums\/hospital-management\/"]}]},{"@type":"BreadcrumbList","@id":"https:\/\/aslimnica.lv\/en\/par-mums\/hospital-management\/#breadcrumb","itemListElement":[{"@type":"ListItem","position":1,"name":"Home","item":"https:\/\/aslimnica.lv\/en\/"},{"@type":"ListItem","position":2,"name":"About","item":"https:\/\/aslimnica.lv\/en\/par-mums\/"},{"@type":"ListItem","position":3,"name":"Hospital Management"}]},{"@type":"WebSite","@id":"https:\/\/aslimnica.lv\/en\/#website","url":"https:\/\/aslimnica.lv\/en\/","name":"aSlimn\u012bca","description":"R\u012bgas Austrumu k\u012bnisk\u0101 universit\u0101tes slimn\u012bca","potentialAction":[{"@type":"SearchAction","target":{"@type":"EntryPoint","urlTemplate":"https:\/\/aslimnica.lv\/en\/?s={search_term_string}"},"query-input":{"@type":"PropertyValueSpecification","valueRequired":true,"valueName":"search_term_string"}}],"inLanguage":"en-US"}]}},"_links":{"self":[{"href":"https:\/\/aslimnica.lv\/en\/wp-json\/wp\/v2\/pages\/22450","targetHints":{"allow":["GET"]}}],"collection":[{"href":"https:\/\/aslimnica.lv\/en\/wp-json\/wp\/v2\/pages"}],"about":[{"href":"https:\/\/aslimnica.lv\/en\/wp-json\/wp\/v2\/types\/page"}],"author":[{"embeddable":true,"href":"https:\/\/aslimnica.lv\/en\/wp-json\/wp\/v2\/users\/49"}],"replies":[{"embeddable":true,"href":"https:\/\/aslimnica.lv\/en\/wp-json\/wp\/v2\/comments?post=22450"}],"version-history":[{"count":6,"href":"https:\/\/aslimnica.lv\/en\/wp-json\/wp\/v2\/pages\/22450\/revisions"}],"predecessor-version":[{"id":22467,"href":"https:\/\/aslimnica.lv\/en\/wp-json\/wp\/v2\/pages\/22450\/revisions\/22467"}],"up":[{"embeddable":true,"href":"https:\/\/aslimnica.lv\/en\/wp-json\/wp\/v2\/pages\/22388"}],"wp:attachment":[{"href":"https:\/\/aslimnica.lv\/en\/wp-json\/wp\/v2\/media?parent=22450"}],"curies":[{"name":"wp","href":"https:\/\/api.w.org\/{rel}","templated":true}]}}