{"id":22446,"date":"2020-12-01T12:10:40","date_gmt":"2020-12-01T10:10:40","guid":{"rendered":"https:\/\/aslimnica.lv\/padome\/"},"modified":"2026-01-26T09:27:51","modified_gmt":"2026-01-26T07:27:51","slug":"hospital-council","status":"publish","type":"page","link":"https:\/\/aslimnica.lv\/en\/par-mums\/hospital-management\/hospital-council\/","title":{"rendered":"Hospital Council"},"content":{"rendered":"<p><strong><img loading=\"lazy\" decoding=\"async\" class=\"alignnone  wp-image-80838\" src=\"https:\/\/aslimnica.lv\/wp-content\/uploads\/2026\/01\/ZK_photo_2-271x300.jpg\" alt=\"\" width=\"222\" height=\"246\" srcset=\"https:\/\/aslimnica.lv\/wp-content\/uploads\/2026\/01\/ZK_photo_2-271x300.jpg 271w, https:\/\/aslimnica.lv\/wp-content\/uploads\/2026\/01\/ZK_photo_2-927x1024.jpg 927w, https:\/\/aslimnica.lv\/wp-content\/uploads\/2026\/01\/ZK_photo_2-768x849.jpg 768w, https:\/\/aslimnica.lv\/wp-content\/uploads\/2026\/01\/ZK_photo_2-1390x1536.jpg 1390w, https:\/\/aslimnica.lv\/wp-content\/uploads\/2026\/01\/ZK_photo_2-1400x1547.jpg 1400w, https:\/\/aslimnica.lv\/wp-content\/uploads\/2026\/01\/ZK_photo_2-281x310.jpg 281w, https:\/\/aslimnica.lv\/wp-content\/uploads\/2026\/01\/ZK_photo_2-310x343.jpg 310w, https:\/\/aslimnica.lv\/wp-content\/uploads\/2026\/01\/ZK_photo_2-700x774.jpg 700w, https:\/\/aslimnica.lv\/wp-content\/uploads\/2026\/01\/ZK_photo_2.jpg 1457w\" sizes=\"auto, (max-width: 222px) 100vw, 222px\" \/><\/strong><\/p>\n<p><strong>Chair of the Council Zane Kot\u0101ne<\/strong><\/p>\n<hr \/>\n<p><strong><img loading=\"lazy\" decoding=\"async\" class=\"alignnone size-medium wp-image-562\" src=\"https:\/\/aslimnica.lv\/wp-content\/uploads\/2020\/12\/va-211x300.jpg\" alt=\"\" width=\"211\" height=\"300\" srcset=\"https:\/\/aslimnica.lv\/wp-content\/uploads\/2020\/12\/va-211x300.jpg 211w, https:\/\/aslimnica.lv\/wp-content\/uploads\/2020\/12\/va-722x1024.jpg 722w, https:\/\/aslimnica.lv\/wp-content\/uploads\/2020\/12\/va-768x1090.jpg 768w, https:\/\/aslimnica.lv\/wp-content\/uploads\/2020\/12\/va-1083x1536.jpg 1083w, https:\/\/aslimnica.lv\/wp-content\/uploads\/2020\/12\/va-1444x2048.jpg 1444w, https:\/\/aslimnica.lv\/wp-content\/uploads\/2020\/12\/va-1400x1986.jpg 1400w, https:\/\/aslimnica.lv\/wp-content\/uploads\/2020\/12\/va-247x350.jpg 247w, https:\/\/aslimnica.lv\/wp-content\/uploads\/2020\/12\/va-219x310.jpg 219w, https:\/\/aslimnica.lv\/wp-content\/uploads\/2020\/12\/va-141x200.jpg 141w, https:\/\/aslimnica.lv\/wp-content\/uploads\/2020\/12\/va-275x390.jpg 275w, https:\/\/aslimnica.lv\/wp-content\/uploads\/2020\/12\/va-scaled.jpg 1805w\" sizes=\"auto, (max-width: 211px) 100vw, 211px\" \/><\/strong><\/p>\n<p><strong>Member of the Council Valts \u0100bols<\/strong><\/p>\n<hr \/>\n<p><strong><img loading=\"lazy\" decoding=\"async\" class=\"alignnone wp-image-70968 \" src=\"https:\/\/aslimnica.lv\/wp-content\/uploads\/2025\/04\/Jolanta-Roze-1-622x1024.jpg\" alt=\"\" width=\"207\" height=\"341\" srcset=\"https:\/\/aslimnica.lv\/wp-content\/uploads\/2025\/04\/Jolanta-Roze-1-622x1024.jpg 622w, https:\/\/aslimnica.lv\/wp-content\/uploads\/2025\/04\/Jolanta-Roze-1-182x300.jpg 182w, https:\/\/aslimnica.lv\/wp-content\/uploads\/2025\/04\/Jolanta-Roze-1-768x1264.jpg 768w, https:\/\/aslimnica.lv\/wp-content\/uploads\/2025\/04\/Jolanta-Roze-1-933x1536.jpg 933w, https:\/\/aslimnica.lv\/wp-content\/uploads\/2025\/04\/Jolanta-Roze-1-188x310.jpg 188w, https:\/\/aslimnica.lv\/wp-content\/uploads\/2025\/04\/Jolanta-Roze-1-237x390.jpg 237w, https:\/\/aslimnica.lv\/wp-content\/uploads\/2025\/04\/Jolanta-Roze-1-700x1152.jpg 700w, https:\/\/aslimnica.lv\/wp-content\/uploads\/2025\/04\/Jolanta-Roze-1.jpg 972w\" sizes=\"auto, (max-width: 207px) 100vw, 207px\" \/><\/strong><\/p>\n<p><strong>Member of the Council Jolanta Roze<\/strong><\/p>\n<hr \/>\n<p>&nbsp;<\/p>\n","protected":false},"excerpt":{"rendered":"<p>Chair of the Council Zane Kot\u0101ne Member of the Council Valts \u0100bols Member of the Council Jolanta Roze &nbsp;<\/p>\n","protected":false},"author":49,"featured_media":0,"parent":22450,"menu_order":0,"comment_status":"closed","ping_status":"closed","template":"","meta":{"_acf_changed":false,"inline_featured_image":false,"footnotes":""},"class_list":["post-22446","page","type-page","status-publish","hentry"],"acf":[],"yoast_head":"<!-- This site is optimized with the Yoast SEO plugin v27.1.1 - https:\/\/yoast.com\/product\/yoast-seo-wordpress\/ -->\n<title>Hospital Council - aSlimn\u012bca<\/title>\n<meta name=\"robots\" content=\"index, follow, max-snippet:-1, max-image-preview:large, max-video-preview:-1\" \/>\n<link rel=\"canonical\" href=\"https:\/\/aslimnica.lv\/en\/par-mums\/hospital-management\/hospital-council\/\" \/>\n<meta property=\"og:locale\" content=\"en_US\" \/>\n<meta property=\"og:type\" content=\"article\" \/>\n<meta property=\"og:title\" content=\"Hospital Council - aSlimn\u012bca\" \/>\n<meta property=\"og:description\" content=\"Chair of the Council Zane Kot\u0101ne Member of the Council Valts \u0100bols Member of the Council Jolanta Roze &nbsp;\" \/>\n<meta property=\"og:url\" content=\"https:\/\/aslimnica.lv\/en\/par-mums\/hospital-management\/hospital-council\/\" \/>\n<meta property=\"og:site_name\" content=\"aSlimn\u012bca\" \/>\n<meta property=\"article:modified_time\" content=\"2026-01-26T07:27:51+00:00\" \/>\n<meta property=\"og:image\" content=\"https:\/\/aslimnica.lv\/wp-content\/uploads\/2026\/01\/ZK_photo_2.jpg\" \/>\n\t<meta property=\"og:image:width\" content=\"1457\" \/>\n\t<meta property=\"og:image:height\" content=\"1610\" \/>\n\t<meta property=\"og:image:type\" content=\"image\/jpeg\" \/>\n<meta name=\"twitter:card\" content=\"summary_large_image\" \/>\n<meta name=\"twitter:label1\" content=\"Est. reading time\" \/>\n\t<meta name=\"twitter:data1\" content=\"1 minute\" \/>\n<script type=\"application\/ld+json\" class=\"yoast-schema-graph\">{\"@context\":\"https:\/\/schema.org\",\"@graph\":[{\"@type\":\"WebPage\",\"@id\":\"https:\/\/aslimnica.lv\/en\/par-mums\/hospital-management\/hospital-council\/\",\"url\":\"https:\/\/aslimnica.lv\/en\/par-mums\/hospital-management\/hospital-council\/\",\"name\":\"Hospital Council - aSlimn\u012bca\",\"isPartOf\":{\"@id\":\"https:\/\/aslimnica.lv\/en\/#website\"},\"primaryImageOfPage\":{\"@id\":\"https:\/\/aslimnica.lv\/en\/par-mums\/hospital-management\/hospital-council\/#primaryimage\"},\"image\":{\"@id\":\"https:\/\/aslimnica.lv\/en\/par-mums\/hospital-management\/hospital-council\/#primaryimage\"},\"thumbnailUrl\":\"https:\/\/aslimnica.lv\/wp-content\/uploads\/2026\/01\/ZK_photo_2-271x300.jpg\",\"datePublished\":\"2020-12-01T10:10:40+00:00\",\"dateModified\":\"2026-01-26T07:27:51+00:00\",\"breadcrumb\":{\"@id\":\"https:\/\/aslimnica.lv\/en\/par-mums\/hospital-management\/hospital-council\/#breadcrumb\"},\"inLanguage\":\"en-US\",\"potentialAction\":[{\"@type\":\"ReadAction\",\"target\":[\"https:\/\/aslimnica.lv\/en\/par-mums\/hospital-management\/hospital-council\/\"]}]},{\"@type\":\"ImageObject\",\"inLanguage\":\"en-US\",\"@id\":\"https:\/\/aslimnica.lv\/en\/par-mums\/hospital-management\/hospital-council\/#primaryimage\",\"url\":\"https:\/\/aslimnica.lv\/wp-content\/uploads\/2026\/01\/ZK_photo_2-271x300.jpg\",\"contentUrl\":\"https:\/\/aslimnica.lv\/wp-content\/uploads\/2026\/01\/ZK_photo_2-271x300.jpg\"},{\"@type\":\"BreadcrumbList\",\"@id\":\"https:\/\/aslimnica.lv\/en\/par-mums\/hospital-management\/hospital-council\/#breadcrumb\",\"itemListElement\":[{\"@type\":\"ListItem\",\"position\":1,\"name\":\"Home\",\"item\":\"https:\/\/aslimnica.lv\/en\/\"},{\"@type\":\"ListItem\",\"position\":2,\"name\":\"About\",\"item\":\"https:\/\/aslimnica.lv\/en\/par-mums\/\"},{\"@type\":\"ListItem\",\"position\":3,\"name\":\"Hospital Management\",\"item\":\"https:\/\/aslimnica.lv\/en\/par-mums\/padome\/\"},{\"@type\":\"ListItem\",\"position\":4,\"name\":\"Hospital Council\"}]},{\"@type\":\"WebSite\",\"@id\":\"https:\/\/aslimnica.lv\/en\/#website\",\"url\":\"https:\/\/aslimnica.lv\/en\/\",\"name\":\"aSlimn\u012bca\",\"description\":\"R\u012bgas Austrumu k\u012bnisk\u0101 universit\u0101tes slimn\u012bca\",\"potentialAction\":[{\"@type\":\"SearchAction\",\"target\":{\"@type\":\"EntryPoint\",\"urlTemplate\":\"https:\/\/aslimnica.lv\/en\/?s={search_term_string}\"},\"query-input\":{\"@type\":\"PropertyValueSpecification\",\"valueRequired\":true,\"valueName\":\"search_term_string\"}}],\"inLanguage\":\"en-US\"}]}<\/script>\n<!-- \/ Yoast SEO plugin. -->","yoast_head_json":{"title":"Hospital Council - aSlimn\u012bca","robots":{"index":"index","follow":"follow","max-snippet":"max-snippet:-1","max-image-preview":"max-image-preview:large","max-video-preview":"max-video-preview:-1"},"canonical":"https:\/\/aslimnica.lv\/en\/par-mums\/hospital-management\/hospital-council\/","og_locale":"en_US","og_type":"article","og_title":"Hospital Council - aSlimn\u012bca","og_description":"Chair of the Council Zane Kot\u0101ne Member of the Council Valts \u0100bols Member of the Council Jolanta Roze &nbsp;","og_url":"https:\/\/aslimnica.lv\/en\/par-mums\/hospital-management\/hospital-council\/","og_site_name":"aSlimn\u012bca","article_modified_time":"2026-01-26T07:27:51+00:00","og_image":[{"width":1457,"height":1610,"url":"https:\/\/aslimnica.lv\/wp-content\/uploads\/2026\/01\/ZK_photo_2.jpg","type":"image\/jpeg"}],"twitter_card":"summary_large_image","twitter_misc":{"Est. reading time":"1 minute"},"schema":{"@context":"https:\/\/schema.org","@graph":[{"@type":"WebPage","@id":"https:\/\/aslimnica.lv\/en\/par-mums\/hospital-management\/hospital-council\/","url":"https:\/\/aslimnica.lv\/en\/par-mums\/hospital-management\/hospital-council\/","name":"Hospital Council - aSlimn\u012bca","isPartOf":{"@id":"https:\/\/aslimnica.lv\/en\/#website"},"primaryImageOfPage":{"@id":"https:\/\/aslimnica.lv\/en\/par-mums\/hospital-management\/hospital-council\/#primaryimage"},"image":{"@id":"https:\/\/aslimnica.lv\/en\/par-mums\/hospital-management\/hospital-council\/#primaryimage"},"thumbnailUrl":"https:\/\/aslimnica.lv\/wp-content\/uploads\/2026\/01\/ZK_photo_2-271x300.jpg","datePublished":"2020-12-01T10:10:40+00:00","dateModified":"2026-01-26T07:27:51+00:00","breadcrumb":{"@id":"https:\/\/aslimnica.lv\/en\/par-mums\/hospital-management\/hospital-council\/#breadcrumb"},"inLanguage":"en-US","potentialAction":[{"@type":"ReadAction","target":["https:\/\/aslimnica.lv\/en\/par-mums\/hospital-management\/hospital-council\/"]}]},{"@type":"ImageObject","inLanguage":"en-US","@id":"https:\/\/aslimnica.lv\/en\/par-mums\/hospital-management\/hospital-council\/#primaryimage","url":"https:\/\/aslimnica.lv\/wp-content\/uploads\/2026\/01\/ZK_photo_2-271x300.jpg","contentUrl":"https:\/\/aslimnica.lv\/wp-content\/uploads\/2026\/01\/ZK_photo_2-271x300.jpg"},{"@type":"BreadcrumbList","@id":"https:\/\/aslimnica.lv\/en\/par-mums\/hospital-management\/hospital-council\/#breadcrumb","itemListElement":[{"@type":"ListItem","position":1,"name":"Home","item":"https:\/\/aslimnica.lv\/en\/"},{"@type":"ListItem","position":2,"name":"About","item":"https:\/\/aslimnica.lv\/en\/par-mums\/"},{"@type":"ListItem","position":3,"name":"Hospital Management","item":"https:\/\/aslimnica.lv\/en\/par-mums\/padome\/"},{"@type":"ListItem","position":4,"name":"Hospital Council"}]},{"@type":"WebSite","@id":"https:\/\/aslimnica.lv\/en\/#website","url":"https:\/\/aslimnica.lv\/en\/","name":"aSlimn\u012bca","description":"R\u012bgas Austrumu k\u012bnisk\u0101 universit\u0101tes slimn\u012bca","potentialAction":[{"@type":"SearchAction","target":{"@type":"EntryPoint","urlTemplate":"https:\/\/aslimnica.lv\/en\/?s={search_term_string}"},"query-input":{"@type":"PropertyValueSpecification","valueRequired":true,"valueName":"search_term_string"}}],"inLanguage":"en-US"}]}},"_links":{"self":[{"href":"https:\/\/aslimnica.lv\/en\/wp-json\/wp\/v2\/pages\/22446","targetHints":{"allow":["GET"]}}],"collection":[{"href":"https:\/\/aslimnica.lv\/en\/wp-json\/wp\/v2\/pages"}],"about":[{"href":"https:\/\/aslimnica.lv\/en\/wp-json\/wp\/v2\/types\/page"}],"author":[{"embeddable":true,"href":"https:\/\/aslimnica.lv\/en\/wp-json\/wp\/v2\/users\/49"}],"replies":[{"embeddable":true,"href":"https:\/\/aslimnica.lv\/en\/wp-json\/wp\/v2\/comments?post=22446"}],"version-history":[{"count":9,"href":"https:\/\/aslimnica.lv\/en\/wp-json\/wp\/v2\/pages\/22446\/revisions"}],"predecessor-version":[{"id":80886,"href":"https:\/\/aslimnica.lv\/en\/wp-json\/wp\/v2\/pages\/22446\/revisions\/80886"}],"up":[{"embeddable":true,"href":"https:\/\/aslimnica.lv\/en\/wp-json\/wp\/v2\/pages\/22450"}],"wp:attachment":[{"href":"https:\/\/aslimnica.lv\/en\/wp-json\/wp\/v2\/media?parent=22446"}],"curies":[{"name":"wp","href":"https:\/\/api.w.org\/{rel}","templated":true}]}}