{"id":22434,"date":"2021-06-08T12:59:02","date_gmt":"2021-06-08T10:59:02","guid":{"rendered":"https:\/\/aslimnica.lv\/?page_id=22434"},"modified":"2021-06-08T12:59:02","modified_gmt":"2021-06-08T10:59:02","slug":"endocrinologists","status":"publish","type":"page","link":"https:\/\/aslimnica.lv\/en\/pakalpojumi\/arstniecibas-nozares\/endocrinologists\/","title":{"rendered":"Endocrinologists"},"content":{"rendered":"<div class=\"wpb-content-wrapper\"><p>[vc_row][vc_column][vc_column_text]In the In-patient Department \u201cGai\u013cezers\u201d, consultations are provided by certified endocrinologists Guna Kr\u016bmi\u0146a, Ingvars Rasa, Andra Valtere and proffesor Aivars Lejnieks.<\/p>\n<p>In the In-patient Department \u201cBi\u0137ernieki\u201d, consultations are provided by certified endocrinologist In\u0101ra Kalni\u0146a.<\/p>\n<p>The most frequently encountered diseases and conditions that require certified endocrinologist\u2019s consultation are:<\/p>\n<ul>\n<li>Thyroid diseases \u2013 hormonal imbalances of thyroid function, autoimmune diseases, structural changes of the thyroid \u2013 nodes and cysts;<\/li>\n<li>Pancreas diseases \u2013 mainly diabetes, gestational diabetes, insulinoma, hypoglycemia;<\/li>\n<li>Diseases of parathyroid glands \u2013 disorders of calcium metabolism, osteoporosis;<\/li>\n<li>Pituitary diseases \u2013 acromegaly, hyperprolactinaemia, patients after pituitary surgeries and radiation therapy;<\/li>\n<li>Ovarian diseases \u2013 polycystic ovary syndrome, menstrual disorders, infertility;<\/li>\n<li>Adrenal diseases \u2013 serious and difficult-to-adjust arterial hypertension, excessive hair, disorders of potassium metabolism;<\/li>\n<li>Adiposity;<\/li>\n<li>Transsexualism.<\/li>\n<\/ul>\n<p>The following technologies and examinations may be recommended with an endocrinologist\u2019s referral and in cooperation with other specialists:<\/p>\n<ul>\n<li>ultrasonography, computed tomography, magnetic resonance, and other radiation diagnostic radiology examinations;<\/li>\n<li>pancreas aspiration biopsy under the control of ultrasonography with its cytological analysis;<\/li>\n<li>determination of bone mineral density using DXA (central osteodensitometry);<\/li>\n<li>scintigraphy examination;<\/li>\n<li>neurography and neurometrics;<\/li>\n<li>electromyography;<\/li>\n<li>blood vessel examination;<\/li>\n<li>hormonal examination and determination of antibodies, stimulation and suppression tests;<\/li>\n<li>examination of the fundus of eye and laser photocoagulation;<\/li>\n<li>consultations and care by the specialists of the diabetic foot care room;<\/li>\n<li>consultations by other specialists.<\/li>\n<\/ul>\n<p><strong>In order to register for an out-patient consultation by the specialist:<\/strong><\/p>\n<p><strong>call on (+371) 67000610<\/strong>[\/vc_column_text][\/vc_column][\/vc_row][vc_row][vc_column width=&#8221;1\/2&#8243;]\n<div class=\"as-cta-button born-mt-none born-mb-none\">\n    <a href=\"https:\/\/aslimnica.lv\/en\/e-pieraksts\/\" target=\"\" rel=\"\">\n        <span class=\"heading\">\n            <span>E-Appointment<\/span>\n        <\/span>\n    <\/a>\n<\/div>\n[\/vc_column][vc_column width=&#8221;1\/2&#8243;][\/vc_column][\/vc_row]<\/p>\n<\/div>","protected":false},"excerpt":{"rendered":"<p>[vc_row][vc_column][vc_column_text]In the In-patient Department \u201cGai\u013cezers\u201d, consultations are provided by certified endocrinologists Guna Kr\u016bmi\u0146a, Ingvars Rasa, Andra Valtere and proffesor Aivars Lejnieks. In the In-patient Department \u201cBi\u0137ernieki\u201d, consultations are provided by certified endocrinologist In\u0101ra Kalni\u0146a. The most frequently encountered diseases and conditions that require certified endocrinologist\u2019s consultation are: Thyroid diseases \u2013 hormonal imbalances of thyroid function,<\/p>\n","protected":false},"author":49,"featured_media":0,"parent":22401,"menu_order":0,"comment_status":"closed","ping_status":"closed","template":"","meta":{"_acf_changed":false,"inline_featured_image":false,"footnotes":""},"class_list":["post-22434","page","type-page","status-publish","hentry"],"acf":[],"yoast_head":"<!-- This site is optimized with the Yoast SEO plugin v27.1.1 - https:\/\/yoast.com\/product\/yoast-seo-wordpress\/ -->\n<title>Endocrinologists - aSlimn\u012bca<\/title>\n<meta name=\"robots\" content=\"index, follow, max-snippet:-1, max-image-preview:large, max-video-preview:-1\" \/>\n<link rel=\"canonical\" href=\"https:\/\/aslimnica.lv\/en\/pakalpojumi\/arstniecibas-nozares\/endocrinologists\/\" \/>\n<meta property=\"og:locale\" content=\"en_US\" \/>\n<meta property=\"og:type\" content=\"article\" \/>\n<meta property=\"og:title\" content=\"Endocrinologists - aSlimn\u012bca\" \/>\n<meta property=\"og:description\" content=\"[vc_row][vc_column][vc_column_text]In the In-patient Department \u201cGai\u013cezers\u201d, consultations are provided by certified endocrinologists Guna Kr\u016bmi\u0146a, Ingvars Rasa, Andra Valtere and proffesor Aivars Lejnieks. In the In-patient Department \u201cBi\u0137ernieki\u201d, consultations are provided by certified endocrinologist In\u0101ra Kalni\u0146a. The most frequently encountered diseases and conditions that require certified endocrinologist\u2019s consultation are: Thyroid diseases \u2013 hormonal imbalances of thyroid function,\" \/>\n<meta property=\"og:url\" content=\"https:\/\/aslimnica.lv\/en\/pakalpojumi\/arstniecibas-nozares\/endocrinologists\/\" \/>\n<meta property=\"og:site_name\" content=\"aSlimn\u012bca\" \/>\n<meta name=\"twitter:card\" content=\"summary_large_image\" \/>\n<meta name=\"twitter:label1\" content=\"Est. reading time\" \/>\n\t<meta name=\"twitter:data1\" content=\"1 minute\" \/>\n<script type=\"application\/ld+json\" class=\"yoast-schema-graph\">{\"@context\":\"https:\/\/schema.org\",\"@graph\":[{\"@type\":\"WebPage\",\"@id\":\"https:\/\/aslimnica.lv\/en\/pakalpojumi\/arstniecibas-nozares\/endocrinologists\/\",\"url\":\"https:\/\/aslimnica.lv\/en\/pakalpojumi\/arstniecibas-nozares\/endocrinologists\/\",\"name\":\"Endocrinologists - aSlimn\u012bca\",\"isPartOf\":{\"@id\":\"https:\/\/aslimnica.lv\/en\/#website\"},\"datePublished\":\"2021-06-08T10:59:02+00:00\",\"breadcrumb\":{\"@id\":\"https:\/\/aslimnica.lv\/en\/pakalpojumi\/arstniecibas-nozares\/endocrinologists\/#breadcrumb\"},\"inLanguage\":\"en-US\",\"potentialAction\":[{\"@type\":\"ReadAction\",\"target\":[\"https:\/\/aslimnica.lv\/en\/pakalpojumi\/arstniecibas-nozares\/endocrinologists\/\"]}]},{\"@type\":\"BreadcrumbList\",\"@id\":\"https:\/\/aslimnica.lv\/en\/pakalpojumi\/arstniecibas-nozares\/endocrinologists\/#breadcrumb\",\"itemListElement\":[{\"@type\":\"ListItem\",\"position\":1,\"name\":\"Home\",\"item\":\"https:\/\/aslimnica.lv\/en\/\"},{\"@type\":\"ListItem\",\"position\":2,\"name\":\"Services\",\"item\":\"https:\/\/aslimnica.lv\/en\/pakalpojumi\/\"},{\"@type\":\"ListItem\",\"position\":3,\"name\":\"Specialists\",\"item\":\"https:\/\/aslimnica.lv\/en\/pakalpojumi\/arstniecibas-nozares\/\"},{\"@type\":\"ListItem\",\"position\":4,\"name\":\"Endocrinologists\"}]},{\"@type\":\"WebSite\",\"@id\":\"https:\/\/aslimnica.lv\/en\/#website\",\"url\":\"https:\/\/aslimnica.lv\/en\/\",\"name\":\"aSlimn\u012bca\",\"description\":\"R\u012bgas Austrumu k\u012bnisk\u0101 universit\u0101tes slimn\u012bca\",\"potentialAction\":[{\"@type\":\"SearchAction\",\"target\":{\"@type\":\"EntryPoint\",\"urlTemplate\":\"https:\/\/aslimnica.lv\/en\/?s={search_term_string}\"},\"query-input\":{\"@type\":\"PropertyValueSpecification\",\"valueRequired\":true,\"valueName\":\"search_term_string\"}}],\"inLanguage\":\"en-US\"}]}<\/script>\n<!-- \/ Yoast SEO plugin. -->","yoast_head_json":{"title":"Endocrinologists - aSlimn\u012bca","robots":{"index":"index","follow":"follow","max-snippet":"max-snippet:-1","max-image-preview":"max-image-preview:large","max-video-preview":"max-video-preview:-1"},"canonical":"https:\/\/aslimnica.lv\/en\/pakalpojumi\/arstniecibas-nozares\/endocrinologists\/","og_locale":"en_US","og_type":"article","og_title":"Endocrinologists - aSlimn\u012bca","og_description":"[vc_row][vc_column][vc_column_text]In the In-patient Department \u201cGai\u013cezers\u201d, consultations are provided by certified endocrinologists Guna Kr\u016bmi\u0146a, Ingvars Rasa, Andra Valtere and proffesor Aivars Lejnieks. In the In-patient Department \u201cBi\u0137ernieki\u201d, consultations are provided by certified endocrinologist In\u0101ra Kalni\u0146a. The most frequently encountered diseases and conditions that require certified endocrinologist\u2019s consultation are: Thyroid diseases \u2013 hormonal imbalances of thyroid function,","og_url":"https:\/\/aslimnica.lv\/en\/pakalpojumi\/arstniecibas-nozares\/endocrinologists\/","og_site_name":"aSlimn\u012bca","twitter_card":"summary_large_image","twitter_misc":{"Est. reading time":"1 minute"},"schema":{"@context":"https:\/\/schema.org","@graph":[{"@type":"WebPage","@id":"https:\/\/aslimnica.lv\/en\/pakalpojumi\/arstniecibas-nozares\/endocrinologists\/","url":"https:\/\/aslimnica.lv\/en\/pakalpojumi\/arstniecibas-nozares\/endocrinologists\/","name":"Endocrinologists - aSlimn\u012bca","isPartOf":{"@id":"https:\/\/aslimnica.lv\/en\/#website"},"datePublished":"2021-06-08T10:59:02+00:00","breadcrumb":{"@id":"https:\/\/aslimnica.lv\/en\/pakalpojumi\/arstniecibas-nozares\/endocrinologists\/#breadcrumb"},"inLanguage":"en-US","potentialAction":[{"@type":"ReadAction","target":["https:\/\/aslimnica.lv\/en\/pakalpojumi\/arstniecibas-nozares\/endocrinologists\/"]}]},{"@type":"BreadcrumbList","@id":"https:\/\/aslimnica.lv\/en\/pakalpojumi\/arstniecibas-nozares\/endocrinologists\/#breadcrumb","itemListElement":[{"@type":"ListItem","position":1,"name":"Home","item":"https:\/\/aslimnica.lv\/en\/"},{"@type":"ListItem","position":2,"name":"Services","item":"https:\/\/aslimnica.lv\/en\/pakalpojumi\/"},{"@type":"ListItem","position":3,"name":"Specialists","item":"https:\/\/aslimnica.lv\/en\/pakalpojumi\/arstniecibas-nozares\/"},{"@type":"ListItem","position":4,"name":"Endocrinologists"}]},{"@type":"WebSite","@id":"https:\/\/aslimnica.lv\/en\/#website","url":"https:\/\/aslimnica.lv\/en\/","name":"aSlimn\u012bca","description":"R\u012bgas Austrumu k\u012bnisk\u0101 universit\u0101tes slimn\u012bca","potentialAction":[{"@type":"SearchAction","target":{"@type":"EntryPoint","urlTemplate":"https:\/\/aslimnica.lv\/en\/?s={search_term_string}"},"query-input":{"@type":"PropertyValueSpecification","valueRequired":true,"valueName":"search_term_string"}}],"inLanguage":"en-US"}]}},"_links":{"self":[{"href":"https:\/\/aslimnica.lv\/en\/wp-json\/wp\/v2\/pages\/22434","targetHints":{"allow":["GET"]}}],"collection":[{"href":"https:\/\/aslimnica.lv\/en\/wp-json\/wp\/v2\/pages"}],"about":[{"href":"https:\/\/aslimnica.lv\/en\/wp-json\/wp\/v2\/types\/page"}],"author":[{"embeddable":true,"href":"https:\/\/aslimnica.lv\/en\/wp-json\/wp\/v2\/users\/49"}],"replies":[{"embeddable":true,"href":"https:\/\/aslimnica.lv\/en\/wp-json\/wp\/v2\/comments?post=22434"}],"version-history":[{"count":1,"href":"https:\/\/aslimnica.lv\/en\/wp-json\/wp\/v2\/pages\/22434\/revisions"}],"predecessor-version":[{"id":22435,"href":"https:\/\/aslimnica.lv\/en\/wp-json\/wp\/v2\/pages\/22434\/revisions\/22435"}],"up":[{"embeddable":true,"href":"https:\/\/aslimnica.lv\/en\/wp-json\/wp\/v2\/pages\/22401"}],"wp:attachment":[{"href":"https:\/\/aslimnica.lv\/en\/wp-json\/wp\/v2\/media?parent=22434"}],"curies":[{"name":"wp","href":"https:\/\/api.w.org\/{rel}","templated":true}]}}