{"id":22431,"date":"2021-06-08T12:52:53","date_gmt":"2021-06-08T10:52:53","guid":{"rendered":"https:\/\/aslimnica.lv\/?page_id=22431"},"modified":"2021-06-08T12:52:53","modified_gmt":"2021-06-08T10:52:53","slug":"dermatologists-venereologists","status":"publish","type":"page","link":"https:\/\/aslimnica.lv\/en\/pakalpojumi\/arstniecibas-nozares\/dermatologists-venereologists\/","title":{"rendered":"Dermatologists \/ Venereologists"},"content":{"rendered":"<div class=\"wpb-content-wrapper\"><p>[vc_row][vc_column][vc_column_text]<\/p>\n<p align=\"left\">In the In-patient Department \u201cGai\u013cezers\u201d, consultations on the diagnostics and treatment of skin diseases are provided by Dr. Astr\u012bda Krakope, in the In-patient Department \u2013 by Nora Valdmane; in the In-patient Department \u201cLatvian Infectology Centre\u201d \u2013 by the Out-patient Department of Sexually Transmitted and Skin Diseases.<br \/>\nIn the In-patient Department \u201cGai\u013cezers\u201d and In-patient Department \u201cBi\u0137ernieki\u201d, dermatologists\/venereologists specialize in the diagnostics and treatment of the following skin diseases:<\/p>\n<ul>\n<li>eczema;<\/li>\n<li>allergic diseases, atopic dermatitis (cutaneous inflammations);<\/li>\n<li>fungal infectious diseases;<\/li>\n<li>psoriasis;<\/li>\n<li>face skin diseases, acne, seborrhoea;<\/li>\n<li>hair diseases;<\/li>\n<li>pigment spots, birthmarks, warts, hand and foot skin changes;<\/li>\n<li>neoplasms in the skin;<\/li>\n<li>appearance of internal diseases, malignant diseases in the skin and mucous membrane.<\/li>\n<li>Diagnostics (examination):<\/li>\n<li>laboratory examinations, including diagnostics of venereal diseases (AIDS, syphilis, gonorrhoea;<\/li>\n<li>biopsies;<\/li>\n<li>roentgenographic, ultrasonographic and other examinations, if required for specifying the diagnosis.<\/li>\n<\/ul>\n<p align=\"left\">Dermatovenerologists of the Out-patient Department of Sexually Transmitted and Skin Diseases No.12 at the In-patient Department \u201cLatvian Infectology Centre\u201d carry out the diagnostics and treatment of the said diseases, as well as perform examinations for all sexually transmitted diseases (syphilis, HIV, gonorrhoea, chlamydiosis, ureaplasmosis, mycoplasmosis, trichomoniasis, anogenital herpes) and contagious skin diseases (scabies, demodicosis \u2013 face skin mites, fungal diseases in the skin and finger nails), using bacterioscopic, bacteriological, immunological and molecular biological and serological methods. The treatment and observation of patients with sexually transmitted diseases is carried out in the department as well.<br \/>\nTo verify the diagnosis of skin diseases, a biopsy method with histological confirmation of diagnosis and a dermatoscopy method are used in discovering skin formations using a non-invasive approach.<br \/>\nPatients with foot mycosis and onychomycosis, as well as patients with corns, are taken care of in a specialized podiatry room. Benign formations, warts, acute condyloma, corns, contagious mollusk are treated in the department by using cryodestruction method.<br \/>\nThe department issues a health card to persons engaged in prostitution.<br \/>\nIn case of emergency medical assistance, direct availability is ensured for patients with sexually transmitted diseases as well as patients with contagious skin diseases, for instance, scabies. Other patients require family doctor\u2019s or specialists\u2019 referrals.<br \/>\nIn order to register for an out-patient consultation by the specialist:<\/p>\n<p align=\"left\"><strong>call on (+371) 67000610<\/strong><\/p>\n<p>[\/vc_column_text][\/vc_column][\/vc_row][vc_row][vc_column width=&#8221;1\/2&#8243;]\n<div class=\"as-cta-button born-mt-none born-mb-none\">\n    <a href=\"https:\/\/aslimnica.lv\/en\/e-pieraksts\/\" target=\"\" rel=\"\">\n        <span class=\"heading\">\n            <span>E-Appointment<\/span>\n        <\/span>\n    <\/a>\n<\/div>\n[\/vc_column][vc_column width=&#8221;1\/2&#8243;][\/vc_column][\/vc_row]<\/p>\n<\/div>","protected":false},"excerpt":{"rendered":"<p>[vc_row][vc_column][vc_column_text] In the In-patient Department \u201cGai\u013cezers\u201d, consultations on the diagnostics and treatment of skin diseases are provided by Dr. Astr\u012bda Krakope, in the In-patient Department \u2013 by Nora Valdmane; in the In-patient Department \u201cLatvian Infectology Centre\u201d \u2013 by the Out-patient Department of Sexually Transmitted and Skin Diseases. In the In-patient Department \u201cGai\u013cezers\u201d and In-patient Department<\/p>\n","protected":false},"author":49,"featured_media":0,"parent":22401,"menu_order":0,"comment_status":"closed","ping_status":"closed","template":"","meta":{"_acf_changed":false,"inline_featured_image":false,"footnotes":""},"class_list":["post-22431","page","type-page","status-publish","hentry"],"acf":[],"yoast_head":"<!-- This site is optimized with the Yoast SEO plugin v27.1.1 - https:\/\/yoast.com\/product\/yoast-seo-wordpress\/ -->\n<title>Dermatologists \/ Venereologists - aSlimn\u012bca<\/title>\n<meta name=\"robots\" content=\"index, follow, max-snippet:-1, max-image-preview:large, max-video-preview:-1\" \/>\n<link rel=\"canonical\" href=\"https:\/\/aslimnica.lv\/en\/pakalpojumi\/arstniecibas-nozares\/dermatologists-venereologists\/\" \/>\n<meta property=\"og:locale\" content=\"en_US\" \/>\n<meta property=\"og:type\" content=\"article\" \/>\n<meta property=\"og:title\" content=\"Dermatologists \/ Venereologists - aSlimn\u012bca\" \/>\n<meta property=\"og:description\" content=\"[vc_row][vc_column][vc_column_text] In the In-patient Department \u201cGai\u013cezers\u201d, consultations on the diagnostics and treatment of skin diseases are provided by Dr. Astr\u012bda Krakope, in the In-patient Department \u2013 by Nora Valdmane; in the In-patient Department \u201cLatvian Infectology Centre\u201d \u2013 by the Out-patient Department of Sexually Transmitted and Skin Diseases. In the In-patient Department \u201cGai\u013cezers\u201d and In-patient Department\" \/>\n<meta property=\"og:url\" content=\"https:\/\/aslimnica.lv\/en\/pakalpojumi\/arstniecibas-nozares\/dermatologists-venereologists\/\" \/>\n<meta property=\"og:site_name\" content=\"aSlimn\u012bca\" \/>\n<meta name=\"twitter:card\" content=\"summary_large_image\" \/>\n<meta name=\"twitter:label1\" content=\"Est. reading time\" \/>\n\t<meta name=\"twitter:data1\" content=\"2 minutes\" \/>\n<script type=\"application\/ld+json\" class=\"yoast-schema-graph\">{\"@context\":\"https:\/\/schema.org\",\"@graph\":[{\"@type\":\"WebPage\",\"@id\":\"https:\/\/aslimnica.lv\/en\/pakalpojumi\/arstniecibas-nozares\/dermatologists-venereologists\/\",\"url\":\"https:\/\/aslimnica.lv\/en\/pakalpojumi\/arstniecibas-nozares\/dermatologists-venereologists\/\",\"name\":\"Dermatologists \/ Venereologists - aSlimn\u012bca\",\"isPartOf\":{\"@id\":\"https:\/\/aslimnica.lv\/en\/#website\"},\"datePublished\":\"2021-06-08T10:52:53+00:00\",\"breadcrumb\":{\"@id\":\"https:\/\/aslimnica.lv\/en\/pakalpojumi\/arstniecibas-nozares\/dermatologists-venereologists\/#breadcrumb\"},\"inLanguage\":\"en-US\",\"potentialAction\":[{\"@type\":\"ReadAction\",\"target\":[\"https:\/\/aslimnica.lv\/en\/pakalpojumi\/arstniecibas-nozares\/dermatologists-venereologists\/\"]}]},{\"@type\":\"BreadcrumbList\",\"@id\":\"https:\/\/aslimnica.lv\/en\/pakalpojumi\/arstniecibas-nozares\/dermatologists-venereologists\/#breadcrumb\",\"itemListElement\":[{\"@type\":\"ListItem\",\"position\":1,\"name\":\"Home\",\"item\":\"https:\/\/aslimnica.lv\/en\/\"},{\"@type\":\"ListItem\",\"position\":2,\"name\":\"Services\",\"item\":\"https:\/\/aslimnica.lv\/en\/pakalpojumi\/\"},{\"@type\":\"ListItem\",\"position\":3,\"name\":\"Specialists\",\"item\":\"https:\/\/aslimnica.lv\/en\/pakalpojumi\/arstniecibas-nozares\/\"},{\"@type\":\"ListItem\",\"position\":4,\"name\":\"Dermatologists \/ Venereologists\"}]},{\"@type\":\"WebSite\",\"@id\":\"https:\/\/aslimnica.lv\/en\/#website\",\"url\":\"https:\/\/aslimnica.lv\/en\/\",\"name\":\"aSlimn\u012bca\",\"description\":\"R\u012bgas Austrumu k\u012bnisk\u0101 universit\u0101tes slimn\u012bca\",\"potentialAction\":[{\"@type\":\"SearchAction\",\"target\":{\"@type\":\"EntryPoint\",\"urlTemplate\":\"https:\/\/aslimnica.lv\/en\/?s={search_term_string}\"},\"query-input\":{\"@type\":\"PropertyValueSpecification\",\"valueRequired\":true,\"valueName\":\"search_term_string\"}}],\"inLanguage\":\"en-US\"}]}<\/script>\n<!-- \/ Yoast SEO plugin. -->","yoast_head_json":{"title":"Dermatologists \/ Venereologists - aSlimn\u012bca","robots":{"index":"index","follow":"follow","max-snippet":"max-snippet:-1","max-image-preview":"max-image-preview:large","max-video-preview":"max-video-preview:-1"},"canonical":"https:\/\/aslimnica.lv\/en\/pakalpojumi\/arstniecibas-nozares\/dermatologists-venereologists\/","og_locale":"en_US","og_type":"article","og_title":"Dermatologists \/ Venereologists - aSlimn\u012bca","og_description":"[vc_row][vc_column][vc_column_text] In the In-patient Department \u201cGai\u013cezers\u201d, consultations on the diagnostics and treatment of skin diseases are provided by Dr. Astr\u012bda Krakope, in the In-patient Department \u2013 by Nora Valdmane; in the In-patient Department \u201cLatvian Infectology Centre\u201d \u2013 by the Out-patient Department of Sexually Transmitted and Skin Diseases. In the In-patient Department \u201cGai\u013cezers\u201d and In-patient Department","og_url":"https:\/\/aslimnica.lv\/en\/pakalpojumi\/arstniecibas-nozares\/dermatologists-venereologists\/","og_site_name":"aSlimn\u012bca","twitter_card":"summary_large_image","twitter_misc":{"Est. reading time":"2 minutes"},"schema":{"@context":"https:\/\/schema.org","@graph":[{"@type":"WebPage","@id":"https:\/\/aslimnica.lv\/en\/pakalpojumi\/arstniecibas-nozares\/dermatologists-venereologists\/","url":"https:\/\/aslimnica.lv\/en\/pakalpojumi\/arstniecibas-nozares\/dermatologists-venereologists\/","name":"Dermatologists \/ Venereologists - aSlimn\u012bca","isPartOf":{"@id":"https:\/\/aslimnica.lv\/en\/#website"},"datePublished":"2021-06-08T10:52:53+00:00","breadcrumb":{"@id":"https:\/\/aslimnica.lv\/en\/pakalpojumi\/arstniecibas-nozares\/dermatologists-venereologists\/#breadcrumb"},"inLanguage":"en-US","potentialAction":[{"@type":"ReadAction","target":["https:\/\/aslimnica.lv\/en\/pakalpojumi\/arstniecibas-nozares\/dermatologists-venereologists\/"]}]},{"@type":"BreadcrumbList","@id":"https:\/\/aslimnica.lv\/en\/pakalpojumi\/arstniecibas-nozares\/dermatologists-venereologists\/#breadcrumb","itemListElement":[{"@type":"ListItem","position":1,"name":"Home","item":"https:\/\/aslimnica.lv\/en\/"},{"@type":"ListItem","position":2,"name":"Services","item":"https:\/\/aslimnica.lv\/en\/pakalpojumi\/"},{"@type":"ListItem","position":3,"name":"Specialists","item":"https:\/\/aslimnica.lv\/en\/pakalpojumi\/arstniecibas-nozares\/"},{"@type":"ListItem","position":4,"name":"Dermatologists \/ Venereologists"}]},{"@type":"WebSite","@id":"https:\/\/aslimnica.lv\/en\/#website","url":"https:\/\/aslimnica.lv\/en\/","name":"aSlimn\u012bca","description":"R\u012bgas Austrumu k\u012bnisk\u0101 universit\u0101tes slimn\u012bca","potentialAction":[{"@type":"SearchAction","target":{"@type":"EntryPoint","urlTemplate":"https:\/\/aslimnica.lv\/en\/?s={search_term_string}"},"query-input":{"@type":"PropertyValueSpecification","valueRequired":true,"valueName":"search_term_string"}}],"inLanguage":"en-US"}]}},"_links":{"self":[{"href":"https:\/\/aslimnica.lv\/en\/wp-json\/wp\/v2\/pages\/22431","targetHints":{"allow":["GET"]}}],"collection":[{"href":"https:\/\/aslimnica.lv\/en\/wp-json\/wp\/v2\/pages"}],"about":[{"href":"https:\/\/aslimnica.lv\/en\/wp-json\/wp\/v2\/types\/page"}],"author":[{"embeddable":true,"href":"https:\/\/aslimnica.lv\/en\/wp-json\/wp\/v2\/users\/49"}],"replies":[{"embeddable":true,"href":"https:\/\/aslimnica.lv\/en\/wp-json\/wp\/v2\/comments?post=22431"}],"version-history":[{"count":1,"href":"https:\/\/aslimnica.lv\/en\/wp-json\/wp\/v2\/pages\/22431\/revisions"}],"predecessor-version":[{"id":22432,"href":"https:\/\/aslimnica.lv\/en\/wp-json\/wp\/v2\/pages\/22431\/revisions\/22432"}],"up":[{"embeddable":true,"href":"https:\/\/aslimnica.lv\/en\/wp-json\/wp\/v2\/pages\/22401"}],"wp:attachment":[{"href":"https:\/\/aslimnica.lv\/en\/wp-json\/wp\/v2\/media?parent=22431"}],"curies":[{"name":"wp","href":"https:\/\/api.w.org\/{rel}","templated":true}]}}