{"id":22429,"date":"2021-06-08T12:49:07","date_gmt":"2021-06-08T10:49:07","guid":{"rendered":"https:\/\/aslimnica.lv\/?page_id=22429"},"modified":"2021-06-08T12:49:07","modified_gmt":"2021-06-08T10:49:07","slug":"cardiologists","status":"publish","type":"page","link":"https:\/\/aslimnica.lv\/en\/pakalpojumi\/arstniecibas-nozares\/cardiologists\/","title":{"rendered":"Cardiologists"},"content":{"rendered":"<div class=\"wpb-content-wrapper\"><p>[vc_row][vc_column][vc_column_text]<strong>Services and areas of activity of cardiologists<\/strong><\/p>\n<p><strong>General cardiology \u2013 cardiologists\u2019 consultations with a possibility for patients to undergo different heart examinations:<\/strong><\/p>\n<ul>\n<li>Diagnostics and treatment of patients with heart failure;<\/li>\n<li>Diagnostics and treatment of patients with elevated blood pressure;<\/li>\n<\/ul>\n<p><strong>Invasive cardiology \u2013 possibilities of assessing the condition of patients and sending them to the day in-patient department of the Clinic \u201cGai\u013cezers\u201d for invasive cardiovascular examinations:<\/strong><\/p>\n<ul>\n<li>Coronarography (diagnostics of atherosclerotic narrowing of heart coronary arteries): Arveds Apinis, Irina Holste, Artis Kalni\u0146\u0161, Ivans Kozlovs, Guntis Luksti\u0146\u0161, Jurijs Verbovenko;<\/li>\n<li>Angioplasty (diagnostics of atherosclerotic narrowing of heart coronary arteries, using a method of blood vessel widening and stent placement): Arveds Apinis, Irina Holste, Artis Kalni\u0146\u0161, Ivans Kozlovs, Jurijs Verbovenko.<\/li>\n<\/ul>\n<p><strong>Arrhythmology \u2013 diagnostics and treatment of heart rhythm disorders:<\/strong><\/p>\n<p>Diagnostics of heart rhythm disorders: Arveds Apinis, Ivans Kozlovs, Jurijs Verbovenko;<\/p>\n<p>Implantation, verification and reprogramming of pacemakers: Arveds Apinis, Ivans Kozlovs, Jurijs Verbovenko;<\/p>\n<p>Heart rhythm correction procedures (catheter ablation) in case of life-threatening and\/or serious heart rhythm disorders: Arveds Apinis, Ivans Kozlovs, Jurijs Verbovenko;<\/p>\n<p>The following out-patient examinations are available to patients:<\/p>\n<ul>\n<li>Electrocardiography (ECG);<\/li>\n<li>Load tests (bicycle ergometrics);<\/li>\n<li>Echocardiography (ultrasound heart examination), including transesophageal echocardiography;<\/li>\n<li>24 h ECG recording (Holter\u2019s monitoring), 24 h blood pressure monitoring.<\/li>\n<\/ul>\n<p>In case of emergency health conditions (heart attack, pre-infarction syndrome, acute heart rhythm disorders, acute heart failure, and other emergency heart diseases), patients are provided with treatment in the Department of Emergency Cardiology of the hospital.<\/p>\n<p>In the In-patient Department \u201cGai\u013cezers\u201d, consultations are provided by certified cardiologists Arveds Apinis, Edv\u012bns Gaili\u0161s, Artis Kalni\u0146\u0161, Dace Meldere, Nade\u017eda Ro\u017ekova, docente Raisa \u0160ahova, Jurijs Verbovenko.<\/p>\n<p><strong>In order to register for an out-patient consultation by the specialist:<\/strong><\/p>\n<p align=\"left\"><strong>call on (+371) 67000610<\/strong><\/p>\n<p>[\/vc_column_text][\/vc_column][\/vc_row][vc_row][vc_column width=&#8221;1\/2&#8243;]\n<div class=\"as-cta-button born-mt-none born-mb-none\">\n    <a href=\"https:\/\/aslimnica.lv\/en\/e-pieraksts\/\" target=\"\" rel=\"\">\n        <span class=\"heading\">\n            <span>E-Appointment<\/span>\n        <\/span>\n    <\/a>\n<\/div>\n[\/vc_column][vc_column width=&#8221;1\/2&#8243;][\/vc_column][\/vc_row]<\/p>\n<\/div>","protected":false},"excerpt":{"rendered":"<p>[vc_row][vc_column][vc_column_text]Services and areas of activity of cardiologists General cardiology \u2013 cardiologists\u2019 consultations with a possibility for patients to undergo different heart examinations: Diagnostics and treatment of patients with heart failure; Diagnostics and treatment of patients with elevated blood pressure; Invasive cardiology \u2013 possibilities of assessing the condition of patients and sending them to the day<\/p>\n","protected":false},"author":49,"featured_media":0,"parent":22401,"menu_order":0,"comment_status":"closed","ping_status":"closed","template":"","meta":{"_acf_changed":false,"inline_featured_image":false,"footnotes":""},"class_list":["post-22429","page","type-page","status-publish","hentry"],"acf":[],"yoast_head":"<!-- This site is optimized with the Yoast SEO plugin v27.1.1 - https:\/\/yoast.com\/product\/yoast-seo-wordpress\/ -->\n<title>Cardiologists - aSlimn\u012bca<\/title>\n<meta name=\"robots\" content=\"index, follow, max-snippet:-1, max-image-preview:large, max-video-preview:-1\" \/>\n<link rel=\"canonical\" href=\"https:\/\/aslimnica.lv\/en\/pakalpojumi\/arstniecibas-nozares\/cardiologists\/\" \/>\n<meta property=\"og:locale\" content=\"en_US\" \/>\n<meta property=\"og:type\" content=\"article\" \/>\n<meta property=\"og:title\" content=\"Cardiologists - aSlimn\u012bca\" \/>\n<meta property=\"og:description\" content=\"[vc_row][vc_column][vc_column_text]Services and areas of activity of cardiologists General cardiology \u2013 cardiologists\u2019 consultations with a possibility for patients to undergo different heart examinations: Diagnostics and treatment of patients with heart failure; Diagnostics and treatment of patients with elevated blood pressure; Invasive cardiology \u2013 possibilities of assessing the condition of patients and sending them to the day\" \/>\n<meta property=\"og:url\" content=\"https:\/\/aslimnica.lv\/en\/pakalpojumi\/arstniecibas-nozares\/cardiologists\/\" \/>\n<meta property=\"og:site_name\" content=\"aSlimn\u012bca\" \/>\n<meta name=\"twitter:card\" content=\"summary_large_image\" \/>\n<meta name=\"twitter:label1\" content=\"Est. reading time\" \/>\n\t<meta name=\"twitter:data1\" content=\"2 minutes\" \/>\n<script type=\"application\/ld+json\" class=\"yoast-schema-graph\">{\"@context\":\"https:\/\/schema.org\",\"@graph\":[{\"@type\":\"WebPage\",\"@id\":\"https:\/\/aslimnica.lv\/en\/pakalpojumi\/arstniecibas-nozares\/cardiologists\/\",\"url\":\"https:\/\/aslimnica.lv\/en\/pakalpojumi\/arstniecibas-nozares\/cardiologists\/\",\"name\":\"Cardiologists - aSlimn\u012bca\",\"isPartOf\":{\"@id\":\"https:\/\/aslimnica.lv\/en\/#website\"},\"datePublished\":\"2021-06-08T10:49:07+00:00\",\"breadcrumb\":{\"@id\":\"https:\/\/aslimnica.lv\/en\/pakalpojumi\/arstniecibas-nozares\/cardiologists\/#breadcrumb\"},\"inLanguage\":\"en-US\",\"potentialAction\":[{\"@type\":\"ReadAction\",\"target\":[\"https:\/\/aslimnica.lv\/en\/pakalpojumi\/arstniecibas-nozares\/cardiologists\/\"]}]},{\"@type\":\"BreadcrumbList\",\"@id\":\"https:\/\/aslimnica.lv\/en\/pakalpojumi\/arstniecibas-nozares\/cardiologists\/#breadcrumb\",\"itemListElement\":[{\"@type\":\"ListItem\",\"position\":1,\"name\":\"Home\",\"item\":\"https:\/\/aslimnica.lv\/en\/\"},{\"@type\":\"ListItem\",\"position\":2,\"name\":\"Services\",\"item\":\"https:\/\/aslimnica.lv\/en\/pakalpojumi\/\"},{\"@type\":\"ListItem\",\"position\":3,\"name\":\"Specialists\",\"item\":\"https:\/\/aslimnica.lv\/en\/pakalpojumi\/arstniecibas-nozares\/\"},{\"@type\":\"ListItem\",\"position\":4,\"name\":\"Cardiologists\"}]},{\"@type\":\"WebSite\",\"@id\":\"https:\/\/aslimnica.lv\/en\/#website\",\"url\":\"https:\/\/aslimnica.lv\/en\/\",\"name\":\"aSlimn\u012bca\",\"description\":\"R\u012bgas Austrumu k\u012bnisk\u0101 universit\u0101tes slimn\u012bca\",\"potentialAction\":[{\"@type\":\"SearchAction\",\"target\":{\"@type\":\"EntryPoint\",\"urlTemplate\":\"https:\/\/aslimnica.lv\/en\/?s={search_term_string}\"},\"query-input\":{\"@type\":\"PropertyValueSpecification\",\"valueRequired\":true,\"valueName\":\"search_term_string\"}}],\"inLanguage\":\"en-US\"}]}<\/script>\n<!-- \/ Yoast SEO plugin. -->","yoast_head_json":{"title":"Cardiologists - aSlimn\u012bca","robots":{"index":"index","follow":"follow","max-snippet":"max-snippet:-1","max-image-preview":"max-image-preview:large","max-video-preview":"max-video-preview:-1"},"canonical":"https:\/\/aslimnica.lv\/en\/pakalpojumi\/arstniecibas-nozares\/cardiologists\/","og_locale":"en_US","og_type":"article","og_title":"Cardiologists - aSlimn\u012bca","og_description":"[vc_row][vc_column][vc_column_text]Services and areas of activity of cardiologists General cardiology \u2013 cardiologists\u2019 consultations with a possibility for patients to undergo different heart examinations: Diagnostics and treatment of patients with heart failure; Diagnostics and treatment of patients with elevated blood pressure; Invasive cardiology \u2013 possibilities of assessing the condition of patients and sending them to the day","og_url":"https:\/\/aslimnica.lv\/en\/pakalpojumi\/arstniecibas-nozares\/cardiologists\/","og_site_name":"aSlimn\u012bca","twitter_card":"summary_large_image","twitter_misc":{"Est. reading time":"2 minutes"},"schema":{"@context":"https:\/\/schema.org","@graph":[{"@type":"WebPage","@id":"https:\/\/aslimnica.lv\/en\/pakalpojumi\/arstniecibas-nozares\/cardiologists\/","url":"https:\/\/aslimnica.lv\/en\/pakalpojumi\/arstniecibas-nozares\/cardiologists\/","name":"Cardiologists - aSlimn\u012bca","isPartOf":{"@id":"https:\/\/aslimnica.lv\/en\/#website"},"datePublished":"2021-06-08T10:49:07+00:00","breadcrumb":{"@id":"https:\/\/aslimnica.lv\/en\/pakalpojumi\/arstniecibas-nozares\/cardiologists\/#breadcrumb"},"inLanguage":"en-US","potentialAction":[{"@type":"ReadAction","target":["https:\/\/aslimnica.lv\/en\/pakalpojumi\/arstniecibas-nozares\/cardiologists\/"]}]},{"@type":"BreadcrumbList","@id":"https:\/\/aslimnica.lv\/en\/pakalpojumi\/arstniecibas-nozares\/cardiologists\/#breadcrumb","itemListElement":[{"@type":"ListItem","position":1,"name":"Home","item":"https:\/\/aslimnica.lv\/en\/"},{"@type":"ListItem","position":2,"name":"Services","item":"https:\/\/aslimnica.lv\/en\/pakalpojumi\/"},{"@type":"ListItem","position":3,"name":"Specialists","item":"https:\/\/aslimnica.lv\/en\/pakalpojumi\/arstniecibas-nozares\/"},{"@type":"ListItem","position":4,"name":"Cardiologists"}]},{"@type":"WebSite","@id":"https:\/\/aslimnica.lv\/en\/#website","url":"https:\/\/aslimnica.lv\/en\/","name":"aSlimn\u012bca","description":"R\u012bgas Austrumu k\u012bnisk\u0101 universit\u0101tes slimn\u012bca","potentialAction":[{"@type":"SearchAction","target":{"@type":"EntryPoint","urlTemplate":"https:\/\/aslimnica.lv\/en\/?s={search_term_string}"},"query-input":{"@type":"PropertyValueSpecification","valueRequired":true,"valueName":"search_term_string"}}],"inLanguage":"en-US"}]}},"_links":{"self":[{"href":"https:\/\/aslimnica.lv\/en\/wp-json\/wp\/v2\/pages\/22429","targetHints":{"allow":["GET"]}}],"collection":[{"href":"https:\/\/aslimnica.lv\/en\/wp-json\/wp\/v2\/pages"}],"about":[{"href":"https:\/\/aslimnica.lv\/en\/wp-json\/wp\/v2\/types\/page"}],"author":[{"embeddable":true,"href":"https:\/\/aslimnica.lv\/en\/wp-json\/wp\/v2\/users\/49"}],"replies":[{"embeddable":true,"href":"https:\/\/aslimnica.lv\/en\/wp-json\/wp\/v2\/comments?post=22429"}],"version-history":[{"count":1,"href":"https:\/\/aslimnica.lv\/en\/wp-json\/wp\/v2\/pages\/22429\/revisions"}],"predecessor-version":[{"id":22430,"href":"https:\/\/aslimnica.lv\/en\/wp-json\/wp\/v2\/pages\/22429\/revisions\/22430"}],"up":[{"embeddable":true,"href":"https:\/\/aslimnica.lv\/en\/wp-json\/wp\/v2\/pages\/22401"}],"wp:attachment":[{"href":"https:\/\/aslimnica.lv\/en\/wp-json\/wp\/v2\/media?parent=22429"}],"curies":[{"name":"wp","href":"https:\/\/api.w.org\/{rel}","templated":true}]}}