{"id":22422,"date":"2021-06-08T12:39:24","date_gmt":"2021-06-08T10:39:24","guid":{"rendered":"https:\/\/aslimnica.lv\/?page_id=22422"},"modified":"2021-06-08T12:39:24","modified_gmt":"2021-06-08T10:39:24","slug":"algologist-pain-doctor","status":"publish","type":"page","link":"https:\/\/aslimnica.lv\/en\/pakalpojumi\/arstniecibas-nozares\/algologist-pain-doctor\/","title":{"rendered":"Algologist (Pain Doctor)"},"content":{"rendered":"<div class=\"wpb-content-wrapper\"><p>[vc_row][vc_column][vc_column_text]<\/p>\n<p align=\"left\">Pain therapy or pain medicine is a branch of medicine concerned with the research of pain occurrence, existence and successful treatment mechanisms. Consultations by an algologist (pain doctor Dr. Anita Bernharde) are available in the In-patient Department \u201cGai\u013cezers\u201d on Mondays and Fridays.<\/p>\n<p>A pain therapist (algologist) is a doctor who knows the mechanisms of pain occurrence, existence and chronification, as well as methods of pain treatment.<\/p>\n<p><strong>The following patients are referred to the algologist for consultation:<\/strong><\/p>\n<ul>\n<li>With pain in joints, muscles, connective tissues and soft tissues;<\/li>\n<li>With postoperative and posttraumatic pain;<\/li>\n<li>With pain in nerve roots of the spine \u2013 radiculopathy;<\/li>\n<li>With chronic headaches;<\/li>\n<li>With chronic pelvic and urogenital pain;<\/li>\n<li>With neuropathic pain (e.g. in case of diabetes);<\/li>\n<li>With neuralgias, also with pain in the face in case of trigeminal nerve inflammation;<\/li>\n<li>With back-aches;<\/li>\n<li>With oncological pain.<\/li>\n<\/ul>\n<p align=\"left\">If the reason of the existing pain is unclear or the pain hinders full-fledged life, during the consultation the algologist will determine the reasons of pain and find the best method of pain treatment together with the patient.<\/p>\n<p>The treatment of chronic pain requires patience, cooperation with the doctor and the wish to get free from them. When going to the pain therapist, do not forget to take the results of previous examinations, remember the treatment methods applied earlier and medicinal products used.<\/p>\n<p><strong>In order to register for an out-patient consultation by the specialist:<\/strong><\/p>\n<p align=\"left\"><strong>call on (+371) 67000610<\/strong><\/p>\n<p>[\/vc_column_text][\/vc_column][\/vc_row][vc_row][vc_column width=&#8221;1\/2&#8243;]\n<div class=\"as-cta-button born-mt-none born-mb-none\">\n    <a href=\"https:\/\/aslimnica.lv\/en\/e-pieraksts\/\" target=\"\" rel=\"\">\n        <span class=\"heading\">\n            <span>E-Appointment<\/span>\n        <\/span>\n    <\/a>\n<\/div>\n[\/vc_column][vc_column width=&#8221;1\/2&#8243;][\/vc_column][\/vc_row]<\/p>\n<\/div>","protected":false},"excerpt":{"rendered":"<p>[vc_row][vc_column][vc_column_text] Pain therapy or pain medicine is a branch of medicine concerned with the research of pain occurrence, existence and successful treatment mechanisms. Consultations by an algologist (pain doctor Dr. Anita Bernharde) are available in the In-patient Department \u201cGai\u013cezers\u201d on Mondays and Fridays. A pain therapist (algologist) is a doctor who knows the mechanisms of<\/p>\n","protected":false},"author":49,"featured_media":0,"parent":22401,"menu_order":0,"comment_status":"closed","ping_status":"closed","template":"","meta":{"_acf_changed":false,"inline_featured_image":false,"footnotes":""},"class_list":["post-22422","page","type-page","status-publish","hentry"],"acf":[],"yoast_head":"<!-- This site is optimized with the Yoast SEO plugin v27.1.1 - https:\/\/yoast.com\/product\/yoast-seo-wordpress\/ -->\n<title>Algologist (Pain Doctor) - aSlimn\u012bca<\/title>\n<meta name=\"robots\" content=\"index, follow, max-snippet:-1, max-image-preview:large, max-video-preview:-1\" \/>\n<link rel=\"canonical\" href=\"https:\/\/aslimnica.lv\/en\/pakalpojumi\/arstniecibas-nozares\/algologist-pain-doctor\/\" \/>\n<meta property=\"og:locale\" content=\"en_US\" \/>\n<meta property=\"og:type\" content=\"article\" \/>\n<meta property=\"og:title\" content=\"Algologist (Pain Doctor) - aSlimn\u012bca\" \/>\n<meta property=\"og:description\" content=\"[vc_row][vc_column][vc_column_text] Pain therapy or pain medicine is a branch of medicine concerned with the research of pain occurrence, existence and successful treatment mechanisms. Consultations by an algologist (pain doctor Dr. Anita Bernharde) are available in the In-patient Department \u201cGai\u013cezers\u201d on Mondays and Fridays. A pain therapist (algologist) is a doctor who knows the mechanisms of\" \/>\n<meta property=\"og:url\" content=\"https:\/\/aslimnica.lv\/en\/pakalpojumi\/arstniecibas-nozares\/algologist-pain-doctor\/\" \/>\n<meta property=\"og:site_name\" content=\"aSlimn\u012bca\" \/>\n<meta name=\"twitter:card\" content=\"summary_large_image\" \/>\n<meta name=\"twitter:label1\" content=\"Est. reading time\" \/>\n\t<meta name=\"twitter:data1\" content=\"1 minute\" \/>\n<script type=\"application\/ld+json\" class=\"yoast-schema-graph\">{\"@context\":\"https:\/\/schema.org\",\"@graph\":[{\"@type\":\"WebPage\",\"@id\":\"https:\/\/aslimnica.lv\/en\/pakalpojumi\/arstniecibas-nozares\/algologist-pain-doctor\/\",\"url\":\"https:\/\/aslimnica.lv\/en\/pakalpojumi\/arstniecibas-nozares\/algologist-pain-doctor\/\",\"name\":\"Algologist (Pain Doctor) - aSlimn\u012bca\",\"isPartOf\":{\"@id\":\"https:\/\/aslimnica.lv\/en\/#website\"},\"datePublished\":\"2021-06-08T10:39:24+00:00\",\"breadcrumb\":{\"@id\":\"https:\/\/aslimnica.lv\/en\/pakalpojumi\/arstniecibas-nozares\/algologist-pain-doctor\/#breadcrumb\"},\"inLanguage\":\"en-US\",\"potentialAction\":[{\"@type\":\"ReadAction\",\"target\":[\"https:\/\/aslimnica.lv\/en\/pakalpojumi\/arstniecibas-nozares\/algologist-pain-doctor\/\"]}]},{\"@type\":\"BreadcrumbList\",\"@id\":\"https:\/\/aslimnica.lv\/en\/pakalpojumi\/arstniecibas-nozares\/algologist-pain-doctor\/#breadcrumb\",\"itemListElement\":[{\"@type\":\"ListItem\",\"position\":1,\"name\":\"Home\",\"item\":\"https:\/\/aslimnica.lv\/en\/\"},{\"@type\":\"ListItem\",\"position\":2,\"name\":\"Services\",\"item\":\"https:\/\/aslimnica.lv\/en\/pakalpojumi\/\"},{\"@type\":\"ListItem\",\"position\":3,\"name\":\"Specialists\",\"item\":\"https:\/\/aslimnica.lv\/en\/pakalpojumi\/arstniecibas-nozares\/\"},{\"@type\":\"ListItem\",\"position\":4,\"name\":\"Algologist (Pain Doctor)\"}]},{\"@type\":\"WebSite\",\"@id\":\"https:\/\/aslimnica.lv\/en\/#website\",\"url\":\"https:\/\/aslimnica.lv\/en\/\",\"name\":\"aSlimn\u012bca\",\"description\":\"R\u012bgas Austrumu k\u012bnisk\u0101 universit\u0101tes slimn\u012bca\",\"potentialAction\":[{\"@type\":\"SearchAction\",\"target\":{\"@type\":\"EntryPoint\",\"urlTemplate\":\"https:\/\/aslimnica.lv\/en\/?s={search_term_string}\"},\"query-input\":{\"@type\":\"PropertyValueSpecification\",\"valueRequired\":true,\"valueName\":\"search_term_string\"}}],\"inLanguage\":\"en-US\"}]}<\/script>\n<!-- \/ Yoast SEO plugin. -->","yoast_head_json":{"title":"Algologist (Pain Doctor) - aSlimn\u012bca","robots":{"index":"index","follow":"follow","max-snippet":"max-snippet:-1","max-image-preview":"max-image-preview:large","max-video-preview":"max-video-preview:-1"},"canonical":"https:\/\/aslimnica.lv\/en\/pakalpojumi\/arstniecibas-nozares\/algologist-pain-doctor\/","og_locale":"en_US","og_type":"article","og_title":"Algologist (Pain Doctor) - aSlimn\u012bca","og_description":"[vc_row][vc_column][vc_column_text] Pain therapy or pain medicine is a branch of medicine concerned with the research of pain occurrence, existence and successful treatment mechanisms. Consultations by an algologist (pain doctor Dr. Anita Bernharde) are available in the In-patient Department \u201cGai\u013cezers\u201d on Mondays and Fridays. A pain therapist (algologist) is a doctor who knows the mechanisms of","og_url":"https:\/\/aslimnica.lv\/en\/pakalpojumi\/arstniecibas-nozares\/algologist-pain-doctor\/","og_site_name":"aSlimn\u012bca","twitter_card":"summary_large_image","twitter_misc":{"Est. reading time":"1 minute"},"schema":{"@context":"https:\/\/schema.org","@graph":[{"@type":"WebPage","@id":"https:\/\/aslimnica.lv\/en\/pakalpojumi\/arstniecibas-nozares\/algologist-pain-doctor\/","url":"https:\/\/aslimnica.lv\/en\/pakalpojumi\/arstniecibas-nozares\/algologist-pain-doctor\/","name":"Algologist (Pain Doctor) - aSlimn\u012bca","isPartOf":{"@id":"https:\/\/aslimnica.lv\/en\/#website"},"datePublished":"2021-06-08T10:39:24+00:00","breadcrumb":{"@id":"https:\/\/aslimnica.lv\/en\/pakalpojumi\/arstniecibas-nozares\/algologist-pain-doctor\/#breadcrumb"},"inLanguage":"en-US","potentialAction":[{"@type":"ReadAction","target":["https:\/\/aslimnica.lv\/en\/pakalpojumi\/arstniecibas-nozares\/algologist-pain-doctor\/"]}]},{"@type":"BreadcrumbList","@id":"https:\/\/aslimnica.lv\/en\/pakalpojumi\/arstniecibas-nozares\/algologist-pain-doctor\/#breadcrumb","itemListElement":[{"@type":"ListItem","position":1,"name":"Home","item":"https:\/\/aslimnica.lv\/en\/"},{"@type":"ListItem","position":2,"name":"Services","item":"https:\/\/aslimnica.lv\/en\/pakalpojumi\/"},{"@type":"ListItem","position":3,"name":"Specialists","item":"https:\/\/aslimnica.lv\/en\/pakalpojumi\/arstniecibas-nozares\/"},{"@type":"ListItem","position":4,"name":"Algologist (Pain Doctor)"}]},{"@type":"WebSite","@id":"https:\/\/aslimnica.lv\/en\/#website","url":"https:\/\/aslimnica.lv\/en\/","name":"aSlimn\u012bca","description":"R\u012bgas Austrumu k\u012bnisk\u0101 universit\u0101tes slimn\u012bca","potentialAction":[{"@type":"SearchAction","target":{"@type":"EntryPoint","urlTemplate":"https:\/\/aslimnica.lv\/en\/?s={search_term_string}"},"query-input":{"@type":"PropertyValueSpecification","valueRequired":true,"valueName":"search_term_string"}}],"inLanguage":"en-US"}]}},"_links":{"self":[{"href":"https:\/\/aslimnica.lv\/en\/wp-json\/wp\/v2\/pages\/22422","targetHints":{"allow":["GET"]}}],"collection":[{"href":"https:\/\/aslimnica.lv\/en\/wp-json\/wp\/v2\/pages"}],"about":[{"href":"https:\/\/aslimnica.lv\/en\/wp-json\/wp\/v2\/types\/page"}],"author":[{"embeddable":true,"href":"https:\/\/aslimnica.lv\/en\/wp-json\/wp\/v2\/users\/49"}],"replies":[{"embeddable":true,"href":"https:\/\/aslimnica.lv\/en\/wp-json\/wp\/v2\/comments?post=22422"}],"version-history":[{"count":1,"href":"https:\/\/aslimnica.lv\/en\/wp-json\/wp\/v2\/pages\/22422\/revisions"}],"predecessor-version":[{"id":22423,"href":"https:\/\/aslimnica.lv\/en\/wp-json\/wp\/v2\/pages\/22422\/revisions\/22423"}],"up":[{"embeddable":true,"href":"https:\/\/aslimnica.lv\/en\/wp-json\/wp\/v2\/pages\/22401"}],"wp:attachment":[{"href":"https:\/\/aslimnica.lv\/en\/wp-json\/wp\/v2\/media?parent=22422"}],"curies":[{"name":"wp","href":"https:\/\/api.w.org\/{rel}","templated":true}]}}