{"id":22401,"date":"2021-02-04T14:17:33","date_gmt":"2021-02-04T12:17:33","guid":{"rendered":"https:\/\/aslimnica.lv\/arstniecibas-nozares\/"},"modified":"2021-06-10T09:05:49","modified_gmt":"2021-06-10T07:05:49","slug":"arstniecibas-nozares","status":"publish","type":"page","link":"https:\/\/aslimnica.lv\/en\/pakalpojumi\/arstniecibas-nozares\/","title":{"rendered":"Specialists"},"content":{"rendered":"<div class=\"wpb-content-wrapper\"><p>[vc_row][vc_column]\n<div class=\"as-shortcuts born-mt-none born-mb-none\">\n    <div class=\"born-container is-wide\">\n        <div class=\"content\">\n            <div class=\"items-list\">\n\n                \n                    <a href=\"https:\/\/aslimnica.lv\/en\/arstniecibas-nozares\/algologist-pain-doctor\/\" target=\"\" rel=\"\" class=\"item\">\n\n                        \t\t\t\t\t\t\t<span class=\"icon\">\n\t\t\t\t\t\t\t\t<img decoding=\"async\" src=\"https:\/\/aslimnica.lv\/wp-content\/uploads\/2020\/11\/icon-doctor-1-1.svg\" alt=\"\u0100rsti\">\t\t\t\t\t\t\t<\/span>\n                        \n                        <span class=\"heading\"><span>Algologist (Pain Doctor)<\/span><\/span>\n\n                    <\/a>\n\n                \n                    <a href=\"https:\/\/aslimnica.lv\/en\/arstniecibas-nozares\/asthma-room\/\" target=\"\" rel=\"\" class=\"item\">\n\n                        \t\t\t\t\t\t\t<span class=\"icon\">\n\t\t\t\t\t\t\t\t<img decoding=\"async\" src=\"https:\/\/aslimnica.lv\/wp-content\/uploads\/2020\/11\/icon-doctor-1-1.svg\" alt=\"\u0100rsti\">\t\t\t\t\t\t\t<\/span>\n                        \n                        <span class=\"heading\"><span>Astma Room<\/span><\/span>\n\n                    <\/a>\n\n                \n                    <a href=\"https:\/\/aslimnica.lv\/en\/arstniecibas-nozares\/cardiologists\/\" target=\"\" rel=\"\" class=\"item\">\n\n                        \t\t\t\t\t\t\t<span class=\"icon\">\n\t\t\t\t\t\t\t\t<img decoding=\"async\" src=\"https:\/\/aslimnica.lv\/wp-content\/uploads\/2020\/11\/icon-doctor-1-1.svg\" alt=\"\u0100rsti\">\t\t\t\t\t\t\t<\/span>\n                        \n                        <span class=\"heading\"><span>Cardiologists<\/span><\/span>\n\n                    <\/a>\n\n                \n                    <a href=\"https:\/\/aslimnica.lv\/en\/arstniecibas-nozares\/dermatologists-venereologists\/\" target=\"\" rel=\"\" class=\"item\">\n\n                        \t\t\t\t\t\t\t<span class=\"icon\">\n\t\t\t\t\t\t\t\t<img decoding=\"async\" src=\"https:\/\/aslimnica.lv\/wp-content\/uploads\/2020\/11\/icon-doctor-1-1.svg\" alt=\"\u0100rsti\">\t\t\t\t\t\t\t<\/span>\n                        \n                        <span class=\"heading\"><span>Dermatologists \/ Venereologists <\/span><\/span>\n\n                    <\/a>\n\n                \n                    <a href=\"https:\/\/aslimnica.lv\/en\/arstniecibas-nozares\/endocrinologists\/\" target=\"\" rel=\"\" class=\"item\">\n\n                        \t\t\t\t\t\t\t<span class=\"icon\">\n\t\t\t\t\t\t\t\t<img decoding=\"async\" src=\"https:\/\/aslimnica.lv\/wp-content\/uploads\/2020\/11\/icon-doctor-1-1.svg\" alt=\"\u0100rsti\">\t\t\t\t\t\t\t<\/span>\n                        \n                        <span class=\"heading\"><span>Endocrinologists<\/span><\/span>\n\n                    <\/a>\n\n                \n                    <a href=\"https:\/\/aslimnica.lv\/en\/arstniecibas-nozares\/gynaecologists\/\" target=\"\" rel=\"\" class=\"item\">\n\n                        \t\t\t\t\t\t\t<span class=\"icon\">\n\t\t\t\t\t\t\t\t<img decoding=\"async\" src=\"https:\/\/aslimnica.lv\/wp-content\/uploads\/2020\/11\/icon-doctor-1-1.svg\" alt=\"\u0100rsti\">\t\t\t\t\t\t\t<\/span>\n                        \n                        <span class=\"heading\"><span>Gynaecologists<\/span><\/span>\n\n                    <\/a>\n\n                \n                    <a href=\"https:\/\/aslimnica.lv\/en\/arstniecibas-nozares\/microsurgeons\/\" target=\"\" rel=\"\" class=\"item\">\n\n                        \t\t\t\t\t\t\t<span class=\"icon\">\n\t\t\t\t\t\t\t\t<img decoding=\"async\" src=\"https:\/\/aslimnica.lv\/wp-content\/uploads\/2020\/11\/icon-doctor-1-1.svg\" alt=\"\u0100rsti\">\t\t\t\t\t\t\t<\/span>\n                        \n                        <span class=\"heading\"><span>Microsurgeons<\/span><\/span>\n\n                    <\/a>\n\n                \n                    <a href=\"https:\/\/aslimnica.lv\/en\/arstniecibas-nozares\/neurologists\/\" target=\"\" rel=\"\" class=\"item\">\n\n                        \t\t\t\t\t\t\t<span class=\"icon\">\n\t\t\t\t\t\t\t\t<img decoding=\"async\" src=\"https:\/\/aslimnica.lv\/wp-content\/uploads\/2020\/11\/icon-doctor-1-1.svg\" alt=\"\u0100rsti\">\t\t\t\t\t\t\t<\/span>\n                        \n                        <span class=\"heading\"><span>Neurologists<\/span><\/span>\n\n                    <\/a>\n\n                \n                    <a href=\"https:\/\/aslimnica.lv\/en\/pakalpojumi\/arstniecibas-nozares\/oncologists\/\" target=\"\" rel=\"\" class=\"item\">\n\n                        \t\t\t\t\t\t\t<span class=\"icon\">\n\t\t\t\t\t\t\t\t<img decoding=\"async\" src=\"https:\/\/aslimnica.lv\/wp-content\/uploads\/2020\/11\/icon-doctor-1-1.svg\" alt=\"\u0100rsti\">\t\t\t\t\t\t\t<\/span>\n                        \n                        <span class=\"heading\"><span>Oncologist<\/span><\/span>\n\n                    <\/a>\n\n                \n                    <a href=\"https:\/\/aslimnica.lv\/en\/pakalpojumi\/arstniecibas-nozares\/otolaryngologists-ent\/\" target=\"\" rel=\"\" class=\"item\">\n\n                        \t\t\t\t\t\t\t<span class=\"icon\">\n\t\t\t\t\t\t\t\t<img decoding=\"async\" src=\"https:\/\/aslimnica.lv\/wp-content\/uploads\/2020\/11\/icon-doctor-1-1.svg\" alt=\"\u0100rsti\">\t\t\t\t\t\t\t<\/span>\n                        \n                        <span class=\"heading\"><span>Otolaryngologists (ENT)<\/span><\/span>\n\n                    <\/a>\n\n                \n                    <a href=\"https:\/\/aslimnica.lv\/en\/pakalpojumi\/arstniecibas-nozares\/pneumonologists\/\" target=\"\" rel=\"\" class=\"item\">\n\n                        \t\t\t\t\t\t\t<span class=\"icon\">\n\t\t\t\t\t\t\t\t<img decoding=\"async\" src=\"https:\/\/aslimnica.lv\/wp-content\/uploads\/2020\/11\/icon-doctor-1-1.svg\" alt=\"\u0100rsti\">\t\t\t\t\t\t\t<\/span>\n                        \n                        <span class=\"heading\"><span>Pneumonologists<\/span><\/span>\n\n                    <\/a>\n\n                \n                    <a href=\"https:\/\/aslimnica.lv\/en\/pakalpojumi\/arstniecibas-nozares\/surgeons\/\" target=\"\" rel=\"\" class=\"item\">\n\n                        \t\t\t\t\t\t\t<span class=\"icon\">\n\t\t\t\t\t\t\t\t<img decoding=\"async\" src=\"https:\/\/aslimnica.lv\/wp-content\/uploads\/2020\/11\/icon-doctor-1-1.svg\" alt=\"\u0100rsti\">\t\t\t\t\t\t\t<\/span>\n                        \n                        <span class=\"heading\"><span>Surgeons<\/span><\/span>\n\n                    <\/a>\n\n                \n                    <a href=\"https:\/\/aslimnica.lv\/en\/pakalpojumi\/arstniecibas-nozares\/traumatologists\/\" target=\"\" rel=\"\" class=\"item\">\n\n                        \t\t\t\t\t\t\t<span class=\"icon\">\n\t\t\t\t\t\t\t\t<img decoding=\"async\" src=\"https:\/\/aslimnica.lv\/wp-content\/uploads\/2020\/11\/icon-doctor-1-1.svg\" alt=\"\u0100rsti\">\t\t\t\t\t\t\t<\/span>\n                        \n                        <span class=\"heading\"><span>Traumatologists<\/span><\/span>\n\n                    <\/a>\n\n                \n                    <a href=\"https:\/\/aslimnica.lv\/en\/pakalpojumi\/arstniecibas-nozares\/urologists\/\" target=\"\" rel=\"\" class=\"item\">\n\n                        \t\t\t\t\t\t\t<span class=\"icon\">\n\t\t\t\t\t\t\t\t<img decoding=\"async\" src=\"https:\/\/aslimnica.lv\/wp-content\/uploads\/2020\/11\/icon-doctor-1-1.svg\" alt=\"\u0100rsti\">\t\t\t\t\t\t\t<\/span>\n                        \n                        <span class=\"heading\"><span>Urologists<\/span><\/span>\n\n                    <\/a>\n\n                \n            <\/div>\n        <\/div>\n    <\/div>\n<\/div>\n[\/vc_column][\/vc_row]<\/p>\n<\/div>","protected":false},"excerpt":{"rendered":"<p>[vc_row][vc_column][\/vc_column][\/vc_row]<\/p>\n","protected":false},"author":49,"featured_media":0,"parent":22381,"menu_order":0,"comment_status":"closed","ping_status":"closed","template":"","meta":{"_acf_changed":false,"inline_featured_image":false,"footnotes":""},"class_list":["post-22401","page","type-page","status-publish","hentry"],"acf":[],"yoast_head":"<!-- This site is optimized with the Yoast SEO plugin v27.1.1 - https:\/\/yoast.com\/product\/yoast-seo-wordpress\/ -->\n<title>Specialists - aSlimn\u012bca<\/title>\n<meta name=\"robots\" content=\"index, follow, max-snippet:-1, max-image-preview:large, max-video-preview:-1\" \/>\n<link rel=\"canonical\" href=\"https:\/\/aslimnica.lv\/en\/pakalpojumi\/arstniecibas-nozares\/\" \/>\n<meta property=\"og:locale\" content=\"en_US\" \/>\n<meta property=\"og:type\" content=\"article\" \/>\n<meta property=\"og:title\" content=\"Specialists - aSlimn\u012bca\" \/>\n<meta property=\"og:description\" content=\"[vc_row][vc_column][\/vc_column][\/vc_row]\" \/>\n<meta property=\"og:url\" content=\"https:\/\/aslimnica.lv\/en\/pakalpojumi\/arstniecibas-nozares\/\" \/>\n<meta property=\"og:site_name\" content=\"aSlimn\u012bca\" \/>\n<meta property=\"article:modified_time\" content=\"2021-06-10T07:05:49+00:00\" \/>\n<meta name=\"twitter:card\" content=\"summary_large_image\" \/>\n<meta name=\"twitter:label1\" content=\"Est. reading time\" \/>\n\t<meta name=\"twitter:data1\" content=\"2 minutes\" \/>\n<script type=\"application\/ld+json\" class=\"yoast-schema-graph\">{\"@context\":\"https:\/\/schema.org\",\"@graph\":[{\"@type\":\"WebPage\",\"@id\":\"https:\/\/aslimnica.lv\/en\/pakalpojumi\/arstniecibas-nozares\/\",\"url\":\"https:\/\/aslimnica.lv\/en\/pakalpojumi\/arstniecibas-nozares\/\",\"name\":\"Specialists - aSlimn\u012bca\",\"isPartOf\":{\"@id\":\"https:\/\/aslimnica.lv\/en\/#website\"},\"datePublished\":\"2021-02-04T12:17:33+00:00\",\"dateModified\":\"2021-06-10T07:05:49+00:00\",\"breadcrumb\":{\"@id\":\"https:\/\/aslimnica.lv\/en\/pakalpojumi\/arstniecibas-nozares\/#breadcrumb\"},\"inLanguage\":\"en-US\",\"potentialAction\":[{\"@type\":\"ReadAction\",\"target\":[\"https:\/\/aslimnica.lv\/en\/pakalpojumi\/arstniecibas-nozares\/\"]}]},{\"@type\":\"BreadcrumbList\",\"@id\":\"https:\/\/aslimnica.lv\/en\/pakalpojumi\/arstniecibas-nozares\/#breadcrumb\",\"itemListElement\":[{\"@type\":\"ListItem\",\"position\":1,\"name\":\"Home\",\"item\":\"https:\/\/aslimnica.lv\/en\/\"},{\"@type\":\"ListItem\",\"position\":2,\"name\":\"Services\",\"item\":\"https:\/\/aslimnica.lv\/en\/pakalpojumi\/\"},{\"@type\":\"ListItem\",\"position\":3,\"name\":\"Specialists\"}]},{\"@type\":\"WebSite\",\"@id\":\"https:\/\/aslimnica.lv\/en\/#website\",\"url\":\"https:\/\/aslimnica.lv\/en\/\",\"name\":\"aSlimn\u012bca\",\"description\":\"R\u012bgas Austrumu k\u012bnisk\u0101 universit\u0101tes slimn\u012bca\",\"potentialAction\":[{\"@type\":\"SearchAction\",\"target\":{\"@type\":\"EntryPoint\",\"urlTemplate\":\"https:\/\/aslimnica.lv\/en\/?s={search_term_string}\"},\"query-input\":{\"@type\":\"PropertyValueSpecification\",\"valueRequired\":true,\"valueName\":\"search_term_string\"}}],\"inLanguage\":\"en-US\"}]}<\/script>\n<!-- \/ Yoast SEO plugin. -->","yoast_head_json":{"title":"Specialists - aSlimn\u012bca","robots":{"index":"index","follow":"follow","max-snippet":"max-snippet:-1","max-image-preview":"max-image-preview:large","max-video-preview":"max-video-preview:-1"},"canonical":"https:\/\/aslimnica.lv\/en\/pakalpojumi\/arstniecibas-nozares\/","og_locale":"en_US","og_type":"article","og_title":"Specialists - aSlimn\u012bca","og_description":"[vc_row][vc_column][\/vc_column][\/vc_row]","og_url":"https:\/\/aslimnica.lv\/en\/pakalpojumi\/arstniecibas-nozares\/","og_site_name":"aSlimn\u012bca","article_modified_time":"2021-06-10T07:05:49+00:00","twitter_card":"summary_large_image","twitter_misc":{"Est. reading time":"2 minutes"},"schema":{"@context":"https:\/\/schema.org","@graph":[{"@type":"WebPage","@id":"https:\/\/aslimnica.lv\/en\/pakalpojumi\/arstniecibas-nozares\/","url":"https:\/\/aslimnica.lv\/en\/pakalpojumi\/arstniecibas-nozares\/","name":"Specialists - aSlimn\u012bca","isPartOf":{"@id":"https:\/\/aslimnica.lv\/en\/#website"},"datePublished":"2021-02-04T12:17:33+00:00","dateModified":"2021-06-10T07:05:49+00:00","breadcrumb":{"@id":"https:\/\/aslimnica.lv\/en\/pakalpojumi\/arstniecibas-nozares\/#breadcrumb"},"inLanguage":"en-US","potentialAction":[{"@type":"ReadAction","target":["https:\/\/aslimnica.lv\/en\/pakalpojumi\/arstniecibas-nozares\/"]}]},{"@type":"BreadcrumbList","@id":"https:\/\/aslimnica.lv\/en\/pakalpojumi\/arstniecibas-nozares\/#breadcrumb","itemListElement":[{"@type":"ListItem","position":1,"name":"Home","item":"https:\/\/aslimnica.lv\/en\/"},{"@type":"ListItem","position":2,"name":"Services","item":"https:\/\/aslimnica.lv\/en\/pakalpojumi\/"},{"@type":"ListItem","position":3,"name":"Specialists"}]},{"@type":"WebSite","@id":"https:\/\/aslimnica.lv\/en\/#website","url":"https:\/\/aslimnica.lv\/en\/","name":"aSlimn\u012bca","description":"R\u012bgas Austrumu k\u012bnisk\u0101 universit\u0101tes slimn\u012bca","potentialAction":[{"@type":"SearchAction","target":{"@type":"EntryPoint","urlTemplate":"https:\/\/aslimnica.lv\/en\/?s={search_term_string}"},"query-input":{"@type":"PropertyValueSpecification","valueRequired":true,"valueName":"search_term_string"}}],"inLanguage":"en-US"}]}},"_links":{"self":[{"href":"https:\/\/aslimnica.lv\/en\/wp-json\/wp\/v2\/pages\/22401","targetHints":{"allow":["GET"]}}],"collection":[{"href":"https:\/\/aslimnica.lv\/en\/wp-json\/wp\/v2\/pages"}],"about":[{"href":"https:\/\/aslimnica.lv\/en\/wp-json\/wp\/v2\/types\/page"}],"author":[{"embeddable":true,"href":"https:\/\/aslimnica.lv\/en\/wp-json\/wp\/v2\/users\/49"}],"replies":[{"embeddable":true,"href":"https:\/\/aslimnica.lv\/en\/wp-json\/wp\/v2\/comments?post=22401"}],"version-history":[{"count":16,"href":"https:\/\/aslimnica.lv\/en\/wp-json\/wp\/v2\/pages\/22401\/revisions"}],"predecessor-version":[{"id":22543,"href":"https:\/\/aslimnica.lv\/en\/wp-json\/wp\/v2\/pages\/22401\/revisions\/22543"}],"up":[{"embeddable":true,"href":"https:\/\/aslimnica.lv\/en\/wp-json\/wp\/v2\/pages\/22381"}],"wp:attachment":[{"href":"https:\/\/aslimnica.lv\/en\/wp-json\/wp\/v2\/media?parent=22401"}],"curies":[{"name":"wp","href":"https:\/\/api.w.org\/{rel}","templated":true}]}}