{"id":22393,"date":"2020-11-21T10:26:36","date_gmt":"2020-11-21T08:26:36","guid":{"rendered":"https:\/\/aslimnica.lv\/kontakti\/"},"modified":"2026-04-13T15:35:41","modified_gmt":"2026-04-13T12:35:41","slug":"kontakti","status":"publish","type":"page","link":"https:\/\/aslimnica.lv\/en\/kontakti\/","title":{"rendered":"Contacts"},"content":{"rendered":"<div class=\"wpb-content-wrapper\"><p>[vc_row][vc_column css_animation=&#8221;none&#8221; width=&#8221;1\/2&#8243;]\n<div class=\"as-cta-button born-mt-none born-mb-none\">\n    <a href=\"https:\/\/eveselibaspunkts.lv\/en\/Booking\/SpecialistsAndServices?InstitutionCode=010000234\" target=\"\" rel=\"\">\n        <span class=\"heading\">\n            <span>E-Appointment<\/span>\n        <\/span>\n    <\/a>\n<\/div>\n[\/vc_column][vc_column width=&#8221;1\/2&#8243;]\n<div class=\"as-cta-button born-mt-none born-mb-none\">\n    <a href=\"https:\/\/aslimnica.lv\/en\/withdrawal-form\/\" target=\"\" rel=\"\">\n        <span class=\"heading\">\n            <span>Refuse service<\/span>\n        <\/span>\n    <\/a>\n<\/div>\n[\/vc_column][\/vc_row][vc_row][vc_column][vc_column_text]<\/p>\n<h1 class=\"info\">Appointment phone:\u00a0<a href=\"tel:+37167000610\">+371 67000610<\/a><\/h1>\n<h2 class=\"rtejustify\">From <strong>8:00 till 17:00 (working days)<\/strong><\/h2>\n<p>[\/vc_column_text][\/vc_column][\/vc_row][vc_row][vc_column][vc_column_text css=&#8221;&#8221;]<\/p>\n<hr \/>\n<p><a href=\"https:\/\/aslimnica.lv\/wp-content\/uploads\/2024\/06\/Ieksejas-kartibas-noteikumi_eng.pdf\"><strong>Internal Rules of Procedure of Riga East University Hospital<\/strong><\/a>[\/vc_column_text][vc_column_text]<\/p>\n<hr \/>\n<p><a href=\"https:\/\/aslimnica.lv\/wp-content\/uploads\/2026\/04\/EN-Info_lapa_NMPUK_pacienti_WEB.pdf\"><strong>A practical guide \u2013 what to expect during your visit and how the treatment process will proceed at the Emergency Medicine and Patient Admission Clinic<\/strong><\/a>[\/vc_column_text][\/vc_column][\/vc_row]<\/p>\n<\/div>","protected":false},"excerpt":{"rendered":"<p>[vc_row][vc_column css_animation=&#8221;none&#8221; width=&#8221;1\/2&#8243;][\/vc_column][vc_column width=&#8221;1\/2&#8243;][\/vc_column][\/vc_row][vc_row][vc_column][vc_column_text] Appointment phone:\u00a0+371 67000610 From 8:00 till 17:00 (working days) [\/vc_column_text][\/vc_column][\/vc_row][vc_row][vc_column][vc_column_text css=&#8221;&#8221;] Internal Rules of Procedure of Riga East University Hospital[\/vc_column_text][vc_column_text] A practical guide \u2013 what to expect during your visit and how the treatment process will proceed at the Emergency Medicine and Patient Admission Clinic[\/vc_column_text][\/vc_column][\/vc_row]<\/p>\n","protected":false},"author":49,"featured_media":0,"parent":0,"menu_order":0,"comment_status":"closed","ping_status":"closed","template":"","meta":{"_acf_changed":false,"inline_featured_image":false,"footnotes":""},"class_list":["post-22393","page","type-page","status-publish","hentry"],"acf":[],"yoast_head":"<!-- This site is optimized with the Yoast SEO plugin v27.1.1 - https:\/\/yoast.com\/product\/yoast-seo-wordpress\/ -->\n<title>Contacts - aSlimn\u012bca<\/title>\n<meta name=\"robots\" content=\"index, follow, max-snippet:-1, max-image-preview:large, max-video-preview:-1\" \/>\n<link rel=\"canonical\" href=\"https:\/\/aslimnica.lv\/en\/kontakti\/\" \/>\n<meta property=\"og:locale\" content=\"en_US\" \/>\n<meta property=\"og:type\" content=\"article\" \/>\n<meta property=\"og:title\" content=\"Contacts - aSlimn\u012bca\" \/>\n<meta property=\"og:description\" content=\"[vc_row][vc_column css_animation=&#8221;none&#8221; width=&#8221;1\/2&#8243;][\/vc_column][vc_column width=&#8221;1\/2&#8243;][\/vc_column][\/vc_row][vc_row][vc_column][vc_column_text] Appointment phone:\u00a0+371 67000610 From 8:00 till 17:00 (working days) [\/vc_column_text][\/vc_column][\/vc_row][vc_row][vc_column][vc_column_text css=&#8221;&#8221;] Internal Rules of Procedure of Riga East University Hospital[\/vc_column_text][vc_column_text] A practical guide \u2013 what to expect during your visit and how the treatment process will proceed at the Emergency Medicine and Patient Admission Clinic[\/vc_column_text][\/vc_column][\/vc_row]\" \/>\n<meta property=\"og:url\" content=\"https:\/\/aslimnica.lv\/en\/kontakti\/\" \/>\n<meta property=\"og:site_name\" content=\"aSlimn\u012bca\" \/>\n<meta property=\"article:modified_time\" content=\"2026-04-13T12:35:41+00:00\" \/>\n<meta name=\"twitter:card\" content=\"summary_large_image\" \/>\n<meta name=\"twitter:label1\" content=\"Est. reading time\" \/>\n\t<meta name=\"twitter:data1\" content=\"1 minute\" \/>\n<script type=\"application\/ld+json\" class=\"yoast-schema-graph\">{\"@context\":\"https:\/\/schema.org\",\"@graph\":[{\"@type\":\"WebPage\",\"@id\":\"https:\/\/aslimnica.lv\/en\/kontakti\/\",\"url\":\"https:\/\/aslimnica.lv\/en\/kontakti\/\",\"name\":\"Contacts - aSlimn\u012bca\",\"isPartOf\":{\"@id\":\"https:\/\/aslimnica.lv\/en\/#website\"},\"datePublished\":\"2020-11-21T08:26:36+00:00\",\"dateModified\":\"2026-04-13T12:35:41+00:00\",\"breadcrumb\":{\"@id\":\"https:\/\/aslimnica.lv\/en\/kontakti\/#breadcrumb\"},\"inLanguage\":\"en-US\",\"potentialAction\":[{\"@type\":\"ReadAction\",\"target\":[\"https:\/\/aslimnica.lv\/en\/kontakti\/\"]}]},{\"@type\":\"BreadcrumbList\",\"@id\":\"https:\/\/aslimnica.lv\/en\/kontakti\/#breadcrumb\",\"itemListElement\":[{\"@type\":\"ListItem\",\"position\":1,\"name\":\"Home\",\"item\":\"https:\/\/aslimnica.lv\/en\/\"},{\"@type\":\"ListItem\",\"position\":2,\"name\":\"Contacts\"}]},{\"@type\":\"WebSite\",\"@id\":\"https:\/\/aslimnica.lv\/en\/#website\",\"url\":\"https:\/\/aslimnica.lv\/en\/\",\"name\":\"aSlimn\u012bca\",\"description\":\"R\u012bgas Austrumu k\u012bnisk\u0101 universit\u0101tes slimn\u012bca\",\"potentialAction\":[{\"@type\":\"SearchAction\",\"target\":{\"@type\":\"EntryPoint\",\"urlTemplate\":\"https:\/\/aslimnica.lv\/en\/?s={search_term_string}\"},\"query-input\":{\"@type\":\"PropertyValueSpecification\",\"valueRequired\":true,\"valueName\":\"search_term_string\"}}],\"inLanguage\":\"en-US\"}]}<\/script>\n<!-- \/ Yoast SEO plugin. -->","yoast_head_json":{"title":"Contacts - aSlimn\u012bca","robots":{"index":"index","follow":"follow","max-snippet":"max-snippet:-1","max-image-preview":"max-image-preview:large","max-video-preview":"max-video-preview:-1"},"canonical":"https:\/\/aslimnica.lv\/en\/kontakti\/","og_locale":"en_US","og_type":"article","og_title":"Contacts - aSlimn\u012bca","og_description":"[vc_row][vc_column css_animation=&#8221;none&#8221; width=&#8221;1\/2&#8243;][\/vc_column][vc_column width=&#8221;1\/2&#8243;][\/vc_column][\/vc_row][vc_row][vc_column][vc_column_text] Appointment phone:\u00a0+371 67000610 From 8:00 till 17:00 (working days) [\/vc_column_text][\/vc_column][\/vc_row][vc_row][vc_column][vc_column_text css=&#8221;&#8221;] Internal Rules of Procedure of Riga East University Hospital[\/vc_column_text][vc_column_text] A practical guide \u2013 what to expect during your visit and how the treatment process will proceed at the Emergency Medicine and Patient Admission Clinic[\/vc_column_text][\/vc_column][\/vc_row]","og_url":"https:\/\/aslimnica.lv\/en\/kontakti\/","og_site_name":"aSlimn\u012bca","article_modified_time":"2026-04-13T12:35:41+00:00","twitter_card":"summary_large_image","twitter_misc":{"Est. reading time":"1 minute"},"schema":{"@context":"https:\/\/schema.org","@graph":[{"@type":"WebPage","@id":"https:\/\/aslimnica.lv\/en\/kontakti\/","url":"https:\/\/aslimnica.lv\/en\/kontakti\/","name":"Contacts - aSlimn\u012bca","isPartOf":{"@id":"https:\/\/aslimnica.lv\/en\/#website"},"datePublished":"2020-11-21T08:26:36+00:00","dateModified":"2026-04-13T12:35:41+00:00","breadcrumb":{"@id":"https:\/\/aslimnica.lv\/en\/kontakti\/#breadcrumb"},"inLanguage":"en-US","potentialAction":[{"@type":"ReadAction","target":["https:\/\/aslimnica.lv\/en\/kontakti\/"]}]},{"@type":"BreadcrumbList","@id":"https:\/\/aslimnica.lv\/en\/kontakti\/#breadcrumb","itemListElement":[{"@type":"ListItem","position":1,"name":"Home","item":"https:\/\/aslimnica.lv\/en\/"},{"@type":"ListItem","position":2,"name":"Contacts"}]},{"@type":"WebSite","@id":"https:\/\/aslimnica.lv\/en\/#website","url":"https:\/\/aslimnica.lv\/en\/","name":"aSlimn\u012bca","description":"R\u012bgas Austrumu k\u012bnisk\u0101 universit\u0101tes slimn\u012bca","potentialAction":[{"@type":"SearchAction","target":{"@type":"EntryPoint","urlTemplate":"https:\/\/aslimnica.lv\/en\/?s={search_term_string}"},"query-input":{"@type":"PropertyValueSpecification","valueRequired":true,"valueName":"search_term_string"}}],"inLanguage":"en-US"}]}},"_links":{"self":[{"href":"https:\/\/aslimnica.lv\/en\/wp-json\/wp\/v2\/pages\/22393","targetHints":{"allow":["GET"]}}],"collection":[{"href":"https:\/\/aslimnica.lv\/en\/wp-json\/wp\/v2\/pages"}],"about":[{"href":"https:\/\/aslimnica.lv\/en\/wp-json\/wp\/v2\/types\/page"}],"author":[{"embeddable":true,"href":"https:\/\/aslimnica.lv\/en\/wp-json\/wp\/v2\/users\/49"}],"replies":[{"embeddable":true,"href":"https:\/\/aslimnica.lv\/en\/wp-json\/wp\/v2\/comments?post=22393"}],"version-history":[{"count":20,"href":"https:\/\/aslimnica.lv\/en\/wp-json\/wp\/v2\/pages\/22393\/revisions"}],"predecessor-version":[{"id":84538,"href":"https:\/\/aslimnica.lv\/en\/wp-json\/wp\/v2\/pages\/22393\/revisions\/84538"}],"wp:attachment":[{"href":"https:\/\/aslimnica.lv\/en\/wp-json\/wp\/v2\/media?parent=22393"}],"curies":[{"name":"wp","href":"https:\/\/api.w.org\/{rel}","templated":true}]}}