{"id":22388,"date":"2020-11-09T11:24:54","date_gmt":"2020-11-09T09:24:54","guid":{"rendered":"https:\/\/aslimnica.lv\/par-mums\/"},"modified":"2026-01-07T08:05:13","modified_gmt":"2026-01-07T06:05:13","slug":"par-mums","status":"publish","type":"page","link":"https:\/\/aslimnica.lv\/en\/par-mums\/","title":{"rendered":"About"},"content":{"rendered":"<div class=\"wpb-content-wrapper\"><p>[vc_row][vc_column][vc_column_text]<\/p>\n<p class=\"rtejustify\">RIGA EAST UNIVERSITY HOSPITAL is a multi-field medical treatment institution in Latvia that provides extensive diagnostics and treatment to patients, as well as carries out scientific research work and develops innovations, ensures training of young specialists and organizes activities for public education and health improvement.<\/p>\n<p class=\"rtejustify\">In separate clinics of the hospital, in-patient assistance is provided in the fields where it is unavailable in other in-patient medical treatment institutions of Latvia, for instance, in the field of microsurgery, plastic and reconstructive surgery, bedsore treatment, toxicology and sepsis, polytrauma, burn and frost-bite treatment, rehabilitation of victims of the national socialist regime, infant surdology, stem cell transplantation, tuberculosis, HIV\/AIDS treatment, and stereotactic radiation therapy for oncology patients.<\/p>\n<p class=\"rtejustify\">The hospital comprises five clinical centres &#8211; <strong>Gai\u013cezers, Oncology Centre of Latvia, Bi\u0137ernieki, Latvian Centre of Infectious Diseases and Centre of Tuberculosis and Lung Diseases. <\/strong><span class=\"Y2IQFc\" lang=\"en\">Our hospital has almost <strong>5 000<\/strong> employees<\/span>. <span class=\"Y2IQFc\" lang=\"en\">During the year, the hospital provides healthcare services to <strong>55 000<\/strong> inpatients and <strong>840 000<\/strong> outpatients. <\/span>Total number of hospital beds is over <strong>2 000<\/strong>.<\/p>\n<p class=\"rtejustify\">The hospital is the base for training of students of Riga Stradi\u0146\u0161 University and University of Latvia. Training of future nurses is carried out as well. Theoretical and practical knowledge is obtained by residents and candidates for doctor\u2019s degree of different specializations. Doctors and medium-level medical workers are trained at the work place in the hospital to master medical treatment and diagnostics methods, etc. Scientific research work is carried out in all in-patient departments.<\/p>\n<p>[\/vc_column_text][\/vc_column][\/vc_row][vc_row][vc_column]\n\n        \n    \n        <div class=\"as-services-grid is-inline\">\n            <div class=\"born-container is-narrow\">\n                            <\/div>\n            <div class=\"born-container is-wide\">\n                <div class=\"grid\">\n\n                    \n                        <a href=\"https:\/\/aslimnica.lv\/en\/par-mums\/hospital-management\/\" target=\"\" rel=\"\" class=\"item has-desc\">\n\n                            <span class=\"heading\"><span>Hospital Management<\/span><\/span>\n\n                            \n                        <\/a>\n\n                    \n\n                <\/div>\n            <\/div>\n        <\/div>\n\n    \n[\/vc_column][\/vc_row][vc_row][vc_column]\n\n<div class=\"as-gallery is-masonry\">\n    <div class=\"born-container is-narrow\">\n        \n        \n        <div class=\"thumbs-list\">\n\n            \n                <a rel=\"gallery-828\" href=\"https:\/\/aslimnica.lv\/wp-content\/uploads\/2021\/02\/Operbloks_2-1024x683.jpg\" class=\"thumb\">\n                    <img decoding=\"async\" src=\"https:\/\/aslimnica.lv\/wp-content\/uploads\/2021\/02\/Operbloks_2-700x400.jpg\" alt=\"\" title=\"\">\n                                                                                <\/a>\n\n                \n            \n                <a rel=\"gallery-828\" href=\"https:\/\/aslimnica.lv\/wp-content\/uploads\/2021\/02\/Operbloks_3-1024x682.jpg\" class=\"thumb\">\n                    <img decoding=\"async\" src=\"https:\/\/aslimnica.lv\/wp-content\/uploads\/2021\/02\/Operbloks_3-700x400.jpg\" alt=\"\" title=\"\">\n                                                                                <\/a>\n\n                \n            \n                <a rel=\"gallery-828\" href=\"https:\/\/aslimnica.lv\/wp-content\/uploads\/2021\/01\/DSC8795-1024x683.jpg\" class=\"thumb\">\n                    <img decoding=\"async\" src=\"https:\/\/aslimnica.lv\/wp-content\/uploads\/2021\/01\/DSC8795-700x400.jpg\" alt=\"\" title=\"\">\n                                                                                <\/a>\n\n                \n            \n                <a rel=\"gallery-828\" href=\"https:\/\/aslimnica.lv\/wp-content\/uploads\/2021\/03\/MV_03137-1024x576.jpg\" class=\"thumb\">\n                    <img decoding=\"async\" src=\"https:\/\/aslimnica.lv\/wp-content\/uploads\/2021\/03\/MV_03137-700x400.jpg\" alt=\"\" title=\"\">\n                                             <span class=\"more-overlay\">+4<\/span>                                    <\/a>\n\n                \n        <\/div>\n\n        \n        <div class=\"thumb-list-hidden\">\n\n            \n                \n                \n                \n                \n                \n                <a rel=\"gallery-828\" href=\"https:\/\/aslimnica.lv\/wp-content\/uploads\/2021\/01\/f64_Gailezers_poliklin_20180201_037-1-1024x683.jpg\" class=\"thumb\">\n                    <img decoding=\"async\" src=\"https:\/\/aslimnica.lv\/wp-content\/uploads\/2021\/01\/f64_Gailezers_poliklin_20180201_037-1-700x400.jpg\" alt=\"01.02.2018. Ar svin\u012bgu pas\u0101kumu tika atkl\u0101ta R\u012bgas Austrumu kl\u012bnisk\u0101s universit\u0101tes slimn\u012bcas stacion\u0101ra \"Gai\u013cezers\" jaun\u0101 un modern\u0101 daudzprofilu polikl\u012bnika.\" title=\"01.02.2018. Ar svin\u012bgu pas\u0101kumu tika atkl\u0101ta R\u012bgas Austrumu kl\u012bnisk\u0101s universit\u0101tes slimn\u012bcas stacion\u0101ra \"Gai\u013cezers\" jaun\u0101 un modern\u0101 daudzprofilu polikl\u012bnika.\">\n                                                                                <\/a>\n\n            \n                \n                <a rel=\"gallery-828\" href=\"https:\/\/aslimnica.lv\/wp-content\/uploads\/2021\/02\/MV_01554-1024x576.jpg\" class=\"thumb\">\n                    <img decoding=\"async\" src=\"https:\/\/aslimnica.lv\/wp-content\/uploads\/2021\/02\/MV_01554-700x400.jpg\" alt=\"\" title=\"\">\n                                                                                <\/a>\n\n            \n                \n                <a rel=\"gallery-828\" href=\"https:\/\/aslimnica.lv\/wp-content\/uploads\/2021\/02\/MV_01467-1024x576.jpg\" class=\"thumb\">\n                    <img decoding=\"async\" src=\"https:\/\/aslimnica.lv\/wp-content\/uploads\/2021\/02\/MV_01467-700x400.jpg\" alt=\"\" title=\"\">\n                                                                                <\/a>\n\n            \n                \n                <a rel=\"gallery-828\" href=\"https:\/\/aslimnica.lv\/wp-content\/uploads\/2021\/02\/MV_01455-1024x640.jpg\" class=\"thumb\">\n                    <img decoding=\"async\" src=\"https:\/\/aslimnica.lv\/wp-content\/uploads\/2021\/02\/MV_01455-700x400.jpg\" alt=\"\" title=\"\">\n                                                                                <\/a>\n\n            \n                \n                <a rel=\"gallery-828\" href=\"https:\/\/aslimnica.lv\/wp-content\/uploads\/2021\/02\/Operbloks_1-1024x678.jpg\" class=\"thumb\">\n                    <img decoding=\"async\" src=\"https:\/\/aslimnica.lv\/wp-content\/uploads\/2021\/02\/Operbloks_1-700x400.jpg\" alt=\"\" title=\"\">\n                                                                                <\/a>\n\n            \n                \n                <a rel=\"gallery-828\" href=\"https:\/\/aslimnica.lv\/wp-content\/uploads\/2021\/02\/3V1A3607-1024x668.jpg\" class=\"thumb\">\n                    <img decoding=\"async\" src=\"https:\/\/aslimnica.lv\/wp-content\/uploads\/2021\/02\/3V1A3607-700x400.jpg\" alt=\"\" title=\"\">\n                                                                                <\/a>\n\n            \n                \n                <a rel=\"gallery-828\" href=\"https:\/\/aslimnica.lv\/wp-content\/uploads\/2021\/01\/MV_04373-1024x723.jpg\" class=\"thumb\">\n                    <img decoding=\"async\" src=\"https:\/\/aslimnica.lv\/wp-content\/uploads\/2021\/01\/MV_04373-700x400.jpg\" alt=\"\" title=\"\">\n                                                                                <\/a>\n\n            \n                \n                <a rel=\"gallery-828\" href=\"https:\/\/aslimnica.lv\/wp-content\/uploads\/2021\/01\/DSC_0120-1024x681.jpg\" class=\"thumb\">\n                    <img decoding=\"async\" src=\"https:\/\/aslimnica.lv\/wp-content\/uploads\/2021\/01\/DSC_0120-700x400.jpg\" alt=\"\" title=\"\">\n                                                                                <\/a>\n\n            \n                \n                <a rel=\"gallery-828\" href=\"https:\/\/aslimnica.lv\/wp-content\/uploads\/2021\/01\/IMG_7358-1024x669.jpg\" class=\"thumb\">\n                    <img decoding=\"async\" src=\"https:\/\/aslimnica.lv\/wp-content\/uploads\/2021\/01\/IMG_7358-700x400.jpg\" alt=\"\" title=\"\">\n                                                                                <\/a>\n\n            \n                \n                <a rel=\"gallery-828\" href=\"https:\/\/aslimnica.lv\/wp-content\/uploads\/2021\/01\/IMG_7385-1024x680.jpg\" class=\"thumb\">\n                    <img decoding=\"async\" src=\"https:\/\/aslimnica.lv\/wp-content\/uploads\/2021\/01\/IMG_7385-700x400.jpg\" alt=\"\" title=\"\">\n                                                                                <\/a>\n\n            \n                \n                <a rel=\"gallery-828\" href=\"https:\/\/aslimnica.lv\/wp-content\/uploads\/2021\/01\/DSC_5360-1024x645.jpg\" class=\"thumb\">\n                    <img decoding=\"async\" src=\"https:\/\/aslimnica.lv\/wp-content\/uploads\/2021\/01\/DSC_5360-700x400.jpg\" alt=\"\" title=\"\">\n                                                                                <\/a>\n\n            \n                \n                <a rel=\"gallery-828\" href=\"https:\/\/aslimnica.lv\/wp-content\/uploads\/2021\/04\/MV_01065-1024x576.jpg\" class=\"thumb\">\n                    <img decoding=\"async\" src=\"https:\/\/aslimnica.lv\/wp-content\/uploads\/2021\/04\/MV_01065-700x400.jpg\" alt=\"\" title=\"\">\n                                                                                <\/a>\n\n            \n                \n                <a rel=\"gallery-828\" href=\"https:\/\/aslimnica.lv\/wp-content\/uploads\/2021\/01\/DSC_3708-697x1024.jpg\" class=\"thumb\">\n                    <img decoding=\"async\" src=\"https:\/\/aslimnica.lv\/wp-content\/uploads\/2021\/01\/DSC_3708-700x400.jpg\" alt=\"\" title=\"\">\n                                                                                <\/a>\n\n            \n                \n                <a rel=\"gallery-828\" href=\"https:\/\/aslimnica.lv\/wp-content\/uploads\/2021\/04\/MV_01195-1024x646.jpg\" class=\"thumb\">\n                    <img decoding=\"async\" src=\"https:\/\/aslimnica.lv\/wp-content\/uploads\/2021\/04\/MV_01195-700x400.jpg\" alt=\"\" title=\"\">\n                                                                                <\/a>\n\n            \n                \n                <a rel=\"gallery-828\" href=\"https:\/\/aslimnica.lv\/wp-content\/uploads\/2021\/01\/MV_07195-1024x576.jpg\" class=\"thumb\">\n                    <img decoding=\"async\" src=\"https:\/\/aslimnica.lv\/wp-content\/uploads\/2021\/01\/MV_07195-700x400.jpg\" alt=\"\" title=\"\">\n                                                                                <\/a>\n\n            \n                \n                <a rel=\"gallery-828\" href=\"https:\/\/aslimnica.lv\/wp-content\/uploads\/2021\/01\/MV_02461-1024x683.jpg\" class=\"thumb\">\n                    <img decoding=\"async\" src=\"https:\/\/aslimnica.lv\/wp-content\/uploads\/2021\/01\/MV_02461-700x400.jpg\" alt=\"\" title=\"\">\n                                                                                <\/a>\n\n            \n                \n                <a rel=\"gallery-828\" href=\"https:\/\/aslimnica.lv\/wp-content\/uploads\/2021\/01\/MV_02756-577x1024.jpg\" class=\"thumb\">\n                    <img decoding=\"async\" src=\"https:\/\/aslimnica.lv\/wp-content\/uploads\/2021\/01\/MV_02756-700x400.jpg\" alt=\"\" title=\"\">\n                                                                                <\/a>\n\n            \n                \n                <a rel=\"gallery-828\" href=\"https:\/\/aslimnica.lv\/wp-content\/uploads\/2021\/01\/DSC7188-1024x683.jpg\" class=\"thumb\">\n                    <img decoding=\"async\" src=\"https:\/\/aslimnica.lv\/wp-content\/uploads\/2021\/01\/DSC7188-700x400.jpg\" alt=\"\" title=\"\">\n                                                                                <\/a>\n\n            \n                \n                <a rel=\"gallery-828\" href=\"https:\/\/aslimnica.lv\/wp-content\/uploads\/2021\/04\/MV_01128-1024x665.jpg\" class=\"thumb\">\n                    <img decoding=\"async\" src=\"https:\/\/aslimnica.lv\/wp-content\/uploads\/2021\/04\/MV_01128-700x400.jpg\" alt=\"\" title=\"\">\n                                                                                <\/a>\n\n            \n                \n                <a rel=\"gallery-828\" href=\"https:\/\/aslimnica.lv\/wp-content\/uploads\/2021\/04\/MV_03653-1024x576.jpg\" class=\"thumb\">\n                    <img decoding=\"async\" src=\"https:\/\/aslimnica.lv\/wp-content\/uploads\/2021\/04\/MV_03653-700x400.jpg\" alt=\"\" title=\"\">\n                                                                                <\/a>\n\n            \n                \n                <a rel=\"gallery-828\" href=\"https:\/\/aslimnica.lv\/wp-content\/uploads\/2021\/01\/DSC8701-1024x683.jpg\" class=\"thumb\">\n                    <img decoding=\"async\" src=\"https:\/\/aslimnica.lv\/wp-content\/uploads\/2021\/01\/DSC8701-700x400.jpg\" alt=\"\" title=\"\">\n                                                                                <\/a>\n\n            \n                \n                <a rel=\"gallery-828\" href=\"https:\/\/aslimnica.lv\/wp-content\/uploads\/2021\/01\/MV_08401-1024x577.jpg\" class=\"thumb\">\n                    <img decoding=\"async\" src=\"https:\/\/aslimnica.lv\/wp-content\/uploads\/2021\/01\/MV_08401-700x400.jpg\" alt=\"\" title=\"\">\n                                                                                <\/a>\n\n            \n                \n                <a rel=\"gallery-828\" href=\"https:\/\/aslimnica.lv\/wp-content\/uploads\/2021\/01\/DSC_7289-1024x682.jpg\" class=\"thumb\">\n                    <img decoding=\"async\" src=\"https:\/\/aslimnica.lv\/wp-content\/uploads\/2021\/01\/DSC_7289-700x400.jpg\" alt=\"\" title=\"\">\n                                                                                <\/a>\n\n            \n                \n                <a rel=\"gallery-828\" href=\"https:\/\/aslimnica.lv\/wp-content\/uploads\/2021\/01\/MV_04276-1024x674.jpg\" class=\"thumb\">\n                    <img decoding=\"async\" src=\"https:\/\/aslimnica.lv\/wp-content\/uploads\/2021\/01\/MV_04276-700x400.jpg\" alt=\"\" title=\"\">\n                                                                                <\/a>\n\n            \n                \n                <a rel=\"gallery-828\" href=\"https:\/\/aslimnica.lv\/wp-content\/uploads\/2020\/12\/MV_05175-1024x577.jpg\" class=\"thumb\">\n                    <img decoding=\"async\" src=\"https:\/\/aslimnica.lv\/wp-content\/uploads\/2020\/12\/MV_05175-700x400.jpg\" alt=\"\" title=\"\">\n                                                                                <\/a>\n\n            \n                \n                <a rel=\"gallery-828\" href=\"https:\/\/aslimnica.lv\/wp-content\/uploads\/2020\/12\/MV_07103-1024x625.jpg\" class=\"thumb\">\n                    <img decoding=\"async\" src=\"https:\/\/aslimnica.lv\/wp-content\/uploads\/2020\/12\/MV_07103-700x400.jpg\" alt=\"\" title=\"\">\n                                                                                <\/a>\n\n            \n                \n                <a rel=\"gallery-828\" href=\"https:\/\/aslimnica.lv\/wp-content\/uploads\/2020\/12\/MV_02655-1024x576.jpg\" class=\"thumb\">\n                    <img decoding=\"async\" src=\"https:\/\/aslimnica.lv\/wp-content\/uploads\/2020\/12\/MV_02655-700x400.jpg\" alt=\"\" title=\"\">\n                                                                                <\/a>\n\n            \n        <\/div>\n\n        \n    <\/div>\n<\/div>\n\n[\/vc_column][\/vc_row][vc_row][vc_column][vc_column_text]<\/p>\n<h3>Our values:<\/h3>\n<p><strong>COOPERATION<\/strong> &#8211; we build long-term cooperation with our customers and patients, society and employees. We care about people&#8217;s well-being. We are constantly improving our services to make them modern and convenient. Cooperation is based on mutual trust, keeping promises and openness to each other. We create simple, convenient and understandable communication for all people. When offering our services, we think as a customer and a patient.<\/p>\n<p><strong>PROFESSIONALISM<\/strong> &#8211; we are experts in our fields, we are constantly developing our competence and sharing our knowledge. Each of us is important in achieving an overall result. We take responsibility for our decisions and the implementation of our goals. Leadership in leadership and wisdom is the guarantor of our excellence.<\/p>\n<p><strong>OPENNESS<\/strong> &#8211; we are open to people&#8217;s interests. The decisions and processes we make are transparent and understandable. We are dynamically changing and adapting our activities to people&#8217;s needs. We solve problems and explain them to the public. The strategic goal of the hospital is to maintain, improve and restore the health of the population by providing high-quality, efficient and accessible wide-range tertiary, emergency and planned health care services, implementing the principle of cooperation territories in Pieriga and Riga, while providing clinical base for medical education and knowledge transfer. regions, as well as promoting the development of science and research.[\/vc_column_text][\/vc_column][\/vc_row]<\/p>\n<\/div>","protected":false},"excerpt":{"rendered":"<p>[vc_row][vc_column][vc_column_text] RIGA EAST UNIVERSITY HOSPITAL is a multi-field medical treatment institution in Latvia that provides extensive diagnostics and treatment to patients, as well as carries out scientific research work and develops innovations, ensures training of young specialists and organizes activities for public education and health improvement. In separate clinics of the hospital, in-patient assistance is<\/p>\n","protected":false},"author":49,"featured_media":0,"parent":0,"menu_order":0,"comment_status":"closed","ping_status":"closed","template":"","meta":{"_acf_changed":false,"inline_featured_image":false,"footnotes":""},"class_list":["post-22388","page","type-page","status-publish","hentry"],"acf":[],"yoast_head":"<!-- This site is optimized with the Yoast SEO plugin v27.1.1 - https:\/\/yoast.com\/product\/yoast-seo-wordpress\/ -->\n<title>About - aSlimn\u012bca<\/title>\n<meta name=\"robots\" content=\"index, follow, max-snippet:-1, max-image-preview:large, max-video-preview:-1\" \/>\n<link rel=\"canonical\" href=\"https:\/\/aslimnica.lv\/en\/par-mums\/\" \/>\n<meta property=\"og:locale\" content=\"en_US\" \/>\n<meta property=\"og:type\" content=\"article\" \/>\n<meta property=\"og:title\" content=\"About - aSlimn\u012bca\" \/>\n<meta property=\"og:description\" content=\"[vc_row][vc_column][vc_column_text] RIGA EAST UNIVERSITY HOSPITAL is a multi-field medical treatment institution in Latvia that provides extensive diagnostics and treatment to patients, as well as carries out scientific research work and develops innovations, ensures training of young specialists and organizes activities for public education and health improvement. In separate clinics of the hospital, in-patient assistance is\" \/>\n<meta property=\"og:url\" content=\"https:\/\/aslimnica.lv\/en\/par-mums\/\" \/>\n<meta property=\"og:site_name\" content=\"aSlimn\u012bca\" \/>\n<meta property=\"article:modified_time\" content=\"2026-01-07T06:05:13+00:00\" \/>\n<meta name=\"twitter:card\" content=\"summary_large_image\" \/>\n<meta name=\"twitter:label1\" content=\"Est. reading time\" \/>\n\t<meta name=\"twitter:data1\" content=\"9 minutes\" \/>\n<script type=\"application\/ld+json\" class=\"yoast-schema-graph\">{\"@context\":\"https:\/\/schema.org\",\"@graph\":[{\"@type\":\"WebPage\",\"@id\":\"https:\/\/aslimnica.lv\/en\/par-mums\/\",\"url\":\"https:\/\/aslimnica.lv\/en\/par-mums\/\",\"name\":\"About - aSlimn\u012bca\",\"isPartOf\":{\"@id\":\"https:\/\/aslimnica.lv\/en\/#website\"},\"datePublished\":\"2020-11-09T09:24:54+00:00\",\"dateModified\":\"2026-01-07T06:05:13+00:00\",\"breadcrumb\":{\"@id\":\"https:\/\/aslimnica.lv\/en\/par-mums\/#breadcrumb\"},\"inLanguage\":\"en-US\",\"potentialAction\":[{\"@type\":\"ReadAction\",\"target\":[\"https:\/\/aslimnica.lv\/en\/par-mums\/\"]}]},{\"@type\":\"BreadcrumbList\",\"@id\":\"https:\/\/aslimnica.lv\/en\/par-mums\/#breadcrumb\",\"itemListElement\":[{\"@type\":\"ListItem\",\"position\":1,\"name\":\"Home\",\"item\":\"https:\/\/aslimnica.lv\/en\/\"},{\"@type\":\"ListItem\",\"position\":2,\"name\":\"About\"}]},{\"@type\":\"WebSite\",\"@id\":\"https:\/\/aslimnica.lv\/en\/#website\",\"url\":\"https:\/\/aslimnica.lv\/en\/\",\"name\":\"aSlimn\u012bca\",\"description\":\"R\u012bgas Austrumu k\u012bnisk\u0101 universit\u0101tes slimn\u012bca\",\"potentialAction\":[{\"@type\":\"SearchAction\",\"target\":{\"@type\":\"EntryPoint\",\"urlTemplate\":\"https:\/\/aslimnica.lv\/en\/?s={search_term_string}\"},\"query-input\":{\"@type\":\"PropertyValueSpecification\",\"valueRequired\":true,\"valueName\":\"search_term_string\"}}],\"inLanguage\":\"en-US\"}]}<\/script>\n<!-- \/ Yoast SEO plugin. -->","yoast_head_json":{"title":"About - aSlimn\u012bca","robots":{"index":"index","follow":"follow","max-snippet":"max-snippet:-1","max-image-preview":"max-image-preview:large","max-video-preview":"max-video-preview:-1"},"canonical":"https:\/\/aslimnica.lv\/en\/par-mums\/","og_locale":"en_US","og_type":"article","og_title":"About - aSlimn\u012bca","og_description":"[vc_row][vc_column][vc_column_text] RIGA EAST UNIVERSITY HOSPITAL is a multi-field medical treatment institution in Latvia that provides extensive diagnostics and treatment to patients, as well as carries out scientific research work and develops innovations, ensures training of young specialists and organizes activities for public education and health improvement. In separate clinics of the hospital, in-patient assistance is","og_url":"https:\/\/aslimnica.lv\/en\/par-mums\/","og_site_name":"aSlimn\u012bca","article_modified_time":"2026-01-07T06:05:13+00:00","twitter_card":"summary_large_image","twitter_misc":{"Est. reading time":"9 minutes"},"schema":{"@context":"https:\/\/schema.org","@graph":[{"@type":"WebPage","@id":"https:\/\/aslimnica.lv\/en\/par-mums\/","url":"https:\/\/aslimnica.lv\/en\/par-mums\/","name":"About - aSlimn\u012bca","isPartOf":{"@id":"https:\/\/aslimnica.lv\/en\/#website"},"datePublished":"2020-11-09T09:24:54+00:00","dateModified":"2026-01-07T06:05:13+00:00","breadcrumb":{"@id":"https:\/\/aslimnica.lv\/en\/par-mums\/#breadcrumb"},"inLanguage":"en-US","potentialAction":[{"@type":"ReadAction","target":["https:\/\/aslimnica.lv\/en\/par-mums\/"]}]},{"@type":"BreadcrumbList","@id":"https:\/\/aslimnica.lv\/en\/par-mums\/#breadcrumb","itemListElement":[{"@type":"ListItem","position":1,"name":"Home","item":"https:\/\/aslimnica.lv\/en\/"},{"@type":"ListItem","position":2,"name":"About"}]},{"@type":"WebSite","@id":"https:\/\/aslimnica.lv\/en\/#website","url":"https:\/\/aslimnica.lv\/en\/","name":"aSlimn\u012bca","description":"R\u012bgas Austrumu k\u012bnisk\u0101 universit\u0101tes slimn\u012bca","potentialAction":[{"@type":"SearchAction","target":{"@type":"EntryPoint","urlTemplate":"https:\/\/aslimnica.lv\/en\/?s={search_term_string}"},"query-input":{"@type":"PropertyValueSpecification","valueRequired":true,"valueName":"search_term_string"}}],"inLanguage":"en-US"}]}},"_links":{"self":[{"href":"https:\/\/aslimnica.lv\/en\/wp-json\/wp\/v2\/pages\/22388","targetHints":{"allow":["GET"]}}],"collection":[{"href":"https:\/\/aslimnica.lv\/en\/wp-json\/wp\/v2\/pages"}],"about":[{"href":"https:\/\/aslimnica.lv\/en\/wp-json\/wp\/v2\/types\/page"}],"author":[{"embeddable":true,"href":"https:\/\/aslimnica.lv\/en\/wp-json\/wp\/v2\/users\/49"}],"replies":[{"embeddable":true,"href":"https:\/\/aslimnica.lv\/en\/wp-json\/wp\/v2\/comments?post=22388"}],"version-history":[{"count":17,"href":"https:\/\/aslimnica.lv\/en\/wp-json\/wp\/v2\/pages\/22388\/revisions"}],"predecessor-version":[{"id":80155,"href":"https:\/\/aslimnica.lv\/en\/wp-json\/wp\/v2\/pages\/22388\/revisions\/80155"}],"wp:attachment":[{"href":"https:\/\/aslimnica.lv\/en\/wp-json\/wp\/v2\/media?parent=22388"}],"curies":[{"name":"wp","href":"https:\/\/api.w.org\/{rel}","templated":true}]}}